{"id":146,"date":"2023-04-03T18:23:20","date_gmt":"2023-04-03T16:23:20","guid":{"rendered":"https:\/\/conshannover.esteri.it\/chi-siamo\/"},"modified":"2024-01-19T13:15:03","modified_gmt":"2024-01-19T11:15:03","slug":"chi-siamo","status":"publish","type":"page","link":"https:\/\/conshannover.esteri.it\/de\/chi-siamo\/","title":{"rendered":"\u00dcber uns"},"content":{"rendered":"<p>Das italienische Generalkonsulat in Hannover ist f\u00fcr folgende L\u00e4nder zust\u00e4ndig:<\/p>\n<p><strong><em>Niedersachsen<\/em><\/strong><br \/>\n<strong><em>Hamburg<\/em><\/strong><br \/>\n<strong><em>Schleswig-Holstein<\/em><\/strong><br \/>\n<strong><em>Bremen<br \/>\nMecklenburg-Vorpommern<\/em><\/strong><\/p>\n<p>&nbsp;<\/p>\n<p>Die Konsular Abteilungen sind zu den folgenden Zeiten f\u00fcr die \u00d6ffentlichkeit zug\u00e4nglich:<\/p>\n<div>\n<div class=\"responsive\">\n<table class=\"table table-bordered table-sm export-table\">\n<tbody>\n<tr class=\"thead-light\">\n<td width=\"208\"><\/td>\n<td style=\"text-align: center;\" width=\"208\"><strong>Morgens<\/strong><\/td>\n<td style=\"text-align: center;\" width=\"208\"><strong>Nachmittags<\/strong><\/td>\n<\/tr>\n<tr>\n<td style=\"text-align: center;\" width=\"208\"><strong>Montag<\/strong><\/td>\n<td style=\"text-align: center;\" width=\"208\">GESCHLOSSEN<\/td>\n<td style=\"text-align: center;\" width=\"208\">15:00 \u2013 17:00<\/td>\n<\/tr>\n<tr>\n<td style=\"text-align: center;\" width=\"208\"><strong>Dienstag<\/strong><\/td>\n<td style=\"text-align: center;\" width=\"208\">9:00 \u2013 12:00<\/td>\n<td style=\"text-align: center;\" width=\"208\">GESCHLOSSEN<\/td>\n<\/tr>\n<tr>\n<td style=\"text-align: center;\" width=\"208\"><strong>Mittwoch<\/strong><\/td>\n<td style=\"text-align: center;\" width=\"208\">9:00 \u2013 13:00<\/td>\n<td style=\"text-align: center;\" width=\"208\">15:00 \u2013 17:00<\/td>\n<\/tr>\n<tr>\n<td style=\"text-align: center;\" width=\"208\"><strong>Donnerstag<\/strong><\/td>\n<td style=\"text-align: center;\" width=\"208\">9:00 \u2013 12:00<\/td>\n<td style=\"text-align: center;\" width=\"208\">GESCHLOSSEN<\/td>\n<\/tr>\n<tr>\n<td style=\"text-align: center;\" width=\"208\"><strong>Freitag<\/strong><\/td>\n<td style=\"text-align: center;\" width=\"208\">9:00 \u2013 12:00<\/td>\n<td style=\"text-align: center;\" width=\"208\">GESCHLOSSEN<\/td>\n<\/tr>\n<\/tbody>\n<\/table>\n<\/div>\n<\/div>\n<p>&nbsp;<\/p>\n<p>F\u00fcr weitere Informationen besuchen Sie bitte die entsprechenden Seiten:<\/p>\n<ul>\n<li data-order=\"0\"><a class=\"list-item\" title=\"Der Generalkonsul\" href=\"https:\/\/conshannover.esteri.it\/de\/chi-siamo\/il-console-generale\/\">Der Generalkonsul<\/a><\/li>\n<li data-order=\"2\"><a class=\"list-item\" title=\"Hauptquartier\" href=\"https:\/\/conshannover.esteri.it\/de\/chi-siamo\/la-sede\/\">Hauptquartier<\/a><\/li>\n<li data-order=\"6\"><a class=\"list-item\" title=\"Unsere Abteilungen\" href=\"https:\/\/conshannover.esteri.it\/de\/chi-siamo\/gli-uffici\/\">Unsere Abteilungen<\/a><\/li>\n<li data-order=\"8\"><a class=\"list-item\" title=\"Kontakte\" href=\"https:\/\/conshannover.esteri.it\/de\/chi-siamo\/contatti\/\">Kontakte<\/a><\/li>\n<li data-order=\"10\"><a class=\"list-item\" title=\"Notfallnummer\" href=\"https:\/\/conshannover.esteri.it\/de\/chi-siamo\/numeri-di-emergenza\/\">Notfallnummer<\/a><\/li>\n<li data-order=\"12\"><a class=\"list-item\" title=\"Konsulate in Deutschland\" href=\"https:\/\/conshannover.esteri.it\/de\/chi-siamo\/la-rete-consolare\/\">Konsulate in Deutschland<\/a><\/li>\n<\/ul>\n","protected":false},"excerpt":{"rendered":"Das italienische Generalkonsulat in Hannover ist f\u00fcr folgende L\u00e4nder zust\u00e4ndig: Niedersachsen Hamburg Schleswig-Holstein Bremen Mecklenburg-Vorpommern &nbsp; Die Konsular Abteilungen sind zu den folgenden Zeiten f\u00fcr die \u00d6ffentlichkeit zug\u00e4nglich: Morgens Nachmittags Montag GESCHLOSSEN 15:00 \u2013 17:00 Dienstag 9:00 \u2013 12:00 GESCHLOSSEN Mittwoch 9:00 \u2013 13:00 15:00 \u2013 17:00 Donnerstag 9:00 \u2013 12:00 GESCHLOSSEN Freitag 9:00 \u2013 [&hellip;]","protected":false},"author":1,"featured_media":0,"parent":0,"menu_order":2,"comment_status":"closed","ping_status":"closed","template":"","meta":{"footnotes":""},"class_list":["post-146","page","type-page","status-publish","hentry"],"_links":{"self":[{"href":"https:\/\/conshannover.esteri.it\/de\/wp-json\/wp\/v2\/pages\/146","targetHints":{"allow":["GET"]}}],"collection":[{"href":"https:\/\/conshannover.esteri.it\/de\/wp-json\/wp\/v2\/pages"}],"about":[{"href":"https:\/\/conshannover.esteri.it\/de\/wp-json\/wp\/v2\/types\/page"}],"author":[{"embeddable":true,"href":"https:\/\/conshannover.esteri.it\/de\/wp-json\/wp\/v2\/users\/1"}],"replies":[{"embeddable":true,"href":"https:\/\/conshannover.esteri.it\/de\/wp-json\/wp\/v2\/comments?post=146"}],"version-history":[{"count":7,"href":"https:\/\/conshannover.esteri.it\/de\/wp-json\/wp\/v2\/pages\/146\/revisions"}],"predecessor-version":[{"id":2666,"href":"https:\/\/conshannover.esteri.it\/de\/wp-json\/wp\/v2\/pages\/146\/revisions\/2666"}],"wp:attachment":[{"href":"https:\/\/conshannover.esteri.it\/de\/wp-json\/wp\/v2\/media?parent=146"}],"curies":[{"name":"wp","href":"https:\/\/api.w.org\/{rel}","templated":true}]}}