{"id":158,"date":"2023-04-03T19:15:59","date_gmt":"2023-04-03T17:15:59","guid":{"rendered":"https:\/\/conshannover.esteri.it\/chi-siamo\/contatti\/"},"modified":"2025-10-14T11:47:48","modified_gmt":"2025-10-14T09:47:48","slug":"contatti","status":"publish","type":"page","link":"https:\/\/conshannover.esteri.it\/de\/chi-siamo\/contatti\/","title":{"rendered":"Kontakte"},"content":{"rendered":"<h1>Bevor Sie uns kontaktieren<\/h1>\n<h1>Gehen Sie zum Abschnitt <a href=\"https:\/\/conshannover.esteri.it\/de\/servizi-consolari-e-visti\/\">Konsularische Dienste<\/a> und w\u00e4hlen Sie den gew\u00fcnschten Dienst aus der Auswahlliste auf der rechten Seite.<\/h1>\n<h1>Dort finden Sie alle Informationen und Hinweise auf die zur Erbringung einzelner Dienstleistungen ben\u00f6tigten Unterlagen.<\/h1>\n<h1>F\u00fcr Fragen, auf die Sie auf der Webseite keine Antwort finden, k\u00f6nnen Sie die E-Mail-Adresse der jeweils zust\u00e4ndigen Abteilung verwenden.<\/h1>\n<h1>\nDie E-Mail-Adressen finden Sie im Abschnitt: <a href=\"https:\/\/conshannover.esteri.it\/de\/chi-siamo\/gli-uffici\/\">Unsere Abteilungen<\/a><\/h1>\n<h1>\nTelefonkontakt<\/h1>\n<h1>Falls Sie uns telefonisch erreichen m\u00f6chten,\u00a0 w\u00e4hlen Sie die Zentrale unter folgender Nummer:<\/h1>\n<h1>+49-511-2837-90<\/h1>\n<h1>Die Telefonzentrale ist zu folgenden Zeiten erreichbar:<\/p>\n<p>Montags und Mittwochs: 9:00 \u2013 13:00 Uhr und 15:00-17:00 Uhr<\/h1>\n<h1>Dienstags, Donnerstags und Freitags: 09:00 \u2013 13:00 Uhr<\/h1>\n","protected":false},"excerpt":{"rendered":"Bevor Sie uns kontaktieren Gehen Sie zum Abschnitt Konsularische Dienste und w\u00e4hlen Sie den gew\u00fcnschten Dienst aus der Auswahlliste auf der rechten Seite. Dort finden Sie alle Informationen und Hinweise auf die zur Erbringung einzelner Dienstleistungen ben\u00f6tigten Unterlagen. F\u00fcr Fragen, auf die Sie auf der Webseite keine Antwort finden, k\u00f6nnen Sie die E-Mail-Adresse der jeweils [&hellip;]","protected":false},"author":1,"featured_media":0,"parent":146,"menu_order":8,"comment_status":"closed","ping_status":"closed","template":"","meta":{"footnotes":""},"class_list":["post-158","page","type-page","status-publish","hentry"],"_links":{"self":[{"href":"https:\/\/conshannover.esteri.it\/de\/wp-json\/wp\/v2\/pages\/158","targetHints":{"allow":["GET"]}}],"collection":[{"href":"https:\/\/conshannover.esteri.it\/de\/wp-json\/wp\/v2\/pages"}],"about":[{"href":"https:\/\/conshannover.esteri.it\/de\/wp-json\/wp\/v2\/types\/page"}],"author":[{"embeddable":true,"href":"https:\/\/conshannover.esteri.it\/de\/wp-json\/wp\/v2\/users\/1"}],"replies":[{"embeddable":true,"href":"https:\/\/conshannover.esteri.it\/de\/wp-json\/wp\/v2\/comments?post=158"}],"version-history":[{"count":8,"href":"https:\/\/conshannover.esteri.it\/de\/wp-json\/wp\/v2\/pages\/158\/revisions"}],"predecessor-version":[{"id":5744,"href":"https:\/\/conshannover.esteri.it\/de\/wp-json\/wp\/v2\/pages\/158\/revisions\/5744"}],"up":[{"embeddable":true,"href":"https:\/\/conshannover.esteri.it\/de\/wp-json\/wp\/v2\/pages\/146"}],"wp:attachment":[{"href":"https:\/\/conshannover.esteri.it\/de\/wp-json\/wp\/v2\/media?parent=158"}],"curies":[{"name":"wp","href":"https:\/\/api.w.org\/{rel}","templated":true}]}}