{"id":159,"date":"2023-04-03T19:16:15","date_gmt":"2023-04-03T17:16:15","guid":{"rendered":"https:\/\/conshannover.esteri.it\/chi-siamo\/numeri-di-emergenza\/"},"modified":"2025-06-06T11:18:43","modified_gmt":"2025-06-06T09:18:43","slug":"numeri-di-emergenza","status":"publish","type":"page","link":"https:\/\/conshannover.esteri.it\/de\/chi-siamo\/numeri-di-emergenza\/","title":{"rendered":"Notfallnummer"},"content":{"rendered":"<p>Der Bereitschaftsdienst f\u00fcr den <a href=\"https:\/\/conshannover.esteri.it\/de\/chi-siamo\/la-rete-consolare\/\">Konsularbezirk Hannover<\/a> ist ausschlie\u00dflich<strong> F\u00dcR ITALIENISCHE STAATSB\u00dcRGER UND NUR F\u00dcR ERNSTE UND NACHGEWIESENE NOTF\u00c4LLE BESTIMMT<\/strong><\/p>\n<p>Der Bereischaftsdienst ist erreichbar unter<\/p>\n<h3 style=\"text-align: center;\"><img loading=\"lazy\" decoding=\"async\" class=\"size-full wp-image-5235 img-fluid aligncenter\" src=\"https:\/\/conshannover.esteri.it\/wp-content\/uploads\/2025\/06\/Screenshot_6-6-2025_11916_conshannover.esteri.it_.jpeg\" alt=\"\" width=\"275\" height=\"61\" \/><\/h3>\n<p>&nbsp;<\/p>\n<p><u>Anfragen zu normalen konsularischen Verfahren (P\u00e4sse, Personalausweise, Personenstand, AIRE usw.) werden NICHT ber\u00fccksichtigt<\/u><\/p>\n<p>Die Notdienste sind in allen EU-L\u00e4ndern unter der Nummer <strong>112<\/strong> zu erreichen.<\/p>\n<p><strong>Bereitschaftsdienst ist zu folgenden Zeiten erreichbar: <\/strong><\/p>\n<table width=\"644\">\n<tbody>\n<tr>\n<td width=\"208\">\n<p style=\"text-align: center;\"><strong>Montag<\/strong><\/p>\n<\/td>\n<td style=\"text-align: center;\" width=\"208\">18.00 \u2013 22.00<\/td>\n<\/tr>\n<tr>\n<td width=\"208\">\n<p style=\"text-align: center;\"><strong>Dienstag<\/strong><\/p>\n<\/td>\n<td width=\"208\">\n<p style=\"text-align: center;\">14.00 \u2013 22.00<\/p>\n<\/td>\n<\/tr>\n<tr>\n<td width=\"208\">\n<p style=\"text-align: center;\"><strong>Mittwoch<\/strong><\/p>\n<\/td>\n<td width=\"208\">\n<p style=\"text-align: center;\">18.00 \u2013 22.00<\/p>\n<\/td>\n<\/tr>\n<tr>\n<td width=\"208\">\n<p style=\"text-align: center;\"><strong>Donnerstag<\/strong><\/p>\n<\/td>\n<td width=\"208\">\n<p style=\"text-align: center;\">14.00 \u2013 22.00<\/p>\n<\/td>\n<\/tr>\n<tr>\n<td width=\"208\">\n<p style=\"text-align: center;\"><strong>Freitag<\/strong><\/p>\n<\/td>\n<td width=\"208\">\n<p style=\"text-align: center;\">14.00 \u2013 22.00<\/p>\n<\/td>\n<\/tr>\n<tr>\n<td style=\"text-align: center;\" width=\"208\"><strong>Samstag, Sonntag und Feiertage<\/strong><\/td>\n<td width=\"208\">\n<p style=\"text-align: center;\">08.00 \u2013 22.00<\/p>\n<\/td>\n<\/tr>\n<\/tbody>\n<\/table>\n<p>&nbsp;<\/p>\n<p>&nbsp;<\/p>\n<ul>\n<li>Bei Notf\u00e4llen in anderen Bundesl\u00e4ndern wenden Sie sich bitte direkt an die entsprechenden italienischen Konsulate. Die Kontaktdaten finden Sie unter nachstehendem Link: <a href=\"https:\/\/ambberlino.esteri.it\/de\/chi-siamo\/la-rete-consolare\/\">ANDERE BUNDESL\u00c4NDER<\/a><\/li>\n<li>Im Falle eines ABSOLUTEN NOTFALLS au\u00dferhalb der \u00d6ffnungszeiten oder des Bereitschaftsdienstes k\u00f6nnen Sie sich an die beiden folgenden Nummern des Ministeriums f\u00fcr ausw\u00e4rtige Angelegenheiten und internationale Zusammenarbeit wenden:\n<ul>\n<li><strong>Beauftragter der Generaldirektion f\u00fcr Auslandsitaliener und Migrationspolitik (entsprechend den Nummern des Beauftragten der DGAI &#8211; Generaldirektion f\u00fcr Verwaltung, Informatik und Kommunikation):<\/strong> 0039-06-36912790 oder 0039-06-36912666<\/li>\n<li><strong>Krisendienst<\/strong>: 0039-06-36225<\/li>\n<\/ul>\n<\/li>\n<\/ul>\n","protected":false},"excerpt":{"rendered":"Der Bereitschaftsdienst f\u00fcr den Konsularbezirk Hannover ist ausschlie\u00dflich F\u00dcR ITALIENISCHE STAATSB\u00dcRGER UND NUR F\u00dcR ERNSTE UND NACHGEWIESENE NOTF\u00c4LLE BESTIMMT Der Bereischaftsdienst ist erreichbar unter &nbsp; Anfragen zu normalen konsularischen Verfahren (P\u00e4sse, Personalausweise, Personenstand, AIRE usw.) werden NICHT ber\u00fccksichtigt Die Notdienste sind in allen EU-L\u00e4ndern unter der Nummer 112 zu erreichen. Bereitschaftsdienst ist zu folgenden Zeiten [&hellip;]","protected":false},"author":1,"featured_media":0,"parent":146,"menu_order":10,"comment_status":"closed","ping_status":"closed","template":"","meta":{"footnotes":""},"class_list":["post-159","page","type-page","status-publish","hentry"],"_links":{"self":[{"href":"https:\/\/conshannover.esteri.it\/de\/wp-json\/wp\/v2\/pages\/159","targetHints":{"allow":["GET"]}}],"collection":[{"href":"https:\/\/conshannover.esteri.it\/de\/wp-json\/wp\/v2\/pages"}],"about":[{"href":"https:\/\/conshannover.esteri.it\/de\/wp-json\/wp\/v2\/types\/page"}],"author":[{"embeddable":true,"href":"https:\/\/conshannover.esteri.it\/de\/wp-json\/wp\/v2\/users\/1"}],"replies":[{"embeddable":true,"href":"https:\/\/conshannover.esteri.it\/de\/wp-json\/wp\/v2\/comments?post=159"}],"version-history":[{"count":7,"href":"https:\/\/conshannover.esteri.it\/de\/wp-json\/wp\/v2\/pages\/159\/revisions"}],"predecessor-version":[{"id":5242,"href":"https:\/\/conshannover.esteri.it\/de\/wp-json\/wp\/v2\/pages\/159\/revisions\/5242"}],"up":[{"embeddable":true,"href":"https:\/\/conshannover.esteri.it\/de\/wp-json\/wp\/v2\/pages\/146"}],"wp:attachment":[{"href":"https:\/\/conshannover.esteri.it\/de\/wp-json\/wp\/v2\/media?parent=159"}],"curies":[{"name":"wp","href":"https:\/\/api.w.org\/{rel}","templated":true}]}}