{"id":160,"date":"2023-04-03T19:16:29","date_gmt":"2023-04-03T17:16:29","guid":{"rendered":"https:\/\/conshannover.esteri.it\/chi-siamo\/la-rete-consolare\/"},"modified":"2024-01-16T12:33:20","modified_gmt":"2024-01-16T10:33:20","slug":"la-rete-consolare","status":"publish","type":"page","link":"https:\/\/conshannover.esteri.it\/de\/chi-siamo\/la-rete-consolare\/","title":{"rendered":"Konsulate in Deutschland"},"content":{"rendered":"<p>Das italienische Generalkonsulat in Hannover ist f\u00fcr folgende L\u00e4nder zust\u00e4ndig:<\/p>\n<p><strong><em>Niedersachsen<\/em><\/strong><br \/>\n<strong><em>Hamburg<\/em><\/strong><br \/>\n<strong><em>Schleswig-Holstein<\/em><\/strong><br \/>\n<strong><em>Bremen<br \/>\nMecklenburg-Vorpommern<\/em><\/strong><\/p>\n<p>&nbsp;<\/p>\n<p>Weitere Informationen \u00fcber die Honorarkonsulate in Hamburg, Kiel und Bremen sowie \u00fcber die Konsularischen Korrespondenten in unserem Bezirk finden Sie auf der <a href=\"https:\/\/conshannover.esteri.it\/de\/chi-siamo\/la-sede\/circoscrizione-consolare\/\">entsprechenden Seite<\/a>.<\/p>\n<p>&nbsp;<\/p>\n<p>Weitere Informationen \u00fcber das konsularische Netz in Deutschland finden Sie auf der Website der <a href=\"https:\/\/ambberlino.esteri.it\/de\/chi-siamo\/la-rete-consolare\/\">Botschaft in Berlin<\/a>.<\/p>\n","protected":false},"excerpt":{"rendered":"Das italienische Generalkonsulat in Hannover ist f\u00fcr folgende L\u00e4nder zust\u00e4ndig: Niedersachsen Hamburg Schleswig-Holstein Bremen Mecklenburg-Vorpommern &nbsp; Weitere Informationen \u00fcber die Honorarkonsulate in Hamburg, Kiel und Bremen sowie \u00fcber die Konsularischen Korrespondenten in unserem Bezirk finden Sie auf der entsprechenden Seite. &nbsp; Weitere Informationen \u00fcber das konsularische Netz in Deutschland finden Sie auf der Website der [&hellip;]","protected":false},"author":1,"featured_media":0,"parent":146,"menu_order":12,"comment_status":"closed","ping_status":"closed","template":"","meta":{"footnotes":""},"class_list":["post-160","page","type-page","status-publish","hentry"],"_links":{"self":[{"href":"https:\/\/conshannover.esteri.it\/de\/wp-json\/wp\/v2\/pages\/160","targetHints":{"allow":["GET"]}}],"collection":[{"href":"https:\/\/conshannover.esteri.it\/de\/wp-json\/wp\/v2\/pages"}],"about":[{"href":"https:\/\/conshannover.esteri.it\/de\/wp-json\/wp\/v2\/types\/page"}],"author":[{"embeddable":true,"href":"https:\/\/conshannover.esteri.it\/de\/wp-json\/wp\/v2\/users\/1"}],"replies":[{"embeddable":true,"href":"https:\/\/conshannover.esteri.it\/de\/wp-json\/wp\/v2\/comments?post=160"}],"version-history":[{"count":8,"href":"https:\/\/conshannover.esteri.it\/de\/wp-json\/wp\/v2\/pages\/160\/revisions"}],"predecessor-version":[{"id":2616,"href":"https:\/\/conshannover.esteri.it\/de\/wp-json\/wp\/v2\/pages\/160\/revisions\/2616"}],"up":[{"embeddable":true,"href":"https:\/\/conshannover.esteri.it\/de\/wp-json\/wp\/v2\/pages\/146"}],"wp:attachment":[{"href":"https:\/\/conshannover.esteri.it\/de\/wp-json\/wp\/v2\/media?parent=160"}],"curies":[{"name":"wp","href":"https:\/\/api.w.org\/{rel}","templated":true}]}}