{"id":165,"date":"2023-04-03T19:25:07","date_gmt":"2023-04-03T17:25:07","guid":{"rendered":"https:\/\/conshannover.esteri.it\/servizi-consolari-e-visti\/servizi-per-il-cittadino-italiano\/"},"modified":"2024-11-25T16:46:30","modified_gmt":"2024-11-25T14:46:30","slug":"servizi-per-il-cittadino-italiano","status":"publish","type":"page","link":"https:\/\/conshannover.esteri.it\/de\/servizi-consolari-e-visti\/servizi-per-il-cittadino-italiano\/","title":{"rendered":"F\u00fcr italienische Staatsb\u00fcrger"},"content":{"rendered":"<p>Infos \u00fcber\u00a0<a href=\"https:\/\/www.esteri.it\/it\/servizi-consolari-e-visti\/italiani-all-estero\/\">Konsularische Dienstleistungen<\/a>\u00a0auf italienisch vom Italienischen Aussenministerium<\/p>\n<p>&nbsp;<\/p>\n<p><strong>F\u00dcR SPEZIFISCHE INFORMATIONEN \u00dcBER DIENSTLEISTUNGEN DES ITALIENISCHEN GENERALKONSULATS IN HANNOVER KLICKEN SIE BITTE AUF DIE ENTSPRECHENDEN, IM MENU LINKS AUFGEF\u00dcHRTEN LINKS<\/strong><\/p>\n<ul>\n<li>\n<h6><a href=\"https:\/\/conshannover.esteri.it\/de\/servizi-consolari-e-visti\/servizi-per-il-cittadino-italiano\/listen-und-links\/\">Listen und Links<\/a><\/h6>\n<\/li>\n<li>\n<h6><a href=\"https:\/\/conshannover.esteri.it\/de\/servizi-consolari-e-visti\/servizi-per-il-cittadino-italiano\/formulare\/\">Formulare<\/a><\/h6>\n<\/li>\n<\/ul>\n","protected":false},"excerpt":{"rendered":"Infos \u00fcber\u00a0Konsularische Dienstleistungen\u00a0auf italienisch vom Italienischen Aussenministerium &nbsp; F\u00dcR SPEZIFISCHE INFORMATIONEN \u00dcBER DIENSTLEISTUNGEN DES ITALIENISCHEN GENERALKONSULATS IN HANNOVER KLICKEN SIE BITTE AUF DIE ENTSPRECHENDEN, IM MENU LINKS AUFGEF\u00dcHRTEN LINKS Listen und Links Formulare","protected":false},"author":1,"featured_media":0,"parent":148,"menu_order":0,"comment_status":"closed","ping_status":"closed","template":"","meta":{"footnotes":""},"class_list":["post-165","page","type-page","status-publish","hentry"],"_links":{"self":[{"href":"https:\/\/conshannover.esteri.it\/de\/wp-json\/wp\/v2\/pages\/165","targetHints":{"allow":["GET"]}}],"collection":[{"href":"https:\/\/conshannover.esteri.it\/de\/wp-json\/wp\/v2\/pages"}],"about":[{"href":"https:\/\/conshannover.esteri.it\/de\/wp-json\/wp\/v2\/types\/page"}],"author":[{"embeddable":true,"href":"https:\/\/conshannover.esteri.it\/de\/wp-json\/wp\/v2\/users\/1"}],"replies":[{"embeddable":true,"href":"https:\/\/conshannover.esteri.it\/de\/wp-json\/wp\/v2\/comments?post=165"}],"version-history":[{"count":7,"href":"https:\/\/conshannover.esteri.it\/de\/wp-json\/wp\/v2\/pages\/165\/revisions"}],"predecessor-version":[{"id":3776,"href":"https:\/\/conshannover.esteri.it\/de\/wp-json\/wp\/v2\/pages\/165\/revisions\/3776"}],"up":[{"embeddable":true,"href":"https:\/\/conshannover.esteri.it\/de\/wp-json\/wp\/v2\/pages\/148"}],"wp:attachment":[{"href":"https:\/\/conshannover.esteri.it\/de\/wp-json\/wp\/v2\/media?parent=165"}],"curies":[{"name":"wp","href":"https:\/\/api.w.org\/{rel}","templated":true}]}}