{"id":201,"date":"2023-04-03T19:28:33","date_gmt":"2023-04-03T17:28:33","guid":{"rendered":"https:\/\/conshannover.esteri.it\/servizi-consolari-e-visti\/servizi-per-il-cittadino-italiano\/emergency-travel-documents-etd\/"},"modified":"2024-01-08T13:02:22","modified_gmt":"2024-01-08T11:02:22","slug":"emergency-travel-documents-etd","status":"publish","type":"page","link":"https:\/\/conshannover.esteri.it\/de\/servizi-consolari-e-visti\/servizi-per-il-cittadino-italiano\/passaporti-e-carte-didentita\/emergency-travel-documents-etd\/","title":{"rendered":"Emergency Travel Document (ETD)"},"content":{"rendered":"<p style=\"text-align: justify;\">Das ETD ist ein Notfalldokument, das nur f\u00fcr Staatsangeh\u00f6rige ausgestellt wird, die sich vor\u00fcbergehend im Konsularbezirk Hannover aufhalten, nicht bei AIRE registriert sind und ihr Dokument verloren haben oder es ihnen gestohlen wurde.<\/p>\n<p style=\"text-align: justify;\">Das ETD ist maximal 5 Tage g\u00fcltig und wird nur f\u00fcr die R\u00fcckkehr nach Italien oder an den aktuellen Aufenthaltsort ausgestellt.<\/p>\n<p>&nbsp;<\/p>\n<p style=\"text-align: justify;\"><strong>Erforderliche Unterlagen<\/strong><\/p>\n<ul style=\"text-align: justify;\">\n<li>\u00dcberpr\u00fcfung der Identit\u00e4t des Antragstellers durch eines der folgenden M\u00f6glichkeiten:\n<ul>\n<li>Fotokopie oder Foto des verlorenen oder gestohlenen Ausweises;<\/li>\n<li>ein anderes Ausweisdokument, auch wenn es abgelaufen ist, mit den pers\u00f6nlichen Daten und dem Foto des Antragstellers;\n<p><em><em>Ist es nicht m\u00f6glich, die Identit\u00e4t des Antragstellers auf die oben beschriebene Weise nachzuweisen, muss das Konsulat eine Best\u00e4tigung der f\u00fcr den Wohnsitz zust\u00e4ndigen Gemeinde oder des italienischen Konsulats anfordern.<\/em><\/em>&nbsp;<\/li>\n<\/ul>\n<\/li>\n<li>Anzeige des Verlusts oder Diebstahls des Reisepasses oder eines anderen Reisedokuments bei den zust\u00e4ndigen \u00f6rtlichen Beh\u00f6rden;<\/li>\n<li>2 Fotos in Passbildformat (gleiche Gr\u00f6\u00dfe, Vorderseite, in Farbe);<\/li>\n<li>Reisedokument des Antragstellers (z. B. Flugticket);<\/li>\n<\/ul>\n<p style=\"text-align: justify;\">Das ETD wird normalerweise w\u00e4hrend der \u00d6ffnungszeiten der Beh\u00f6rden ausgestellt und kostet 1,55 \u20ac.<\/p>\n<p>&nbsp;<\/p>\n<p style=\"text-align: justify;\"><strong>ETD f\u00fcr Minderj\u00e4hrige<\/strong><\/p>\n<p style=\"text-align: justify;\">ETD-Antr\u00e4ge f\u00fcr Minderj\u00e4hrige m\u00fcssen bis auf einige Ausnahmen von beiden Elternteilen gestellt werden.<\/p>\n<p style=\"text-align: justify;\"><em>In besonderen F\u00e4llen (z. B. Minderj\u00e4hrige auf Klassenfahrt in Begleitung eines Lehrers und ordnungsgem\u00e4\u00df in die Liste der begleiteten Sch\u00fcler eingetragen) kann der Antrag auch von einer anderen Person gestellt werden.<\/em><\/p>\n","protected":false},"excerpt":{"rendered":"Das ETD ist ein Notfalldokument, das nur f\u00fcr Staatsangeh\u00f6rige ausgestellt wird, die sich vor\u00fcbergehend im Konsularbezirk Hannover aufhalten, nicht bei AIRE registriert sind und ihr Dokument verloren haben oder es ihnen gestohlen wurde. Das ETD ist maximal 5 Tage g\u00fcltig und wird nur f\u00fcr die R\u00fcckkehr nach Italien oder an den aktuellen Aufenthaltsort ausgestellt. &nbsp; [&hellip;]","protected":false},"author":1,"featured_media":0,"parent":200,"menu_order":2,"comment_status":"closed","ping_status":"closed","template":"","meta":{"footnotes":""},"class_list":["post-201","page","type-page","status-publish","hentry"],"_links":{"self":[{"href":"https:\/\/conshannover.esteri.it\/de\/wp-json\/wp\/v2\/pages\/201","targetHints":{"allow":["GET"]}}],"collection":[{"href":"https:\/\/conshannover.esteri.it\/de\/wp-json\/wp\/v2\/pages"}],"about":[{"href":"https:\/\/conshannover.esteri.it\/de\/wp-json\/wp\/v2\/types\/page"}],"author":[{"embeddable":true,"href":"https:\/\/conshannover.esteri.it\/de\/wp-json\/wp\/v2\/users\/1"}],"replies":[{"embeddable":true,"href":"https:\/\/conshannover.esteri.it\/de\/wp-json\/wp\/v2\/comments?post=201"}],"version-history":[{"count":7,"href":"https:\/\/conshannover.esteri.it\/de\/wp-json\/wp\/v2\/pages\/201\/revisions"}],"predecessor-version":[{"id":2510,"href":"https:\/\/conshannover.esteri.it\/de\/wp-json\/wp\/v2\/pages\/201\/revisions\/2510"}],"up":[{"embeddable":true,"href":"https:\/\/conshannover.esteri.it\/de\/wp-json\/wp\/v2\/pages\/200"}],"wp:attachment":[{"href":"https:\/\/conshannover.esteri.it\/de\/wp-json\/wp\/v2\/media?parent=201"}],"curies":[{"name":"wp","href":"https:\/\/api.w.org\/{rel}","templated":true}]}}