{"id":206,"date":"2023-04-03T19:29:38","date_gmt":"2023-04-03T17:29:38","guid":{"rendered":"https:\/\/conshannover.esteri.it\/servizi-consolari-e-visti\/servizi-per-il-cittadino-italiano\/servizi-notarili\/"},"modified":"2023-06-20T12:00:04","modified_gmt":"2023-06-20T10:00:04","slug":"servizi-notarili","status":"publish","type":"page","link":"https:\/\/conshannover.esteri.it\/de\/servizi-consolari-e-visti\/servizi-per-il-cittadino-italiano\/servizi-notarili\/","title":{"rendered":"Notariat"},"content":{"rendered":"<p>Auskunft erteilt das Amt f\u00fcr Notariatsangelegenheiten:<br \/>\nTel.: 0511 28379 24<br \/>\nEmail:\u00a0<a href=\"mailto:notarile.hannover@esteri.it\">notarile.hannover@esteri.it<\/a><\/p>\n<p>&nbsp;<\/p>\n<p><strong>Notariat<\/strong><\/p>\n<p>Das Notariat stellt die nachstehend aufgef\u00fchrten Bescheinigungen aus. Daf\u00fcr mu\u00df der Betreffende mit den erforderlichen Unterlagen und seinem Ausweis (Pa\u00df oder Personalausweis) und, in bestimmten F\u00e4llen, seiner Steuernummer pers\u00f6nlich im Notariat vorsprechen. Es ist nicht m\u00f6glich, diese Bescheinigungen telefonisch, per Post oder durch eine beauftragte Person (auch nicht durch einen Konsularkorrespondenten) zu beantragen. Ausnahmen sind lediglich die Beglaubigung von \u00dcbersetzungen und Fotokopien.<\/p>\n<p><em>Eidesstattliche Erkl\u00e4rung<\/em><\/p>\n<p>Diese Erkl\u00e4rung kann aus verschiedenen Gr\u00fcnden ben\u00f6tigt werden, darunter beispielsweise<\/p>\n<p>\u2022 f\u00fcr den Antrag auf erm\u00e4\u00dfigte ENEL-Tarife: anzugeben sind die vollst\u00e4ndigen Angaben (Gemeinde, Stra\u00dfe, Hausnummer) der betreffenden Wohnung;<\/p>\n<p>\u2022 Antimafia-Erkl\u00e4rung<\/p>\n<p>\u2022 in Erbschaftsangelegenheiten: anzugeben sind die pers\u00f6nlichen Daten des Verstorbenen sowie Sterbedaten (Ort und Datum) und die vollst\u00e4ndigen pers\u00f6nlichen Daten aller Erben;<\/p>\n<p>\u2022 f\u00fcr den Antrag auf italienische Staatsangeh\u00f6rigkeit eines mit einem italienischen Staatsb\u00fcrger verheirateten ausl\u00e4ndischen Ehepartners: anzugeben sind Ort und Datum der Eheschlie\u00dfung<\/p>\n<p>\u2022 f\u00fcr den Antrag auf erm\u00e4\u00dfigte Kredite: anzugeben ist die Gemeinde, in der man den Kreditbetrag zu verwenden gedenkt;<\/p>\n<p><em>Beglaubigungen<\/em><br \/>\n\u2022 von Fotografien<br \/>\nDer Betreffende mu\u00df sich mit einem Ausweis und drei gleichen Fotos im Pa\u00dfformat ins Konsulat begeben.<br \/>\n\u2022 von Fotokopien (die Geb\u00fchr richtet sich nach der Art des Dokuments)<br \/>\nDas Original ist zusammen mit der Fotokopie vorzulegen.<\/p>\n<p><em>\u00dcbersetzungen<br \/>\n<\/em>\u00dcbersetzungen f\u00fcr amtliche Zwecke k\u00f6nnen angefertigt werden<\/p>\n<p>\u2022 von einem vereidigten \u00dcbersetzer: Die Liste der vereidigten \u00dcbersetzer, die ihre Unterschrift im Konsulat hinterlegt haben, ist im Notariat, im Informationsb\u00fcro und auf der Internetseite des Konsulats erh\u00e4ltlich. Das Notariat kann die Unterschrift des \u00dcbersetzers beglaubigen, der die \u00dcbersetzung angefertigt hat;<\/p>\n<p>\u2022 von einem anderen \u00dcbersetzer: Die \u00dcbersetzung mu\u00df dem Notariat zusammen mit dem Original zur Pr\u00fcfung der \u00dcbereinstimmung der \u00dcbersetzung mit dem Originaltext vorgelegt werden.<\/p>\n<p>&nbsp;<\/p>\n","protected":false},"excerpt":{"rendered":"Auskunft erteilt das Amt f\u00fcr Notariatsangelegenheiten: Tel.: 0511 28379 24 Email:\u00a0notarile.hannover@esteri.it &nbsp; Notariat Das Notariat stellt die nachstehend aufgef\u00fchrten Bescheinigungen aus. Daf\u00fcr mu\u00df der Betreffende mit den erforderlichen Unterlagen und seinem Ausweis (Pa\u00df oder Personalausweis) und, in bestimmten F\u00e4llen, seiner Steuernummer pers\u00f6nlich im Notariat vorsprechen. Es ist nicht m\u00f6glich, diese Bescheinigungen telefonisch, per Post oder [&hellip;]","protected":false},"author":1,"featured_media":0,"parent":165,"menu_order":12,"comment_status":"closed","ping_status":"closed","template":"","meta":{"footnotes":""},"class_list":["post-206","page","type-page","status-publish","hentry"],"_links":{"self":[{"href":"https:\/\/conshannover.esteri.it\/de\/wp-json\/wp\/v2\/pages\/206","targetHints":{"allow":["GET"]}}],"collection":[{"href":"https:\/\/conshannover.esteri.it\/de\/wp-json\/wp\/v2\/pages"}],"about":[{"href":"https:\/\/conshannover.esteri.it\/de\/wp-json\/wp\/v2\/types\/page"}],"author":[{"embeddable":true,"href":"https:\/\/conshannover.esteri.it\/de\/wp-json\/wp\/v2\/users\/1"}],"replies":[{"embeddable":true,"href":"https:\/\/conshannover.esteri.it\/de\/wp-json\/wp\/v2\/comments?post=206"}],"version-history":[{"count":3,"href":"https:\/\/conshannover.esteri.it\/de\/wp-json\/wp\/v2\/pages\/206\/revisions"}],"predecessor-version":[{"id":765,"href":"https:\/\/conshannover.esteri.it\/de\/wp-json\/wp\/v2\/pages\/206\/revisions\/765"}],"up":[{"embeddable":true,"href":"https:\/\/conshannover.esteri.it\/de\/wp-json\/wp\/v2\/pages\/165"}],"wp:attachment":[{"href":"https:\/\/conshannover.esteri.it\/de\/wp-json\/wp\/v2\/media?parent=206"}],"curies":[{"name":"wp","href":"https:\/\/api.w.org\/{rel}","templated":true}]}}