{"id":210,"date":"2023-04-03T19:30:19","date_gmt":"2023-04-03T17:30:19","guid":{"rendered":"https:\/\/conshannover.esteri.it\/servizi-consolari-e-visti\/servizi-per-il-cittadino-italiano\/pensioni-e-sicurezza-sociale\/"},"modified":"2023-06-20T12:24:18","modified_gmt":"2023-06-20T10:24:18","slug":"pensioni-e-sicurezza-sociale","status":"publish","type":"page","link":"https:\/\/conshannover.esteri.it\/de\/servizi-consolari-e-visti\/servizi-per-il-cittadino-italiano\/pensioni-e-sicurezza-sociale\/","title":{"rendered":"Renten und Sozialversicherung"},"content":{"rendered":"<p>Infos erteilt das LAS-B\u00fcro:<br \/>\nTel.: 0511 28379 24<br \/>\nEmail:\u00a0<a href=\"mailto:las.hannover@esteri.it\">las.hannover@esteri.it<\/a><\/p>\n<p>&nbsp;<\/p>\n<p>&nbsp;<\/p>\n<p>Die Vorschriften der Europ\u00e4ischen Union gew\u00e4hrleisten die Gleichbehandlung der Berufst\u00e4tigen und Rentner, die Akkumulierung der Arbeitszeiten in Italien und im Ausland und die Transferierbarkeit der Versicherungsleistungen an den Wohnort.<\/p>\n<p>Die Nationalen Verbandsinstitute f\u00fcr Sozialbetreuung geben allgemeine Ausk\u00fcnfte \u00fcber das italienische und das deutsche Rentensystem.<\/p>\n<p><a href=\"https:\/\/conshannover.esteri.it\/wp-content\/uploads\/2023\/05\/patronati_nella_circoscrizione_del_cg_di_hannover.pdf\">Liste der Verbandsinstitute f\u00fcr Sozialbetreuung<\/a><\/p>\n","protected":false},"excerpt":{"rendered":"Infos erteilt das LAS-B\u00fcro: Tel.: 0511 28379 24 Email:\u00a0las.hannover@esteri.it &nbsp; &nbsp; Die Vorschriften der Europ\u00e4ischen Union gew\u00e4hrleisten die Gleichbehandlung der Berufst\u00e4tigen und Rentner, die Akkumulierung der Arbeitszeiten in Italien und im Ausland und die Transferierbarkeit der Versicherungsleistungen an den Wohnort. Die Nationalen Verbandsinstitute f\u00fcr Sozialbetreuung geben allgemeine Ausk\u00fcnfte \u00fcber das italienische und das deutsche Rentensystem. [&hellip;]","protected":false},"author":1,"featured_media":0,"parent":165,"menu_order":20,"comment_status":"closed","ping_status":"closed","template":"","meta":{"footnotes":""},"class_list":["post-210","page","type-page","status-publish","hentry"],"_links":{"self":[{"href":"https:\/\/conshannover.esteri.it\/de\/wp-json\/wp\/v2\/pages\/210","targetHints":{"allow":["GET"]}}],"collection":[{"href":"https:\/\/conshannover.esteri.it\/de\/wp-json\/wp\/v2\/pages"}],"about":[{"href":"https:\/\/conshannover.esteri.it\/de\/wp-json\/wp\/v2\/types\/page"}],"author":[{"embeddable":true,"href":"https:\/\/conshannover.esteri.it\/de\/wp-json\/wp\/v2\/users\/1"}],"replies":[{"embeddable":true,"href":"https:\/\/conshannover.esteri.it\/de\/wp-json\/wp\/v2\/comments?post=210"}],"version-history":[{"count":3,"href":"https:\/\/conshannover.esteri.it\/de\/wp-json\/wp\/v2\/pages\/210\/revisions"}],"predecessor-version":[{"id":774,"href":"https:\/\/conshannover.esteri.it\/de\/wp-json\/wp\/v2\/pages\/210\/revisions\/774"}],"up":[{"embeddable":true,"href":"https:\/\/conshannover.esteri.it\/de\/wp-json\/wp\/v2\/pages\/165"}],"wp:attachment":[{"href":"https:\/\/conshannover.esteri.it\/de\/wp-json\/wp\/v2\/media?parent=210"}],"curies":[{"name":"wp","href":"https:\/\/api.w.org\/{rel}","templated":true}]}}