{"id":213,"date":"2023-04-03T19:30:58","date_gmt":"2023-04-03T17:30:58","guid":{"rendered":"https:\/\/conshannover.esteri.it\/servizi-consolari-e-visti\/servizi-per-il-cittadino-straniero\/cittadinanza\/"},"modified":"2025-01-03T13:35:18","modified_gmt":"2025-01-03T11:35:18","slug":"cittadinanza","status":"publish","type":"page","link":"https:\/\/conshannover.esteri.it\/de\/servizi-consolari-e-visti\/servizi-per-il-cittadino-straniero\/cittadinanza\/","title":{"rendered":"Staatsangeh\u00f6rigkeit"},"content":{"rendered":"<header class=\"entry-header\">\n<p class=\"entry-title h3\"><a href=\"https:\/\/conshannover.esteri.it\/wp-content\/uploads\/2025\/01\/Cittadinanza-sito-lingua-tedesca_03012025.pdf\"><span style=\"font-size: 16px;\">Italienische Staatsangeh\u00f6rigkeit <\/span><\/a><\/p>\n<\/header>\n<div class=\"entry-content\">\n<p>&nbsp;<\/p>\n<p>Auskunft erteilt das Amt f\u00fcr Staatsangeh\u00f6rigkeit<br \/>\nTel.: 0511 28379 11; 0511 28379 20<br \/>\nEmail:\u00a0<a href=\"mailto:statocivile.hannover@esteri.it\">statocivile.hannover@esteri.it<\/a><\/p>\n<\/div>\n","protected":false},"excerpt":{"rendered":"Italienische Staatsangeh\u00f6rigkeit &nbsp; Auskunft erteilt das Amt f\u00fcr Staatsangeh\u00f6rigkeit Tel.: 0511 28379 11; 0511 28379 20 Email:\u00a0statocivile.hannover@esteri.it","protected":false},"author":1,"featured_media":0,"parent":193,"menu_order":2,"comment_status":"closed","ping_status":"closed","template":"","meta":{"footnotes":""},"class_list":["post-213","page","type-page","status-publish","hentry"],"_links":{"self":[{"href":"https:\/\/conshannover.esteri.it\/de\/wp-json\/wp\/v2\/pages\/213","targetHints":{"allow":["GET"]}}],"collection":[{"href":"https:\/\/conshannover.esteri.it\/de\/wp-json\/wp\/v2\/pages"}],"about":[{"href":"https:\/\/conshannover.esteri.it\/de\/wp-json\/wp\/v2\/types\/page"}],"author":[{"embeddable":true,"href":"https:\/\/conshannover.esteri.it\/de\/wp-json\/wp\/v2\/users\/1"}],"replies":[{"embeddable":true,"href":"https:\/\/conshannover.esteri.it\/de\/wp-json\/wp\/v2\/comments?post=213"}],"version-history":[{"count":6,"href":"https:\/\/conshannover.esteri.it\/de\/wp-json\/wp\/v2\/pages\/213\/revisions"}],"predecessor-version":[{"id":4304,"href":"https:\/\/conshannover.esteri.it\/de\/wp-json\/wp\/v2\/pages\/213\/revisions\/4304"}],"up":[{"embeddable":true,"href":"https:\/\/conshannover.esteri.it\/de\/wp-json\/wp\/v2\/pages\/193"}],"wp:attachment":[{"href":"https:\/\/conshannover.esteri.it\/de\/wp-json\/wp\/v2\/media?parent=213"}],"curies":[{"name":"wp","href":"https:\/\/api.w.org\/{rel}","templated":true}]}}