{"id":2613,"date":"2023-04-18T11:29:49","date_gmt":"2023-04-18T09:29:49","guid":{"rendered":"https:\/\/conshannover.esteri.it\/chi-siamo\/la-sede\/circoscrizione-consolare\/"},"modified":"2026-03-09T15:50:32","modified_gmt":"2026-03-09T13:50:32","slug":"circoscrizione-consolare","status":"publish","type":"page","link":"https:\/\/conshannover.esteri.it\/de\/chi-siamo\/la-sede\/circoscrizione-consolare\/","title":{"rendered":"Zust\u00e4ndigkeitsgebiet des Generalkonsulats in Hannover"},"content":{"rendered":"<p>Das italienische Generalkonsulat in Hannover ist f\u00fcr folgende L\u00e4nder zust\u00e4ndig:<\/p>\n<p><strong><em>Niedersachsen<\/em><\/strong><br \/>\n<strong><em>Hamburg<\/em><\/strong><br \/>\n<strong><em>Schleswig-Holstein<\/em><\/strong><br \/>\n<strong><em>Bremen<br \/>\nMecklenburg-Vorpommern<\/em><\/strong><\/p>\n<p>&nbsp;<\/p>\n<p>Im Folgenden werden Honorarkonsulate, die konsularische Funktionen im Rahmen der in Ernennungsbeschl\u00fcssen erteilten Vollmachten aus\u00fcben und Konsularbeauftragte, die lediglich Aushilfsfunktionen haben,\u00a0 mit entsprechenden \u00f6rtlichen Zust\u00e4ndigkeiten aufgelistet:<\/p>\n<ul>\n<li><a href=\"https:\/\/www.consolato-amburgo.com\/home-deu\">ITALIENISCHES HONORARKONSULAT IN HAMBURG<\/a> (Land Hamburg)<\/li>\n<li><a href=\"https:\/\/www.consolato-onorario-brema.de\/sitz-des-honorarkonsulates.html\">ITALIENISCHES HONORARKONSULAT IN BREMEN<\/a> (Land Bremen)<\/li>\n<li><a href=\"https:\/\/conshannover.esteri.it\/de\/servizi-consolari-e-visti\/servizi-per-il-cittadino-italiano\/passaporti-e-carte-didentita\/reisepaesse\/termine-honorarkonsulat-kiel\/\">ITALIENISCHES HONORARKONSULAT IN KIEL<\/a> (Land Schleswig Holstein)<\/li>\n<li><a href=\"https:\/\/conshannover.esteri.it\/wp-content\/uploads\/2026\/03\/CORRISPONDENTI-CONSOLARI_2026.pdf\">KONSULARBEAUFTRAGTE<\/a><\/li>\n<\/ul>\n","protected":false},"excerpt":{"rendered":"Das italienische Generalkonsulat in Hannover ist f\u00fcr folgende L\u00e4nder zust\u00e4ndig: Niedersachsen Hamburg Schleswig-Holstein Bremen Mecklenburg-Vorpommern &nbsp; Im Folgenden werden Honorarkonsulate, die konsularische Funktionen im Rahmen der in Ernennungsbeschl\u00fcssen erteilten Vollmachten aus\u00fcben und Konsularbeauftragte, die lediglich Aushilfsfunktionen haben,\u00a0 mit entsprechenden \u00f6rtlichen Zust\u00e4ndigkeiten aufgelistet: ITALIENISCHES HONORARKONSULAT IN HAMBURG (Land Hamburg) ITALIENISCHES HONORARKONSULAT IN BREMEN (Land Bremen) ITALIENISCHES [&hellip;]","protected":false},"author":3,"featured_media":0,"parent":156,"menu_order":4,"comment_status":"closed","ping_status":"closed","template":"","meta":{"footnotes":""},"class_list":["post-2613","page","type-page","status-publish","hentry"],"_links":{"self":[{"href":"https:\/\/conshannover.esteri.it\/de\/wp-json\/wp\/v2\/pages\/2613","targetHints":{"allow":["GET"]}}],"collection":[{"href":"https:\/\/conshannover.esteri.it\/de\/wp-json\/wp\/v2\/pages"}],"about":[{"href":"https:\/\/conshannover.esteri.it\/de\/wp-json\/wp\/v2\/types\/page"}],"author":[{"embeddable":true,"href":"https:\/\/conshannover.esteri.it\/de\/wp-json\/wp\/v2\/users\/3"}],"replies":[{"embeddable":true,"href":"https:\/\/conshannover.esteri.it\/de\/wp-json\/wp\/v2\/comments?post=2613"}],"version-history":[{"count":2,"href":"https:\/\/conshannover.esteri.it\/de\/wp-json\/wp\/v2\/pages\/2613\/revisions"}],"predecessor-version":[{"id":6783,"href":"https:\/\/conshannover.esteri.it\/de\/wp-json\/wp\/v2\/pages\/2613\/revisions\/6783"}],"up":[{"embeddable":true,"href":"https:\/\/conshannover.esteri.it\/de\/wp-json\/wp\/v2\/pages\/156"}],"wp:attachment":[{"href":"https:\/\/conshannover.esteri.it\/de\/wp-json\/wp\/v2\/media?parent=2613"}],"curies":[{"name":"wp","href":"https:\/\/api.w.org\/{rel}","templated":true}]}}