{"id":532,"date":"2023-05-16T12:07:47","date_gmt":"2023-05-16T10:07:47","guid":{"rendered":"https:\/\/conshannover.esteri.it\/?page_id=532"},"modified":"2026-01-23T12:39:17","modified_gmt":"2026-01-23T10:39:17","slug":"formulare","status":"publish","type":"page","link":"https:\/\/conshannover.esteri.it\/de\/servizi-consolari-e-visti\/servizi-per-il-cittadino-italiano\/formulare\/","title":{"rendered":"Formulare"},"content":{"rendered":"<p style=\"line-height: 18.0pt; background: white; margin: 0cm 0cm 6.4pt 0cm;\"><strong><span style=\"font-family: 'Arial',sans-serif; color: #484848;\">MELDEAMT<\/span><\/strong><\/p>\n<p style=\"line-height: 18.0pt; background: white; box-sizing: border-box; overflow-wrap: break-word; font-variant-ligatures: normal; font-variant-caps: normal; orphans: 2; widows: 2; -webkit-text-stroke-width: 0px; text-decoration-thickness: initial; text-decoration-style: initial; text-decoration-color: initial; word-spacing: 0px; margin: 0cm 0cm 6.4pt 0cm;\"><span style=\"font-family: 'Arial',sans-serif; color: #484848;\"><br style=\"box-sizing: border-box; overflow-wrap: break-word;\" \/>&#8211;\u00a0<span style=\"color: #38518a; text-decoration: none; text-underline: none;\"><a href=\"https:\/\/conshannover.esteri.it\/it\/servizi-consolari-e-visti\/servizi-per-il-cittadino-italiano\/modulistica\/fast-it\/\">Fast IT: Aufnahme in das AIRE\/in das Melderegister des GeneralkonsulatsAufnahme in das AIRE\/in das Melderegister des Generalkonsulats<\/a><\/span><br style=\"box-sizing: border-box; overflow-wrap: break-word;\" \/>&#8211;\u00a0<a href=\"https:\/\/conshannover.esteri.it\/wp-content\/uploads\/2023\/05\/clncambioindirizzobilingueneu_2.pdf\"><span style=\"color: #38518a; text-decoration: none; text-underline: none;\">Antrag Meldeamts\u00e4nderung (Neue Adresse; Verzug in einen anderen Zust\u00e4ndigkeitsbereich; R\u00fcckkehr nach Italien)<\/span><\/a><br style=\"box-sizing: border-box; overflow-wrap: break-word;\" \/>&#8211;\u00a0<a href=\"https:\/\/conshannover.esteri.it\/wp-content\/uploads\/2023\/05\/assenso_per_iscrizione_aire_dei_figli_minorenni.pdf\"><span style=\"color: #38518a; text-decoration: none; text-underline: none;\">EINVERST\u00c4NDNISERKL\u00c4RUNG ZUR EINTRAGUNG INS A.I.R.E. MINDERJ\u00c4HRIGER KINDER<\/span><\/a><br style=\"box-sizing: border-box; overflow-wrap: break-word;\" \/><br style=\"box-sizing: border-box; overflow-wrap: break-word;\" \/><br style=\"box-sizing: border-box; overflow-wrap: break-word;\" \/><strong>NOTARIAT<\/strong><br style=\"box-sizing: border-box; overflow-wrap: break-word;\" \/><a style=\"box-sizing: border-box; overflow-wrap: break-word; background-position-x: 0px; background-position-y: 0px;\" href=\"https:\/\/conshannover.esteri.it\/resource\/2007\/05\/10863_f_cons57CLNdeleganotarile.doc\"><span style=\"color: #38518a; text-decoration: none; text-underline: none;\"><br style=\"box-sizing: border-box; overflow-wrap: break-word;\" \/><\/span><\/a>&#8211;\u00a0<a href=\"https:\/\/conshannover.esteri.it\/wp-content\/uploads\/2023\/05\/dichiarazionesostitutiva_2.pdf\"><span style=\"color: #38518a; text-decoration: none; text-underline: none;\">Eidesstattliche Erkl\u00e4rung<\/span><\/a><br style=\"box-sizing: border-box; overflow-wrap: break-word;\" \/>&#8211;\u00a0<a href=\"https:\/\/conshannover.esteri.it\/wp-content\/uploads\/2023\/05\/10898_f_cons57guidafiscale.pdf\"><span style=\"color: #38518a; text-decoration: none; text-underline: none;\">Steuerhandbuch<\/span><\/a><\/span><\/p>\n<p style=\"line-height: 18.0pt; background: white; box-sizing: border-box; overflow-wrap: break-word; font-variant-ligatures: normal; font-variant-caps: normal; orphans: 2; widows: 2; -webkit-text-stroke-width: 0px; text-decoration-thickness: initial; text-decoration-style: initial; text-decoration-color: initial; word-spacing: 0px; margin: 0cm 0cm 6.4pt 0cm;\"><span style=\"font-family: 'Arial',sans-serif; color: #484848;\">\u00a0<\/span><\/p>\n<p style=\"line-height: 18.0pt; background: white; box-sizing: border-box; overflow-wrap: break-word; font-variant-ligatures: normal; font-variant-caps: normal; orphans: 2; widows: 2; -webkit-text-stroke-width: 0px; text-decoration-thickness: initial; text-decoration-style: initial; text-decoration-color: initial; word-spacing: 0px; margin: 0cm 0cm 6.4pt 0cm;\"><span style=\"font-family: 'Arial',sans-serif; color: #484848;\"><strong>ARCHIV<\/strong><br style=\"box-sizing: border-box; overflow-wrap: break-word;\" \/><br style=\"box-sizing: border-box; overflow-wrap: break-word;\" \/>&#8211;\u00a0<span style=\"color: #38518a; text-decoration: none; text-underline: none;\"><a href=\"https:\/\/conshannover.esteri.it\/wp-content\/uploads\/2023\/05\/Vordrucke-AA48-Editierbare_AA4_8_Modello_TED.pdf\">Antrag auf Steuernummer<\/a><\/span><\/span><\/p>\n<p style=\"line-height: 18.0pt; background: white; box-sizing: border-box; overflow-wrap: break-word; font-variant-ligatures: normal; font-variant-caps: normal; orphans: 2; widows: 2; -webkit-text-stroke-width: 0px; text-decoration-thickness: initial; text-decoration-style: initial; text-decoration-color: initial; word-spacing: 0px; margin: 0cm 0cm 6.4pt 0cm;\"><span style=\"font-family: 'Arial',sans-serif; color: #484848;\">\u00a0<\/span><\/p>\n<p style=\"line-height: 18.0pt; background: white; box-sizing: border-box; overflow-wrap: break-word; font-variant-ligatures: normal; font-variant-caps: normal; orphans: 2; widows: 2; -webkit-text-stroke-width: 0px; text-decoration-thickness: initial; text-decoration-style: initial; text-decoration-color: initial; word-spacing: 0px; margin: 0cm 0cm 6.4pt 0cm;\"><span style=\"font-family: 'Arial',sans-serif; color: #484848;\"><br style=\"box-sizing: border-box; overflow-wrap: break-word;\" \/><strong>PASSAMT<\/strong><br style=\"box-sizing: border-box; overflow-wrap: break-word;\" \/><br style=\"box-sizing: border-box; overflow-wrap: break-word;\" \/>&#8211;\u00a0<a href=\"https:\/\/conshannover.esteri.it\/wp-content\/uploads\/2023\/07\/Rich-PASS-Formulario_2023.pdf\"><span style=\"color: #38518a; text-decoration: none; text-underline: none;\">Antrag Ausstellung Pass<\/span><\/a><br style=\"box-sizing: border-box; overflow-wrap: break-word;\" \/>&#8211;\u00a0<a href=\"https:\/\/conshannover.esteri.it\/wp-content\/uploads\/2023\/05\/pass-minori.pdf\"><span style=\"color: #38518a; text-decoration: none; text-underline: none;\">Antrag Ausstellung Pass Minderj\u00e4hrige<\/span><\/a><br style=\"box-sizing: border-box; overflow-wrap: break-word;\" \/>&#8211;\u00a0<a href=\"https:\/\/conshannover.esteri.it\/wp-content\/uploads\/2023\/05\/rich._acc._minori_-_ita-deu_-_vers._12.04.2020.pdf\"><span style=\"color: #38518a; text-decoration: none; text-underline: none;\">Zustimmungserkl\u00e4rung zur Begleitung Minderj\u00e4hriger (unter 14 Jahren)<\/span><\/a><br style=\"box-sizing: border-box; overflow-wrap: break-word;\" \/>&#8211;\u00a0<a href=\"https:\/\/conshannover.esteri.it\/wp-content\/uploads\/2023\/10\/Denuncia-smarrimento-Pass-CI.pdf\"><span style=\"color: #38518a; text-decoration: none; text-underline: none;\">Verlust- bzw. Diebstahlsanzeige Reisepass\/Personalausweis<\/span><\/a><br \/>\n<\/span><span style=\"font-family: 'Arial',sans-serif; color: #484848;\">&#8211; <a href=\"https:\/\/conshannover.esteri.it\/wp-content\/uploads\/2023\/12\/assenso_generico_anche_per_figli_-passcic_2024.pdf\">Zustimmung<\/a><br \/>\n<br style=\"box-sizing: border-box; overflow-wrap: break-word;\" \/><strong>PERSONALAUSWEIS\u00a0IM SCHECKKARTENFORMAT<\/strong><br style=\"box-sizing: border-box; overflow-wrap: break-word;\" \/><br style=\"box-sizing: border-box; overflow-wrap: break-word;\" \/>&#8211;\u00a0<a href=\"https:\/\/conshannover.esteri.it\/wp-content\/uploads\/2023\/08\/testo_discorsivo_cie_per_siti_prenotami_D_corretto24072023.pdf\"><span style=\"color: #38518a; text-decoration: none; text-underline: none;\">Info Personalausweis im Scheckkartenformat<\/span><\/a><br style=\"box-sizing: border-box; overflow-wrap: break-word;\" \/>&#8211; <a href=\"https:\/\/conshannover.esteri.it\/wp-content\/uploads\/2023\/05\/ci-assensi_genitori.pdf\"><span style=\"color: #38518a; text-decoration: none; text-underline: none;\">Einwilligungserkl\u00e4rung von beiden Eltern<\/span><\/a><br style=\"box-sizing: border-box; overflow-wrap: break-word;\" \/><br style=\"box-sizing: border-box; overflow-wrap: break-word;\" \/><br style=\"box-sizing: border-box; overflow-wrap: break-word;\" \/><br style=\"box-sizing: border-box; overflow-wrap: break-word;\" \/><strong>STAATSANGEH\u00d6RIGKEIT<\/strong><br style=\"box-sizing: border-box; overflow-wrap: break-word;\" \/><br style=\"box-sizing: border-box; overflow-wrap: break-word;\" \/>&#8211;\u00a0<a href=\"https:\/\/conshannover.esteri.it\/wp-content\/uploads\/2023\/05\/richiesta_certificato_di_cittadinanza.pdf\"><span style=\"color: #38518a; text-decoration: none; text-underline: none;\">Antrag Staatsangeh\u00f6rigkeitsbescheinigung<\/span><\/a><br style=\"box-sizing: border-box; overflow-wrap: break-word;\" \/>&#8211;<a href=\"https:\/\/conshannover.esteri.it\/wp-content\/uploads\/2023\/05\/neue_normen_staatsangehrigkeit_l._91_del_1992_1.pdf\">\u00a0<span style=\"color: #38518a; text-decoration: none; text-underline: none;\">Informationen zum Staatsangeh\u00f6rigkeitsantrag<\/span><\/a><\/span><\/p>\n<p><span style=\"font-family: 'Arial',sans-serif; color: #484848;\"><br style=\"box-sizing: border-box; overflow-wrap: break-word;\" \/><br style=\"box-sizing: border-box; overflow-wrap: break-word;\" \/><strong>STANDESAMT<\/strong><br style=\"box-sizing: border-box; overflow-wrap: break-word;\" \/><br style=\"box-sizing: border-box; overflow-wrap: break-word;\" \/>&#8211;\u00a0<a href=\"https:\/\/conshannover.esteri.it\/wp-content\/uploads\/2023\/05\/richiesta_trascr__atto_matrimonio.pdf\"><span style=\"color: #38518a; text-decoration: none; text-underline: none;\">Antrag zur \u00dcberschreibung der Heiratsurkunde<\/span><\/a><br style=\"box-sizing: border-box; overflow-wrap: break-word;\" \/>&#8211;\u00a0<a href=\"https:\/\/conshannover.esteri.it\/wp-content\/uploads\/2025\/12\/Documentazione-capacita-matrimoniale_It_De-AGGIORNATO-contr.pdf\"><span style=\"color: #38518a; text-decoration: none; text-underline: none;\">Info Ehef\u00e4higkeitszeugnis<\/span><\/a><br style=\"box-sizing: border-box; overflow-wrap: break-word;\" \/>&#8211;\u00a0<a href=\"https:\/\/conshannover.esteri.it\/wp-content\/uploads\/2023\/05\/richiesta_capacita_matrimonial20200805111213.pdf\"><span style=\"color: #38518a; text-decoration: none; text-underline: none;\">Antrag Ehef\u00e4higkeitszeugnis<\/span><\/a><br style=\"box-sizing: border-box; overflow-wrap: break-word;\" \/>&#8211;\u00a0<a href=\"https:\/\/conshannover.esteri.it\/wp-content\/uploads\/2023\/05\/dichiarazione_pers_capa_matrim20210322173652.pdf\"><span style=\"color: #38518a; text-decoration: none; text-underline: none;\">Eidesstattliche Erkl\u00e4rung zur Ausstellung des Ehef\u00e4higkeitszeugnisses<\/span><\/a><br style=\"box-sizing: border-box; overflow-wrap: break-word;\" \/>&#8211;\u00a0<span style=\"color: #38518a; text-decoration: none; text-underline: none;\"><a href=\"https:\/\/conshannover.esteri.it\/wp-content\/uploads\/2024\/09\/Info-DIVORZIO.pdf\">Info Scheidung<\/a><br \/>\n&#8211; <a href=\"https:\/\/conshannover.esteri.it\/wp-content\/uploads\/2024\/09\/Richiesta-divorzio-ITA-DEU-1.pdf\">Antragsformular Scheidung bis 2001<\/a><br \/>\n&#8211; <a href=\"https:\/\/conshannover.esteri.it\/wp-content\/uploads\/2024\/09\/Richiesta-divorzi-ITA-DEU-2.pdf\">Antragsformular Scheidung von 2001-2022<\/a><br \/>\n&#8211; <a href=\"https:\/\/conshannover.esteri.it\/wp-content\/uploads\/2024\/09\/Richiesta-divorzio-ITA-DEU-3.pdf\">Antragsformular Scheidung ab 2022<\/a><br \/>\n<\/span><\/span><span style=\"font-family: 'Arial',sans-serif; color: #484848;\">&#8211;<a href=\"https:\/\/conshannover.esteri.it\/wp-content\/uploads\/2023\/08\/Foglio-informativo-figli-naturali-it-e-ted_10082023.pdf\">\u00a0<span style=\"color: #38518a; text-decoration: none; text-underline: none;\">Info uneheliche Kinder<\/span><\/a><br style=\"box-sizing: border-box; overflow-wrap: break-word;\" \/>&#8211;\u00a0<a href=\"https:\/\/conshannover.esteri.it\/wp-content\/uploads\/2025\/02\/Info-per-MATRIMONIO-IN-ITALIA.pdf\"><span style=\"color: #38518a; text-decoration: none; text-underline: none;\">Info Aufgebot zur Eheschliessung<\/span><\/a><br style=\"box-sizing: border-box; overflow-wrap: break-word;\" \/>&#8211;\u00a0<a href=\"https:\/\/conshannover.esteri.it\/wp-content\/uploads\/2023\/05\/richiesta_di_pubblicazione_di_matrimonio.docx.pdf\"><span style=\"color: #38518a; text-decoration: none; text-underline: none;\">Antrag Aufgebot zur Eheschliessung<\/span>\u00a0<\/a><br style=\"box-sizing: border-box; overflow-wrap: break-word;\" \/>&#8211;\u00a0<a href=\"https:\/\/conshannover.esteri.it\/wp-content\/uploads\/2023\/05\/dichiarazione_di_convivenza.pdf\"><span style=\"color: #38518a; text-decoration: none; text-underline: none;\">Erkl\u00e4rung betreffend einer Partnerschaft<\/span><\/a><br \/>\n<\/span><\/p>\n","protected":false},"excerpt":{"rendered":"MELDEAMT &#8211;\u00a0Fast IT: Aufnahme in das AIRE\/in das Melderegister des GeneralkonsulatsAufnahme in das AIRE\/in das Melderegister des Generalkonsulats&#8211;\u00a0Antrag Meldeamts\u00e4nderung (Neue Adresse; Verzug in einen anderen Zust\u00e4ndigkeitsbereich; R\u00fcckkehr nach Italien)&#8211;\u00a0EINVERST\u00c4NDNISERKL\u00c4RUNG ZUR EINTRAGUNG INS A.I.R.E. MINDERJ\u00c4HRIGER KINDERNOTARIAT&#8211;\u00a0Eidesstattliche Erkl\u00e4rung&#8211;\u00a0Steuerhandbuch \u00a0 ARCHIV&#8211;\u00a0Antrag auf Steuernummer \u00a0 PASSAMT&#8211;\u00a0Antrag Ausstellung Pass&#8211;\u00a0Antrag Ausstellung Pass Minderj\u00e4hrige&#8211;\u00a0Zustimmungserkl\u00e4rung zur Begleitung Minderj\u00e4hriger (unter 14 Jahren)&#8211;\u00a0Verlust- bzw. Diebstahlsanzeige [&hellip;]","protected":false},"author":3,"featured_media":0,"parent":165,"menu_order":7,"comment_status":"closed","ping_status":"closed","template":"","meta":{"footnotes":""},"class_list":["post-532","page","type-page","status-publish","hentry"],"_links":{"self":[{"href":"https:\/\/conshannover.esteri.it\/de\/wp-json\/wp\/v2\/pages\/532","targetHints":{"allow":["GET"]}}],"collection":[{"href":"https:\/\/conshannover.esteri.it\/de\/wp-json\/wp\/v2\/pages"}],"about":[{"href":"https:\/\/conshannover.esteri.it\/de\/wp-json\/wp\/v2\/types\/page"}],"author":[{"embeddable":true,"href":"https:\/\/conshannover.esteri.it\/de\/wp-json\/wp\/v2\/users\/3"}],"replies":[{"embeddable":true,"href":"https:\/\/conshannover.esteri.it\/de\/wp-json\/wp\/v2\/comments?post=532"}],"version-history":[{"count":7,"href":"https:\/\/conshannover.esteri.it\/de\/wp-json\/wp\/v2\/pages\/532\/revisions"}],"predecessor-version":[{"id":6420,"href":"https:\/\/conshannover.esteri.it\/de\/wp-json\/wp\/v2\/pages\/532\/revisions\/6420"}],"up":[{"embeddable":true,"href":"https:\/\/conshannover.esteri.it\/de\/wp-json\/wp\/v2\/pages\/165"}],"wp:attachment":[{"href":"https:\/\/conshannover.esteri.it\/de\/wp-json\/wp\/v2\/media?parent=532"}],"curies":[{"name":"wp","href":"https:\/\/api.w.org\/{rel}","templated":true}]}}