{"id":612,"date":"2023-04-27T11:27:30","date_gmt":"2023-04-27T09:27:30","guid":{"rendered":"https:\/\/conshannover.esteri.it\/?page_id=612"},"modified":"2023-06-09T11:08:09","modified_gmt":"2023-06-09T09:08:09","slug":"il-portale-dei-servizi-consolari","status":"publish","type":"page","link":"https:\/\/conshannover.esteri.it\/de\/servizi-consolari-e-visti\/servizi-per-il-cittadino-italiano\/anagrafe-degli-italiani-residenti-allestero-aire\/il-portale-dei-servizi-consolari\/","title":{"rendered":"Il portale dei Servizi Consolari"},"content":{"rendered":"<p>IL PORTALE DEI SERVIZI CONSOLARI<\/p>\n<p>L&#8217;iscrizione all&#8217;AIRE si pu\u00f2 richiedere anche tramite il portale &#8222;Fast It&#8220; Servizi Consolari Online (portale in continua evoluzione), disponibile al momento solo in lingua italiana, previa registrazione dell&#8217;utente al seguente link\u00a0<a href=\"https:\/\/serviziconsolarionline.esteri.it\/ScoFE\/index.sco\">https:\/\/serviziconsolarionline.esteri.it\/<\/a><\/p>\n<p><strong><u>Il portale pu\u00f2 essere utilizzato da cittadini che non abbiano mai ottenuto un servizio consolare ad Hannover e che non siano mai stati iscritti nello schedario della Sede;<\/u><\/strong>\u00a0persone che vivevano in Germania, che poi sono rimpatriate o trasferite in altri paesi e tornate successivamente a vivere in Germania non possono fare richiesta on-line di iscrizione AIRE ma devono inviare la domanda tramite gli abituali canali di posta ordinaria o e-mail.<\/p>\n<p>A partire dal 15 maggio 2018 il portale si \u00e8 arrichito di una nuova funzionalit\u00e0: la &#8222;Comunicazione della variazione della residenza&#8220;, che permette al cittadino di comunicare al Consolato di appartenenza l&#8217;eventuale cambio di indirizzo\u00a0<strong><u>nella stessa circoscrizione consolare<\/u><\/strong><u>\u00a0<\/u>(Esempio: da Amburgo ad Hannover, da Goettingen ad Hannover, da Hannover a Kiel etc.)<\/p>\n<p><strong>Quali sono i documenti da predisporre prima di accedere al portale &#8222;Fast It&#8220;?<\/strong><\/p>\n<ul>\n<li>copia del passaporto italiano o copia della carta d&#8217;identit\u00e0 in corso di validit\u00e0 sulla<br \/>\nquale l\u2019interessato abbia apposto la sua firma;;<\/li>\n<li>prova della stabile e legale residenza all&#8217;estero, ovvero:\n<ul>\n<li>copia del certificato di residenza di data recente (Aufenthaltsbescheinigung)\u3000semplice<br \/>\no cumulativo\u3000in presenza di\u3000familiari\u3000conviventi.<\/li>\n<li>In alternativa al certificato di residenza pu\u00f2 essere presentato un contratto di<br \/>\nlavoro, o una bolletta di utenze residenziali (acqua, luce, gas, telefono etc.)<br \/>\nda cui si possa appurare che chi richiede l\u2019iscrizione in AIRE sia effettivamente residente nella Circoscrizione consolare.<\/li>\n<\/ul>\n<\/li>\n<\/ul>\n<p><strong>Cambio residenza nella stessa circoscrizione (funzione attiva dal 15 maggio 2018):<\/strong><\/p>\n<ul>\n<li>copia del passaporto italiano o copia della carta d&#8217;identit\u00e0 in corso di validit\u00e0;<\/li>\n<li>prova della stabile e legale residenza all&#8217;estero, ovvero:\n<ul>\n<li>copia del certificato di residenza di data recente (Aufenthaltsbescheinigung)\u3000semplice o cumulativo\u3000in presenza di\u3000familiari\u3000conviventi.<\/li>\n<li>In alternativa al certificato di residenza pu\u00f2 essere presentato un contratto di lavoro, o una bolletta di utenze residenziali (acqua, luce, gas, telefono etc.)<br \/>\nda cui si possa appurare che chi richiede l\u2019iscrizione in AIRE sia effettivamente residente nella Circoscrizione consolare..<\/li>\n<\/ul>\n<\/li>\n<\/ul>\n<p>In caso di familiari dichiarati come residenti all&#8217;estero, la richiesta di iscrizione \u00e8 presentata dal cittadino italiano anche per gli altri componenti della famiglia che vivono allo stesso indirizzo (ad esempio: il coniuge, i figli).<\/p>\n<p>\u00c8 comunque consigliabile che tutti i componenti maggiorenni della famiglia compilino un modello di iscrizione per consentire l&#8217;invio di dati pi\u00f9 completi al Comune in Italia. Anche in caso di coniuge straniero \u00e8 opportuno allegare fotocopia del documento d&#8217;identit\u00e0 dello stesso.<\/p>\n<p><strong><u>Le richieste che non rispettino i criteri indicati saranno rifiutate dall&#8217;operatore.<\/u><\/strong><\/p>\n<p>Le pratiche avviate attraverso &#8222;Fast It&#8220; sono consultabili on-line, ed \u00e8 cura del singolo cittadino accedere con la propria utenza e password per conoscerne lo stato.<\/p>\n<p>In caso di problemi tecnici, non essendo possibile fornire assistenza personalizzata, la richiesta di iscrizione anagrafica dovr\u00e0 essere inviata per e-mail o posta ordinaria.<\/p>\n<p>ISTRUZIONI PRATICHE<\/p>\n<p>&#8211; PRIMO PASSO: Registrati<\/p>\n<p>Si dovr\u00e0 confermare il possesso della cittadinanza italiana.Sar\u00e0 necessario indicare un indirizzo mail e una password (da un minimo di 8 caratteri ad un massimo di 16, perlomeno una lettera maiuscola, un numero e un carattere speciale).<\/p>\n<p>&#8211; SECONDO PASSO: Attiva l&#8217;account<\/p>\n<p>Si ricever\u00e0 una mail all\u2019indirizzo indicato, chiedendo di attivare l\u2019account (cliccare sul link di ATTIVAZIONE UTENZA).Qualora l\u2019account non sia attivato entro 72 ore, dovr\u00e0 essere richiesto un nuovo codice di attivazione (INVIO NUOVO CODICE DI ATTIVAZIONE).<\/p>\n<p>&#8211; TERZO PASSO: Compila la richiesta<\/p>\n<p>Dopo aver attivato l\u2019account, si dovr\u00e0 accedere al sistema per compilare la richiesta di iscrizione AIRE on line (ANAGRAFE CONSOLARE E AIRE), allegando i documenti di cui sopra.<\/p>\n<p>Per iniziare la procedura accedere al portale Fast it cliccando sul seguente link:\u00a0<a href=\"https:\/\/serviziconsolarionline.esteri.it\/ScoFE\/index.sco\">https:\/\/serviziconsolarionline.esteri.it<\/a><\/p>\n<p>IMPORTANTE: PIN- Si informa che il numero PIN richiamato nel portale \u201cFast It\u201d\u00a0<strong><u>non \u00e9 necessario per la richiesta di iscrizione all&#8217;A.I.R.E.<\/u><\/strong><\/p>\n<p>Si precisa inoltre che le funzioni del portale che necessitano del PIN non sono ancora state abilitate dal Ministero degli Affari Esteri e della Cooperazione Internazionale. Si specifica che non \u00e8 possibile per gli utenti generare autonomamente il proprio PIN e che questo Consolato pubblicher\u00e0 sulla home page del proprio sito web un avviso specifico relativo al rilascio del PIN, non appena questo servizio sar\u00e0 reso disponibile.<\/p>\n<p><strong>ATTENZIONE!<\/strong>\u00a0Aprire e leggere attentamente i due allegati seguenti, contenenti\u00a0<u>INFORMAZIONI ASSOLUTAMENTE NECESSARIE<\/u>\u00a0per la corretta registrazione e per la successiva compilazione della domanda di iscrizione AIRE sul portale Fast It.<br \/>\n<strong>Si precisa che\u00a0<u>NON<\/u>\u00a0sono accettati i caratteri speciali (es. ~ \/ \u00e7) e NESSUN TIPO DI ACCENTO (^\u00b4 &#8218; )<\/strong><\/p>\n<ul>\n<li>Istruzioni &#8222;<a href=\"https:\/\/conshannover.esteri.it\/wp-content\/uploads\/2023\/04\/2018.04.04_-istruzioniiscrizionesecoli.pdf\"><u>REGISTRAZIONE<\/u><\/a>&#8220;<br \/>\n\u2022 Istruzioni &#8222;<a href=\"https:\/\/conshannover.esteri.it\/wp-content\/uploads\/2023\/04\/2018.04.04_-istruzionisecoliiscrizioneairerivista.pdf\"><u>RICHIESTA<\/u><\/a>&#8222;<\/li>\n<\/ul>\n<p><strong>IMPORTANTE<\/strong><br \/>\nUna volta ricevuta la e-mail di conferma di iscrizione nello Schedario Consolare da parte dell&#8217;Ufficio Anagrafe di questo Consolato, l&#8217;interessato potr\u00e0 procedere con la richiesta di eventuali servizi consolari, indipendentemente dallo status &#8222;in lavorazione&#8220; che potrebbe risultare nell&#8217;applicativo \u201cFast It\u201d.<\/p>\n<p>Si ricorda che il termine massimo di legge per la lavorazione delle pratiche di iscrizione\/aggiornamento AIRE \u00e9 di 180 giorni a partire dalla presentazione della domanda completa di tutti i documenti necessari. Una volta esperiti i controlli da parte del Consolato, l\u2019utente ricever\u00e0 una e-mail di conclusione del procedimento.<\/p>\n<p>Qualora la domanda risulti incompleta, la richiesta di documenti integrativi e di eventuali ulteriori informazioni verr\u00e0 effettuata direttamente agli interessati.<\/p>\n<p>Si sottolinea che la procedura di registrazione AIRE offerta da &#8222;Fast It&#8220; non \u00e8 l&#8217;iscrizione all&#8217;AIRE, bens\u00ec una modalit\u00e0 automatizzata che riduce al minimo errori di digitazione o l&#8217;invio di domande incomplete.<\/p>\n<p>Il portale \u00e8 in continua evoluzione e a breve offrir\u00e0 numerosi altri servizi online.<\/p>\n","protected":false},"excerpt":{"rendered":"IL PORTALE DEI SERVIZI CONSOLARI L&#8217;iscrizione all&#8217;AIRE si pu\u00f2 richiedere anche tramite il portale &#8222;Fast It&#8220; Servizi Consolari Online (portale in continua evoluzione), disponibile al momento solo in lingua italiana, previa registrazione dell&#8217;utente al seguente link\u00a0https:\/\/serviziconsolarionline.esteri.it\/ Il portale pu\u00f2 essere utilizzato da cittadini che non abbiano mai ottenuto un servizio consolare ad Hannover e che [&hellip;]","protected":false},"author":3,"featured_media":0,"parent":202,"menu_order":0,"comment_status":"closed","ping_status":"closed","template":"","meta":{"footnotes":""},"class_list":["post-612","page","type-page","status-publish","hentry"],"_links":{"self":[{"href":"https:\/\/conshannover.esteri.it\/de\/wp-json\/wp\/v2\/pages\/612","targetHints":{"allow":["GET"]}}],"collection":[{"href":"https:\/\/conshannover.esteri.it\/de\/wp-json\/wp\/v2\/pages"}],"about":[{"href":"https:\/\/conshannover.esteri.it\/de\/wp-json\/wp\/v2\/types\/page"}],"author":[{"embeddable":true,"href":"https:\/\/conshannover.esteri.it\/de\/wp-json\/wp\/v2\/users\/3"}],"replies":[{"embeddable":true,"href":"https:\/\/conshannover.esteri.it\/de\/wp-json\/wp\/v2\/comments?post=612"}],"version-history":[{"count":1,"href":"https:\/\/conshannover.esteri.it\/de\/wp-json\/wp\/v2\/pages\/612\/revisions"}],"predecessor-version":[{"id":613,"href":"https:\/\/conshannover.esteri.it\/de\/wp-json\/wp\/v2\/pages\/612\/revisions\/613"}],"up":[{"embeddable":true,"href":"https:\/\/conshannover.esteri.it\/de\/wp-json\/wp\/v2\/pages\/202"}],"wp:attachment":[{"href":"https:\/\/conshannover.esteri.it\/de\/wp-json\/wp\/v2\/media?parent=612"}],"curies":[{"name":"wp","href":"https:\/\/api.w.org\/{rel}","templated":true}]}}