{"id":626,"date":"2023-05-19T12:00:13","date_gmt":"2023-05-19T10:00:13","guid":{"rendered":"https:\/\/conshannover.esteri.it\/?page_id=626"},"modified":"2025-06-16T11:54:26","modified_gmt":"2025-06-16T09:54:26","slug":"staatsangehoerigkeit","status":"publish","type":"page","link":"https:\/\/conshannover.esteri.it\/de\/servizi-consolari-e-visti\/servizi-per-il-cittadino-italiano\/staatsangehoerigkeit\/","title":{"rendered":"Staatsangeh\u00f6rigkeit"},"content":{"rendered":"<div>\n<h3><strong><em>Die Seite wird nach dem Inkrafttreten des Gesetzes Nr. 74 vom 23. Mai 2025, \u201eDringende Bestimmungen zur Staatsb\u00fcrgerschaft\u201c, aktualisiert.<\/em><\/strong><\/h3>\n<p>&nbsp;<\/p>\n<\/div>\n<div><\/div>\n<div><\/div>\n<div><\/div>\n<div class=\"sr-only\"><a href=\"https:\/\/conshannover.esteri.it\/wp-content\/uploads\/2025\/01\/Cittadinanza-sito-lingua-tedesca_03012025.pdf\"><strong>Staatsangeh\u00f6rigkeit<\/strong><\/a><\/div>\n<div>\n<p>&nbsp;<\/p>\n<p>&nbsp;<\/p>\n<p>Auskunft erteilt das Amt f\u00fcr Staatsangeh\u00f6rigkeit<br \/>\nTel.: 0511 28379 11; 0511 28379 20<br \/>\nEmail:\u00a0<a href=\"mailto:statocivile.hannover@esteri.it\">statocivile.hannover@esteri.it<\/a><\/p>\n<\/div>\n","protected":false},"excerpt":{"rendered":"Die Seite wird nach dem Inkrafttreten des Gesetzes Nr. 74 vom 23. Mai 2025, \u201eDringende Bestimmungen zur Staatsb\u00fcrgerschaft\u201c, aktualisiert. &nbsp; Staatsangeh\u00f6rigkeit &nbsp; &nbsp; Auskunft erteilt das Amt f\u00fcr Staatsangeh\u00f6rigkeit Tel.: 0511 28379 11; 0511 28379 20 Email:\u00a0statocivile.hannover@esteri.it","protected":false},"author":3,"featured_media":0,"parent":165,"menu_order":8,"comment_status":"closed","ping_status":"closed","template":"","meta":{"footnotes":""},"class_list":["post-626","page","type-page","status-publish","hentry"],"_links":{"self":[{"href":"https:\/\/conshannover.esteri.it\/de\/wp-json\/wp\/v2\/pages\/626","targetHints":{"allow":["GET"]}}],"collection":[{"href":"https:\/\/conshannover.esteri.it\/de\/wp-json\/wp\/v2\/pages"}],"about":[{"href":"https:\/\/conshannover.esteri.it\/de\/wp-json\/wp\/v2\/types\/page"}],"author":[{"embeddable":true,"href":"https:\/\/conshannover.esteri.it\/de\/wp-json\/wp\/v2\/users\/3"}],"replies":[{"embeddable":true,"href":"https:\/\/conshannover.esteri.it\/de\/wp-json\/wp\/v2\/comments?post=626"}],"version-history":[{"count":5,"href":"https:\/\/conshannover.esteri.it\/de\/wp-json\/wp\/v2\/pages\/626\/revisions"}],"predecessor-version":[{"id":5262,"href":"https:\/\/conshannover.esteri.it\/de\/wp-json\/wp\/v2\/pages\/626\/revisions\/5262"}],"up":[{"embeddable":true,"href":"https:\/\/conshannover.esteri.it\/de\/wp-json\/wp\/v2\/pages\/165"}],"wp:attachment":[{"href":"https:\/\/conshannover.esteri.it\/de\/wp-json\/wp\/v2\/media?parent=626"}],"curies":[{"name":"wp","href":"https:\/\/api.w.org\/{rel}","templated":true}]}}