{"id":6269,"date":"2026-01-09T11:41:01","date_gmt":"2026-01-09T09:41:01","guid":{"rendered":"https:\/\/conshannover.esteri.it\/?page_id=6269"},"modified":"2026-01-09T11:50:46","modified_gmt":"2026-01-09T09:50:46","slug":"ehe-eingetragene-partnerschaft-lebensgemeinschaft-scheidung-aenderungen-des-personalstatus-todesfallstandesamt","status":"publish","type":"page","link":"https:\/\/conshannover.esteri.it\/de\/servizi-consolari-e-visti\/servizi-per-il-cittadino-italiano\/stato-civile\/ehe-eingetragene-partnerschaft-lebensgemeinschaft-scheidung-aenderungen-des-personalstatus-todesfallstandesamt\/","title":{"rendered":"EHE, EINGETRAGENE PARTNERSCHAFT, LEBENSGEMEINSCHAFT, SCHEIDUNG, \u00c4NDERUNGEN DES PERSONALSTATUS, TODESFALLSTANDESAMT"},"content":{"rendered":"<p><strong>Standesamtliche Abteilung<\/strong><\/p>\n<p><a href=\"https:\/\/www.esteri.it\/it\/servizi-consolari-e-visti\/italiani-all-estero\/stato-civile\/\">Allgemeine Informationen des italienischen Au\u00dfenministerium <\/a><u>\u00a0 <\/u>(<em>in italienischer Sprache)<\/em><a href=\"http:\/\/www.esteri.it\/mae\/it\/italiani_nel_mondo\/serviziconsolari\/statocivile\/\"><em><\/p>\n<p><\/em><\/a><\/p>\n<p>Der Zivilstand italienischer Staatsb\u00fcrger und etwaige \u00c4nderungen betreffend:<\/p>\n<ul>\n<li><strong>Geburten<\/strong> <em>(auch im Falle einer Adoption oder einer Einb\u00fcrgerung)<\/em><\/li>\n<li><strong>Personenst\u00e4nde<\/strong> <em>(Ehe, eingetragene Lebenspartnerschaften, nichteheliche Lebens\u00adgemeinschaft, Scheidung)<\/em><\/li>\n<li><strong>\u00c4nderungen der Personalien <\/strong><em>(Nachname, Vorname oder Geschlecht)<\/em><\/li>\n<li><strong>Todesf\u00e4lle<\/strong><\/li>\n<li><strong>Staatsangeh\u00f6rigkeit <\/strong><em>(<\/em><em>Einb\u00fcrgerung oder Verzicht auf die Staatsangeh\u00f6rigkeit)<\/em><\/li>\n<\/ul>\n<p>m\u00fcssen umgehend dem Konsulat angezeigt werden, damit eine Nachbeurkundung ausl\u00e4ndischer Urkunden in Italien veranlasst werden kann.<\/p>\n<p><em><u>\u00a0<\/u><\/em><em><u>Bitte beachten<\/u><\/em><em>: <\/em><em>Das Konsulat stellt <u>keine<\/u> Zivilstandsurkunden aus.<\/em><\/p>\n<p><em>Urkunden, die schon in Italien registriert sind und zur Vorlage bei italienischen <\/em><em>Beh\u00f6rden ben\u00f6tigt werden, k\u00f6nnen durch eine <\/em><strong><em>pers\u00f6nliche Erkl\u00e4rung<\/em><\/strong> <em>nach Art. 46 <\/em><em>des Dekrets n. 445\/2000 des Staatspr\u00e4sidenten vom 28.12.2000 ersetzt werden.<\/em><\/p>\n<p><em>Zivilstandsurkunden f\u00fcr deutsche Beh\u00f6rden m\u00fcssen hingegen bei der zust\u00e4ndigen italienischen Gemeinde direkt beantragt werden.<\/em><\/p>\n<ul>\n<li><strong>Geburten<\/strong><\/li>\n<\/ul>\n<p>Die Geburt eines jeden italienischen Staatsb\u00fcrgers muss in Italien registriert sein, unabh\u00e4ngig davon wo er geboren wurde. Dies gilt auch f\u00fcr Kinder, die neben der italienischen, auch eine andere Staatsangeh\u00f6rigkeit besitzen.<\/p>\n<p><em><u>Bitte beachten<\/u><\/em><em>: <\/em><em>Der Antrag auf Erteilung des doppelten Nachnamens von Vater und Mutter (nur in dieser Reihenfolge m\u00f6glich), muss von den Eltern beim deutschen Standesamt zur Zeit der Beurkundung abgegeben werden.<\/em><\/p>\n<p><em>\u00a0<\/em>F\u00fcr die Registrierung der Geburt eines Kindes in Italien, die auch durch das Konsulat beantragt werden kann, m\u00fcssen dem Antrag auch folgende Unterlagen beigef\u00fcgt werden:<\/p>\n<ul>\n<li><strong>Original der Geburtsurkunde<\/strong> auf internationalem mehrsprachigem Formular;<\/li>\n<\/ul>\n<p><em>\u00a0<\/em><em><u>Bitte beachten: <\/u><\/em><em>im Falle von Geburtsurkunden, die au\u00dferhalb der Europ\u00e4ischen Union ausgestellt wur\u00adden, wenden Sie sich bitte an unsere standesamtliche Abteilung f\u00fcr weitere Informationen. <\/em><\/p>\n<ul>\n<li><strong>Fotokopie der Personalausweise<\/strong> beider Eltern<strong>;<\/strong><\/li>\n<li>bei<strong> <u>unverheirateten Eltern<\/u><\/strong>, auch:<\/li>\n<li><a href=\"https:\/\/conshannover.esteri.it\/wp-content\/uploads\/2023\/06\/Foglio-informativo-figli-naturali-it-e-ted.pdf\">Vaterschafts- und Mutterschaftsanerkennung<\/a> mit beglaubigter \u00dcber\u00adsetzung in die italienische Sprache <em>(bitte kontaktieren<\/em><em> Sie <\/em><em>einen der <\/em><a href=\"https:\/\/conshannover.esteri.it\/it\/servizi-consolari-e-visti\/servizi-per-il-cittadino-italiano\/elenchi-e-link-utili\/\"><em>vereidigten \u00dcbersetzer,<\/em><\/a><em> die ihre Unterschrift bei uns hinterlegt haben)<\/em><\/li>\n<li><strong>bei <\/strong><strong>Hinzuf<\/strong><strong>\u00fcgung des Familiennamens der Mutter zu dem des Vaters<\/strong>, auch:\n<ul>\n<li><u>Willensbekundung<\/u><strong> beider Eltern<\/strong>\n<ul>\n<li><em><u>Bitte beachten<\/u><\/em><em>: <\/em><em>Der Antrag muss schon beim deutschen Standesamt im Moment der Beurkundung eingereicht werden<\/em><\/li>\n<\/ul>\n<\/li>\n<\/ul>\n<\/li>\n<\/ul>\n<p><em><u>Bitte beachten<\/u><\/em><strong><em>:<\/em><\/strong><\/p>\n<p><em>Die Geburtsurkunde muss auch von B\u00fcrgern in Italien registriert werden, die durch Einb\u00fcrgerung oder Adoption Italiener geworden sind. <\/em><\/p>\n<ul>\n<li style=\"list-style-type: none;\">\n<ul>\n<li style=\"list-style-type: none;\">\n<ul>\n<li><em>F\u00fcr weitere Ausk\u00fcnfte kontaktieren Sie unsere standesamtliche Abteilung: <\/em><a href=\"mailto:statocivile.hannover@esteri.it\">statocivile.hannover@esteri.it<\/a><\/li>\n<\/ul>\n<\/li>\n<\/ul>\n<\/li>\n<\/ul>\n<ul>\n<li><strong>Eheschlie\u00dfung<\/strong><\/li>\n<li><strong>Eheschlie\u00dfung in ITALIEN<\/strong><\/li>\n<\/ul>\n<p><strong>\u00a0<\/strong>Im AIRE-Register eingetragene italienische Staatsb\u00fcrger, die in Italien heiraten wollen, m\u00fcssen beim Konsulat ein <strong>Eheaufgebot<\/strong> beantragen<\/p>\n<ul>\n<li><em>F\u00fcr weitere Ausk\u00fcnfte siehe: <\/em><a href=\"https:\/\/conshannover.esteri.it\/wp-content\/uploads\/2025\/02\/Info-per-MATRIMONIO-IN-ITALIA.pdf\"><strong>Infoblatt<\/strong><\/a><\/li>\n<li><strong>Eheschlie\u00dfung in DEUTSCHLAND<\/strong><\/li>\n<\/ul>\n<p>Italienische Staatsb\u00fcrger, die in Deutschland heiraten wollen, m\u00fcssen sich beim zust\u00e4ndigen deutschen Standesamt melden, das, unter anderem, die Vorlage eines durch das Konsulat ausgestellten <strong>Ehef\u00e4higkeitszeugnisses<\/strong> verlangen wird.<\/p>\n<ul>\n<li><em>F\u00fcr weitere Ausk\u00fcnfte siehe: <\/em><a href=\"https:\/\/conshannover.esteri.it\/wp-content\/uploads\/2025\/12\/Documentazione-capacita-matrimoniale_It_De-AGGIORNATO-contr.pdf\"><strong>Infoblatt<\/strong><\/a><\/li>\n<li><strong>Konkordatsehen<\/strong><\/li>\n<\/ul>\n<p><strong>\u00a0<\/strong>Diese wird in Italien vor dem zust\u00e4ndigen Pfarrer\/Geistlichen geschlossen. Voraussetzung daf\u00fcr ist das Eheaufgebot, das beim Italienischen Generalkonsulat beantragt wird, unter pers\u00f6nlicher Vorsprache beider Brautleute unter vorheriger Terminabsprache.<\/p>\n<ul>\n<li><strong>Schon geschlossene Ehen<\/strong><\/li>\n<\/ul>\n<p><strong>\u00a0<\/strong>Im Falle von Ehen, die in einem Staat der Europ\u00e4ischen Union schon geschlossen wurden, muss ein <strong>Original der Heiratsurkunde<\/strong> auf internationalem mehrspra\u00adchigem Formular eingereicht werden.<\/p>\n<ul>\n<li><em><u>Bitte beachten: <\/u><\/em><em>Bei Ehen, die au\u00dferhalb der Europ\u00e4ischen Union geschlossen wurden, kontaktieren Sie bitte unsere standesamtliche Abteilung: <\/em><a href=\"mailto:statocivile.hannover@esteri.it\">statocivile.hannover@esteri.it<\/a><\/li>\n<li><strong>Lebenspartnerschaften<\/strong><\/li>\n<li><strong>Eingetragene Lebenspartnerschaften<\/strong><\/li>\n<li><strong><u>Registrierung einer bereits bestehenden, im Ausland eingetragenen Lebenspartner\u00adschaft<\/u><\/strong><\/li>\n<\/ul>\n<p>Nach Inkrafttreten der Dekrete Nr. 5, 6 und 7 vom 19.01.2017 betreffend das Gesetz 76\/2016 (Gazzetta Ufficiale Nr. 22 vom 27.01.2017), sind italienische Staatsangeh\u00f6\u00adrige, die im Ausland nach \u00f6rtlichem Recht bereits eine Ehe oder eine Lebenspartner\u00adschaft mit einer Person gleichen Geschlechts geschlossen haben, verpflichtet, den im Ausland eingegangenen Bund in Italien registrieren zu lassen.<\/p>\n<p><strong><u>Begr\u00fcndung einer neuen eingetragenen Lebenspartnerschaft beim Konsulat<\/u><\/strong><\/p>\n<ul>\n<li>Italienische Staatsangeh\u00f6rige, die im AIRE-Register Hannover eingetragen sind, k\u00f6n\u00adnen einen Termin vereinbaren, um eine neue Lebenspartnerschaft eintragen zu las\u00adsen.<br \/>\nZum Verfahren geh\u00f6ren zwei getrennte Vorg\u00e4nge, n\u00e4mlich die Antragstellung und die tats\u00e4chliche Begr\u00fcndung der eingetragenen Lebenspartnerschaft.<br \/>\nZusammen mit der Begr\u00fcndung der eingetragenen Lebenspartnerschaft k\u00f6nnen die Betreffenden auch eventuelle Vereinbarungen \u00fcber den G\u00fcterstand vorlegen.<\/li>\n<li><em>F\u00fcr weitere Ausk\u00fcnfte kontaktieren Sie unsere standesamtliche Abteilung: <\/em><a href=\"mailto:statocivile.hannover@esteri.it\">hannover@esteri.it<\/a><\/li>\n<\/ul>\n<ul>\n<li><strong>Nichteheliche Lebensgemeinschaften<\/strong><\/li>\n<\/ul>\n<p>Das\u00a0<a href=\"http:\/\/www.gazzettaufficiale.it\/eli\/id\/2016\/05\/21\/16G00082\/sg\">Gesetz Nr. 76 vom 20. Mai 2016<\/a>, regelt die nichteheliche Lebensgemein\u00adschaft zwischen zwei vollj\u00e4hrigen Personen, die miteinander verbunden sind und sich gegenseitig geistig und moralisch st\u00fctzen. Sie sind nicht miteinander ver\u00adwandt oder verheiratet und sie haben keine Lebenspartnerschaft begr\u00fcndet.<\/p>\n<p>Der im AIRE-Register eingetragene italienische Staatsb\u00fcrger kann eine beste\u00adhende nichteheliche Lebensgemeinschaft beim Konsulat <a href=\"https:\/\/conshannover.esteri.it\/wp-content\/uploads\/2023\/06\/dichiarazione_di_convivenza.pdf\">angeben<\/a>. Gleichwohl m\u00fcssen alle zuk\u00fcnftigen \u00c4nderungen auch mitgeteilt werden.<\/p>\n<p>Die Adress\u00e4nderung eines einzelnen Mitglieds oder dessen Schlie\u00dfung einer Le\u00adbenspartnerschaft oder Ehe beenden die Lebensgemeinschaft.<\/p>\n<p>Etwaige verm\u00f6gensrechtliche Aspekte der Lebensgemeinschaft oder dessen \u00c4n\u00adderungen, m\u00fcssen von einem deutschen Notar vertraglich beurkundet werden und dem Konsulat mitgeteilt werden. Dazu muss eine notarielle Abschrift des Vertrages eingereicht werden, der eine \u00dcbersetzung in die italienische Sprache beigelegt wird.<\/p>\n<p>Die Lebenspartner haben das Recht, sich gegenseitig im Krankenhaus und in Pflegeeinrichtungen zu besuchen, sie haben das Recht auf Betreuung und auf Zugang zu den pers\u00f6nlichen Daten. In den vom Gesetz vorgesehenen F\u00e4llen kann der Lebenspartner den anderen zu seinem Bevollm\u00e4chtigten bestimmen.<\/p>\n<p>Sollte ein Lebenspartner entm\u00fcndigt oder f\u00fcr unzurechnungsf\u00e4hig erkl\u00e4rt werden, so kann der andere Lebenspartner zu seinem Vormund, Beistand oder Sachwal\u00adter ernannt werden.<\/p>\n<p>Wird die nichteheliche Lebensgemeinschaft aufgel\u00f6st, legt der Richter das Recht auf und das Ausma\u00df des Unterhaltes fest. Der Unterhaltsanspruch richtet sich auf jeden Fall nach dem Zeitraum des Zusammenlebens und sofern sich der &#8222;schw\u00e4chere&#8220; Lebenspartner in einem Notstand befindet und nicht \u00fcber ausrei\u00adchendes eigenes Einkommen verf\u00fcgt.<\/p>\n<ul>\n<li><em>F\u00fcr weitere Ausk\u00fcnfte kontaktieren Sie unsere standesamtliche Abteilung: <\/em><a href=\"mailto:statocivile.hannover@esteri.it\">hannover@esteri.it<\/a><\/li>\n<li><strong>Scheidungen<\/strong><\/li>\n<\/ul>\n<p>Das Gesetz 218\/1995 zum internationalen Privatrecht erlaubt grunds\u00e4tzlich die<\/p>\n<p>Anerkennung in Italien ausl\u00e4ndischer Scheidungsurteile, die den Grunds\u00e4tzen des italienischen Rechts entsprechen.<\/p>\n<p>Um in Italien zu gelten, m\u00fcssen ausl\u00e4ndische Scheidungsurteile allerdings bei der zust\u00e4ndigen Gemeinde registriert werden. Zu diesem Zweck stellt das deutsche Gericht auf Antrag eine Bescheinigung nach der EU-Verordnung 2201\/2003 aus, die keiner weiteren Formalit\u00e4t bedarf.<\/p>\n<p>Die Registrierung der Scheidung kann auch durch das Konsulat beantragt werden.<\/p>\n<ul>\n<li><em>F\u00fcr weitere Ausk\u00fcnfte kontaktieren Sie unsere standesamtliche Abteilung: <\/em><a href=\"mailto:statocivile.hannover@esteri.it\">hannover@esteri.it<\/a><\/li>\n<\/ul>\n<ul>\n<li><strong>Namens- oder Geschlechts\u00e4nderungen<\/strong><\/li>\n<\/ul>\n<p>Auch Namens- und Geschlechts\u00e4nderungen m\u00fcssen in Italien registriert werden.<\/p>\n<ul>\n<li><em>F\u00fcr weitere Ausk\u00fcnfte kontaktieren Sie unsere standesamtliche Abteilung: <\/em><a href=\"mailto:statocivile.hannover@esteri.it\">hannover@esteri.it<\/a><\/li>\n<li><strong>Todesf\u00e4lle<\/strong><\/li>\n<\/ul>\n<p>Der Tod eines italienischen Staatsb\u00fcrgers in Deutschland muss in Italien registriert werden auch wenn der Verstorbene auch eine andere Staatsangeh\u00f6rigkeit hatte.<\/p>\n<p>Um den Tod zu beurkunden verlangt das deutsche Standesamt normalerweise die Vorlage einer Geburts- und Eheurkunde.<\/p>\n<p>In diesem speziellen Fall kann die Beschaffung der Urkunden aus Italien durch das Konsulat erfolgen.<\/p>\n<ul>\n<li><em>F\u00fcr weitere Ausk\u00fcnfte kontaktieren Sie unsere standesamtliche Abteilung: <\/em><a href=\"mailto:statocivile.hannover@esteri.it\">hannover@esteri.it<\/a><\/li>\n<li><strong>Staatsangeh\u00f6rigkeit<\/strong><\/li>\n<\/ul>\n<p>Sowohl die Einb\u00fcrgerung in den deutschen Staatsverband eines Ausl\u00e4nders als auch der Verzicht der italienischen Staatsangeh\u00f6rigkeit m\u00fcssen in Italien registriert werden.<\/p>\n<p>Da dies fr\u00fcher nicht automatisch erfolgte, sollte im Falle einer fr\u00fcheren Einb\u00fcrge\u00adrung die Registrierung der Geburt bei der zust\u00e4ndigen italienischen Gemeinde \u00fcberpr\u00fcft werden, da sonst <u>kein neuer Personalausweis oder Pass mehr ausge\u00ad<\/u><u>stellt werden kann<\/u>.<\/p>\n<ul>\n<li><em>F\u00fcr weitere Ausk\u00fcnfte kontaktieren Sie unsere standesamtliche Abteilung: <\/em><a href=\"mailto:statocivile.hannover@esteri.it\">hannover@esteri.it<\/a><\/li>\n<\/ul>\n","protected":false},"excerpt":{"rendered":"Standesamtliche Abteilung Allgemeine Informationen des italienischen Au\u00dfenministerium \u00a0 (in italienischer Sprache) Der Zivilstand italienischer Staatsb\u00fcrger und etwaige \u00c4nderungen betreffend: Geburten (auch im Falle einer Adoption oder einer Einb\u00fcrgerung) Personenst\u00e4nde (Ehe, eingetragene Lebenspartnerschaften, nichteheliche Lebens\u00adgemeinschaft, Scheidung) \u00c4nderungen der Personalien (Nachname, Vorname oder Geschlecht) Todesf\u00e4lle Staatsangeh\u00f6rigkeit (Einb\u00fcrgerung oder Verzicht auf die Staatsangeh\u00f6rigkeit) m\u00fcssen umgehend dem Konsulat angezeigt [&hellip;]","protected":false},"author":8,"featured_media":0,"parent":203,"menu_order":2,"comment_status":"closed","ping_status":"closed","template":"","meta":{"footnotes":""},"class_list":["post-6269","page","type-page","status-publish","hentry"],"_links":{"self":[{"href":"https:\/\/conshannover.esteri.it\/de\/wp-json\/wp\/v2\/pages\/6269","targetHints":{"allow":["GET"]}}],"collection":[{"href":"https:\/\/conshannover.esteri.it\/de\/wp-json\/wp\/v2\/pages"}],"about":[{"href":"https:\/\/conshannover.esteri.it\/de\/wp-json\/wp\/v2\/types\/page"}],"author":[{"embeddable":true,"href":"https:\/\/conshannover.esteri.it\/de\/wp-json\/wp\/v2\/users\/8"}],"replies":[{"embeddable":true,"href":"https:\/\/conshannover.esteri.it\/de\/wp-json\/wp\/v2\/comments?post=6269"}],"version-history":[{"count":1,"href":"https:\/\/conshannover.esteri.it\/de\/wp-json\/wp\/v2\/pages\/6269\/revisions"}],"predecessor-version":[{"id":6272,"href":"https:\/\/conshannover.esteri.it\/de\/wp-json\/wp\/v2\/pages\/6269\/revisions\/6272"}],"up":[{"embeddable":true,"href":"https:\/\/conshannover.esteri.it\/de\/wp-json\/wp\/v2\/pages\/203"}],"wp:attachment":[{"href":"https:\/\/conshannover.esteri.it\/de\/wp-json\/wp\/v2\/media?parent=6269"}],"curies":[{"name":"wp","href":"https:\/\/api.w.org\/{rel}","templated":true}]}}