{"id":674,"date":"2023-04-18T12:18:08","date_gmt":"2023-04-18T10:18:08","guid":{"rendered":"https:\/\/conshannover.esteri.it\/?page_id=674"},"modified":"2024-01-03T16:20:08","modified_gmt":"2024-01-03T14:20:08","slug":"oeffnungszeiten-des-italienischen-generalkonsulats-in-hannover","status":"publish","type":"page","link":"https:\/\/conshannover.esteri.it\/de\/chi-siamo\/la-sede\/oeffnungszeiten-des-italienischen-generalkonsulats-in-hannover\/","title":{"rendered":"\u00d6ffnungszeiten des italienischen Generalkonsulats in Hannover"},"content":{"rendered":"<p>Die Konsular Abteilungen sind zu den folgenden Zeiten f\u00fcr die \u00d6ffentlichkeit zug\u00e4nglich:<\/p>\n<div>\n<div class=\"responsive\">\n<table class=\"table table-bordered table-sm export-table\">\n<tbody>\n<tr class=\"thead-light\">\n<td style=\"text-align: center;\" width=\"208\"><\/td>\n<td style=\"text-align: center;\" width=\"208\"><strong>Morgens<\/strong><\/td>\n<td style=\"text-align: center;\" width=\"208\"><strong>Nachmittags<\/strong><\/td>\n<\/tr>\n<tr>\n<td style=\"text-align: center;\" width=\"208\"><strong>Montag<\/strong><\/td>\n<td style=\"text-align: center;\" width=\"208\">GESCHLOSSEN<\/td>\n<td style=\"text-align: center;\" width=\"208\">15:00 &#8211; 17:00<\/td>\n<\/tr>\n<tr>\n<td style=\"text-align: center;\" width=\"208\"><strong>Dienstag<\/strong><\/td>\n<td style=\"text-align: center;\" width=\"208\">9:00 &#8211; 12:00<\/td>\n<td style=\"text-align: center;\" width=\"208\">GESCHLOSSEN<\/td>\n<\/tr>\n<tr>\n<td style=\"text-align: center;\" width=\"208\"><strong>Mittwoch<\/strong><\/td>\n<td style=\"text-align: center;\" width=\"208\">9:00 &#8211; 13:00<\/td>\n<td style=\"text-align: center;\" width=\"208\">15:00 &#8211; 17:00<\/td>\n<\/tr>\n<tr>\n<td style=\"text-align: center;\" width=\"208\"><strong>Donnerstag<\/strong><\/td>\n<td style=\"text-align: center;\" width=\"208\">9:00 &#8211; 12:00<\/td>\n<td style=\"text-align: center;\" width=\"208\">GESCHLOSSEN<\/td>\n<\/tr>\n<tr>\n<td style=\"text-align: center;\" width=\"208\"><strong>Freitag<\/strong><\/td>\n<td style=\"text-align: center;\" width=\"208\">9:00 &#8211; 12:00<\/td>\n<td style=\"text-align: center;\" width=\"208\">GESCHLOSSEN<\/td>\n<\/tr>\n<\/tbody>\n<\/table>\n<\/div>\n<\/div>\n","protected":false},"excerpt":{"rendered":"Die Konsular Abteilungen sind zu den folgenden Zeiten f\u00fcr die \u00d6ffentlichkeit zug\u00e4nglich: Morgens Nachmittags Montag GESCHLOSSEN 15:00 &#8211; 17:00 Dienstag 9:00 &#8211; 12:00 GESCHLOSSEN Mittwoch 9:00 &#8211; 13:00 15:00 &#8211; 17:00 Donnerstag 9:00 &#8211; 12:00 GESCHLOSSEN Freitag 9:00 &#8211; 12:00 GESCHLOSSEN","protected":false},"author":3,"featured_media":0,"parent":156,"menu_order":1,"comment_status":"closed","ping_status":"closed","template":"","meta":{"footnotes":""},"class_list":["post-674","page","type-page","status-publish","hentry"],"_links":{"self":[{"href":"https:\/\/conshannover.esteri.it\/de\/wp-json\/wp\/v2\/pages\/674","targetHints":{"allow":["GET"]}}],"collection":[{"href":"https:\/\/conshannover.esteri.it\/de\/wp-json\/wp\/v2\/pages"}],"about":[{"href":"https:\/\/conshannover.esteri.it\/de\/wp-json\/wp\/v2\/types\/page"}],"author":[{"embeddable":true,"href":"https:\/\/conshannover.esteri.it\/de\/wp-json\/wp\/v2\/users\/3"}],"replies":[{"embeddable":true,"href":"https:\/\/conshannover.esteri.it\/de\/wp-json\/wp\/v2\/comments?post=674"}],"version-history":[{"count":5,"href":"https:\/\/conshannover.esteri.it\/de\/wp-json\/wp\/v2\/pages\/674\/revisions"}],"predecessor-version":[{"id":2496,"href":"https:\/\/conshannover.esteri.it\/de\/wp-json\/wp\/v2\/pages\/674\/revisions\/2496"}],"up":[{"embeddable":true,"href":"https:\/\/conshannover.esteri.it\/de\/wp-json\/wp\/v2\/pages\/156"}],"wp:attachment":[{"href":"https:\/\/conshannover.esteri.it\/de\/wp-json\/wp\/v2\/media?parent=674"}],"curies":[{"name":"wp","href":"https:\/\/api.w.org\/{rel}","templated":true}]}}