{"id":736,"date":"2023-05-18T09:56:19","date_gmt":"2023-05-18T07:56:19","guid":{"rendered":"https:\/\/conshannover.esteri.it\/?page_id=736"},"modified":"2024-01-12T17:41:19","modified_gmt":"2024-01-12T15:41:19","slug":"reise-unbegleiteter-minderjaehriger","status":"publish","type":"page","link":"https:\/\/conshannover.esteri.it\/de\/servizi-consolari-e-visti\/servizi-per-il-cittadino-italiano\/passaporti-e-carte-didentita\/reise-unbegleiteter-minderjaehriger\/","title":{"rendered":"Reise unbegleiteter Minderj\u00e4hriger"},"content":{"rendered":"<p style=\"text-align: justify;\"><strong>Begleitende Erkl\u00e4rung f\u00fcr Minderj\u00e4hrige unter vierzehn Jahren<\/strong><\/p>\n<p style=\"text-align: justify;\">Italienische Minderj\u00e4hrige <strong>bis zum Alter von vierzehn Jahren<\/strong>, die ohne Begleitung von mindestens einem Erziehungsberechtigten ins Ausland reisen, m\u00fcssen eine Begleitbescheinigung vorlegen, aus der die Personalien der Person(en), der Organisation oder des Transportunternehmens hervorgehen, denen sie anvertraut werden. Die Bescheinigung wird auf Antrag ausgestellt und von allen Personen unterzeichnet, die nach italienischem Recht die elterliche Sorgerecht besitzen. Sie ist nur f\u00fcr eine Fahrt (Hin- und R\u00fcckfahrt) g\u00fcltig und darf sechs Monate nicht \u00fcberschreiten.<\/p>\n<p style=\"text-align: justify;\">Das <a href=\"https:\/\/conshannover.esteri.it\/wp-content\/uploads\/2023\/05\/rich._acc._minori_-_ita-deu_-_vers._12.04.2020.pdf\">Antragsformular<\/a> kann per Post gesendet werden\u00a0an:<\/p>\n<p style=\"text-align: justify;\">Italienisches Generalkonsulat in Hannover &#8211; Freundallee, 27 &#8211; 30173 Hannover;<br \/>\nE-Mail: <a href=\"mailto:passaporti.hannover@esteri.it\">passaporti.hannover@esteri.it<\/a><br \/>\nbeizuf\u00fcgen sind:<\/p>\n<ul style=\"text-align: justify;\">\n<li>Kopie des Ausweises, mit dem der Minderj\u00e4hrige reisen wird;<\/li>\n<li>Kopie der Ausweispapiere der Tr\u00e4ger des elterlichen Sorgerechts;<\/li>\n<li>Kopie des Ausweises der Person(en), der\/denen das Kind anvertraut wird (nicht erforderlich, wenn das Kind einem Transportunternehmen anvertraut wird; in diesem Fall gen\u00fcgt der Name des Luftfahrtunternehmens).<\/li>\n<\/ul>\n<p style=\"text-align: justify;\">F\u00fcr die Abholung m\u00fcssen Sie die Benachrichtigung des zust\u00e4ndigen B\u00fcros abwarten. Alternativ ist es auch m\u00f6glich, zusammen mit den Antragsunterlagen einen voradressierten und frankierten Umschlag f\u00fcr die R\u00fccksendung der Begleiterkl\u00e4rung per Post zu schicken.<\/p>\n","protected":false},"excerpt":{"rendered":"Begleitende Erkl\u00e4rung f\u00fcr Minderj\u00e4hrige unter vierzehn Jahren Italienische Minderj\u00e4hrige bis zum Alter von vierzehn Jahren, die ohne Begleitung von mindestens einem Erziehungsberechtigten ins Ausland reisen, m\u00fcssen eine Begleitbescheinigung vorlegen, aus der die Personalien der Person(en), der Organisation oder des Transportunternehmens hervorgehen, denen sie anvertraut werden. Die Bescheinigung wird auf Antrag ausgestellt und von allen Personen [&hellip;]","protected":false},"author":3,"featured_media":0,"parent":200,"menu_order":4,"comment_status":"closed","ping_status":"closed","template":"","meta":{"footnotes":""},"class_list":["post-736","page","type-page","status-publish","hentry"],"_links":{"self":[{"href":"https:\/\/conshannover.esteri.it\/de\/wp-json\/wp\/v2\/pages\/736","targetHints":{"allow":["GET"]}}],"collection":[{"href":"https:\/\/conshannover.esteri.it\/de\/wp-json\/wp\/v2\/pages"}],"about":[{"href":"https:\/\/conshannover.esteri.it\/de\/wp-json\/wp\/v2\/types\/page"}],"author":[{"embeddable":true,"href":"https:\/\/conshannover.esteri.it\/de\/wp-json\/wp\/v2\/users\/3"}],"replies":[{"embeddable":true,"href":"https:\/\/conshannover.esteri.it\/de\/wp-json\/wp\/v2\/comments?post=736"}],"version-history":[{"count":5,"href":"https:\/\/conshannover.esteri.it\/de\/wp-json\/wp\/v2\/pages\/736\/revisions"}],"predecessor-version":[{"id":2555,"href":"https:\/\/conshannover.esteri.it\/de\/wp-json\/wp\/v2\/pages\/736\/revisions\/2555"}],"up":[{"embeddable":true,"href":"https:\/\/conshannover.esteri.it\/de\/wp-json\/wp\/v2\/pages\/200"}],"wp:attachment":[{"href":"https:\/\/conshannover.esteri.it\/de\/wp-json\/wp\/v2\/media?parent=736"}],"curies":[{"name":"wp","href":"https:\/\/api.w.org\/{rel}","templated":true}]}}