{"id":799,"date":"2023-06-21T11:00:12","date_gmt":"2023-06-21T09:00:12","guid":{"rendered":"https:\/\/conshannover.esteri.it\/?page_id=799"},"modified":"2026-01-05T15:21:52","modified_gmt":"2026-01-05T13:21:52","slug":"rechtswerterklaerungen","status":"publish","type":"page","link":"https:\/\/conshannover.esteri.it\/de\/servizi-consolari-e-visti\/servizi-per-il-cittadino-italiano\/studien\/rechtswerterklaerungen\/","title":{"rendered":"Rechtswerterkl\u00e4rungen"},"content":{"rendered":"<p><strong>Die Wertigkeitserkl\u00e4rung<\/strong>\u00a0(\u201eDichiarazione di Valore\u201c) bescheinigt den Wert eines im Ausland erworbenen Berufsabschluss- oder Ausbildungsnachweises\/Studientitels. Sie entspricht nicht einer Gleichwertigkeitsbescheinigung, ist aber f\u00fcr die\u00a0<strong>Beantragung der Gleichwertigkeit in Italien<\/strong>\u00a0erforderlich. Die\u00a0<strong>Wertigkeitserkl\u00e4rung vor Ort<\/strong>\u00a0kann aus verschiedenen Gr\u00fcnden beantragt werden:<br \/>\n\u2013 zum Zwecke der Anerkennung von Bildungsabschl\u00fcssen in Italien<br \/>\n\u2013 zum Zwecke der Fortf\u00fchrung eines Hochschulstudiums in Italien<br \/>\n\u2013 zum Zwecke der Anerkennung von Bescheinigungen \u00fcber die berufliche Bef\u00e4higung in Italien<\/p>\n<p>Ausl\u00e4nder und im Ausland lebende Italiener k\u00f6nnen sich an italienischen Universit\u00e4ten bewerben.\u00a0<strong>Das Generalkonsulat zertifiziert mit der so genannten \u201eWertigkeitserkl\u00e4rung\u201c Bildungsabschl\u00fcsse der Sekundarstufe II, die eine Zugangsberechtigung zu Universit\u00e4tsstudieng\u00e4ngen in Italien<\/strong>\u00a0erm\u00f6glichen.<\/p>\n<p><a href=\"https:\/\/conshannover.esteri.it\/wp-content\/uploads\/2026\/01\/Richiesta-rilascio-Dichiarazione-di-valore-INFO_2025_DEU.pdf\">Antrag auf Ausstellung einer Rechtswerterkl\u00e4rung \u00fcber den Wert der im Inland erworbenen Qualifikationen.<\/a><\/p>\n","protected":false},"excerpt":{"rendered":"Die Wertigkeitserkl\u00e4rung\u00a0(\u201eDichiarazione di Valore\u201c) bescheinigt den Wert eines im Ausland erworbenen Berufsabschluss- oder Ausbildungsnachweises\/Studientitels. Sie entspricht nicht einer Gleichwertigkeitsbescheinigung, ist aber f\u00fcr die\u00a0Beantragung der Gleichwertigkeit in Italien\u00a0erforderlich. Die\u00a0Wertigkeitserkl\u00e4rung vor Ort\u00a0kann aus verschiedenen Gr\u00fcnden beantragt werden: \u2013 zum Zwecke der Anerkennung von Bildungsabschl\u00fcssen in Italien \u2013 zum Zwecke der Fortf\u00fchrung eines Hochschulstudiums in Italien \u2013 zum [&hellip;]","protected":false},"author":3,"featured_media":0,"parent":802,"menu_order":0,"comment_status":"closed","ping_status":"closed","template":"","meta":{"footnotes":""},"class_list":["post-799","page","type-page","status-publish","hentry"],"_links":{"self":[{"href":"https:\/\/conshannover.esteri.it\/de\/wp-json\/wp\/v2\/pages\/799","targetHints":{"allow":["GET"]}}],"collection":[{"href":"https:\/\/conshannover.esteri.it\/de\/wp-json\/wp\/v2\/pages"}],"about":[{"href":"https:\/\/conshannover.esteri.it\/de\/wp-json\/wp\/v2\/types\/page"}],"author":[{"embeddable":true,"href":"https:\/\/conshannover.esteri.it\/de\/wp-json\/wp\/v2\/users\/3"}],"replies":[{"embeddable":true,"href":"https:\/\/conshannover.esteri.it\/de\/wp-json\/wp\/v2\/comments?post=799"}],"version-history":[{"count":6,"href":"https:\/\/conshannover.esteri.it\/de\/wp-json\/wp\/v2\/pages\/799\/revisions"}],"predecessor-version":[{"id":6210,"href":"https:\/\/conshannover.esteri.it\/de\/wp-json\/wp\/v2\/pages\/799\/revisions\/6210"}],"up":[{"embeddable":true,"href":"https:\/\/conshannover.esteri.it\/de\/wp-json\/wp\/v2\/pages\/802"}],"wp:attachment":[{"href":"https:\/\/conshannover.esteri.it\/de\/wp-json\/wp\/v2\/media?parent=799"}],"curies":[{"name":"wp","href":"https:\/\/api.w.org\/{rel}","templated":true}]}}