{"id":814,"date":"2023-06-21T11:16:08","date_gmt":"2023-06-21T09:16:08","guid":{"rendered":"https:\/\/conshannover.esteri.it\/?page_id=814"},"modified":"2023-06-21T11:18:24","modified_gmt":"2023-06-21T09:18:24","slug":"gleichwertigkeit-der-bildungsabschluesse","status":"publish","type":"page","link":"https:\/\/conshannover.esteri.it\/de\/servizi-consolari-e-visti\/servizi-per-il-cittadino-italiano\/studien\/gleichwertigkeit-der-bildungsabschluesse\/","title":{"rendered":"Gleichwertigkeit der Bildungsabschl\u00fcsse"},"content":{"rendered":"<p>Ausl\u00e4ndische Bildungsabschl\u00fcsse werden in Italien nicht automatisch anerkannt. B\u00fcrger, die an der Anerkennung (&#8222;Gleichwertigkeit&#8220;) ihrer ausl\u00e4ndischen Bildungsabschl\u00fcsse (die sie in offiziell anerkannten Bildungseinrichtungen erworben haben) mit den entsprechenden italienischen Abschl\u00fcssen interessiert sind, k\u00f6nnen beim Generalkonsulat in Hannover einen Antrag auf Ausstellung einer &#8222;Dichiarazione di valore\/Rechtswerterkl\u00e4rung&#8220; stellen.<\/p>\n<p>Im Ausland erworbene Schulabschl\u00fcsse, die vom italienischen Bildungsministerium \/ Provveditorato agli Studi als gleichwertig mit italienischen Abschl\u00fcssen erkl\u00e4rt wurden (achte Klasse, Abitur, Hochschulabschluss, Promotion), sind in Italien rechtlich bindend, d. h., die betreffende Person hat das Recht, an von der italienischen Verwaltung ausgeschriebenen Auswahlverfahren teilzunehmen.<\/p>\n<p>Informationen um die Rechtswerterkl\u00e4rung anzufordern finden Sie\u00a0<a href=\"https:\/\/conshannover.esteri.it\/de\/servizi-consolari-e-visti\/servizi-per-il-cittadino-italiano\/studien\/rechtswerterklaerungen\/\">HIER<\/a>.<\/p>\n","protected":false},"excerpt":{"rendered":"Ausl\u00e4ndische Bildungsabschl\u00fcsse werden in Italien nicht automatisch anerkannt. B\u00fcrger, die an der Anerkennung (&#8222;Gleichwertigkeit&#8220;) ihrer ausl\u00e4ndischen Bildungsabschl\u00fcsse (die sie in offiziell anerkannten Bildungseinrichtungen erworben haben) mit den entsprechenden italienischen Abschl\u00fcssen interessiert sind, k\u00f6nnen beim Generalkonsulat in Hannover einen Antrag auf Ausstellung einer &#8222;Dichiarazione di valore\/Rechtswerterkl\u00e4rung&#8220; stellen. Im Ausland erworbene Schulabschl\u00fcsse, die vom italienischen Bildungsministerium \/ [&hellip;]","protected":false},"author":3,"featured_media":0,"parent":802,"menu_order":0,"comment_status":"closed","ping_status":"closed","template":"","meta":{"footnotes":""},"class_list":["post-814","page","type-page","status-publish","hentry"],"_links":{"self":[{"href":"https:\/\/conshannover.esteri.it\/de\/wp-json\/wp\/v2\/pages\/814","targetHints":{"allow":["GET"]}}],"collection":[{"href":"https:\/\/conshannover.esteri.it\/de\/wp-json\/wp\/v2\/pages"}],"about":[{"href":"https:\/\/conshannover.esteri.it\/de\/wp-json\/wp\/v2\/types\/page"}],"author":[{"embeddable":true,"href":"https:\/\/conshannover.esteri.it\/de\/wp-json\/wp\/v2\/users\/3"}],"replies":[{"embeddable":true,"href":"https:\/\/conshannover.esteri.it\/de\/wp-json\/wp\/v2\/comments?post=814"}],"version-history":[{"count":1,"href":"https:\/\/conshannover.esteri.it\/de\/wp-json\/wp\/v2\/pages\/814\/revisions"}],"predecessor-version":[{"id":815,"href":"https:\/\/conshannover.esteri.it\/de\/wp-json\/wp\/v2\/pages\/814\/revisions\/815"}],"up":[{"embeddable":true,"href":"https:\/\/conshannover.esteri.it\/de\/wp-json\/wp\/v2\/pages\/802"}],"wp:attachment":[{"href":"https:\/\/conshannover.esteri.it\/de\/wp-json\/wp\/v2\/media?parent=814"}],"curies":[{"name":"wp","href":"https:\/\/api.w.org\/{rel}","templated":true}]}}