{"id":878,"date":"2023-06-21T12:33:54","date_gmt":"2023-06-21T10:33:54","guid":{"rendered":"https:\/\/conshannover.esteri.it\/?page_id=878"},"modified":"2023-10-12T11:53:23","modified_gmt":"2023-10-12T09:53:23","slug":"kraftfahrzeuge-und-fuehrerschein","status":"publish","type":"page","link":"https:\/\/conshannover.esteri.it\/de\/servizi-consolari-e-visti\/servizi-per-il-cittadino-italiano\/kraftfahrzeuge-und-fuehrerschein\/","title":{"rendered":"Kraftfahrzeuge und F\u00fchrerschein"},"content":{"rendered":"<p>Auskunft erteilt das Amt f\u00fcr Notariatsangelegenheiten:<br \/>\nTel.: 0511 28379 24<br \/>\nEmail:\u00a0<a href=\"mailto:notarile.hannover@esteri.it\">notarile.hannover@esteri.it<\/a><\/p>\n<p>&nbsp;<\/p>\n<p><a href=\"https:\/\/conshannover.esteri.it\/wp-content\/uploads\/2023\/06\/Veicoli-e-patenti-DEU-26.06.2023.docx.pdf\">Kraftfahrzeuge und F\u00fchrerschein<\/a><u><\/u><\/p>\n<p>1. <a href=\"https:\/\/conshannover.esteri.it\/wp-content\/uploads\/2023\/06\/validit_patenti_-_proroga_2022.pdf\">Tabellarische \u00dcbersicht zur G\u00fcltigkeit der F\u00fchrerscheine (auf italienisch)<\/a><\/p>\n","protected":false},"excerpt":{"rendered":"Auskunft erteilt das Amt f\u00fcr Notariatsangelegenheiten: Tel.: 0511 28379 24 Email:\u00a0notarile.hannover@esteri.it &nbsp; Kraftfahrzeuge und F\u00fchrerschein 1. Tabellarische \u00dcbersicht zur G\u00fcltigkeit der F\u00fchrerscheine (auf italienisch)","protected":false},"author":3,"featured_media":0,"parent":165,"menu_order":12,"comment_status":"closed","ping_status":"closed","template":"","meta":{"footnotes":""},"class_list":["post-878","page","type-page","status-publish","hentry"],"_links":{"self":[{"href":"https:\/\/conshannover.esteri.it\/de\/wp-json\/wp\/v2\/pages\/878","targetHints":{"allow":["GET"]}}],"collection":[{"href":"https:\/\/conshannover.esteri.it\/de\/wp-json\/wp\/v2\/pages"}],"about":[{"href":"https:\/\/conshannover.esteri.it\/de\/wp-json\/wp\/v2\/types\/page"}],"author":[{"embeddable":true,"href":"https:\/\/conshannover.esteri.it\/de\/wp-json\/wp\/v2\/users\/3"}],"replies":[{"embeddable":true,"href":"https:\/\/conshannover.esteri.it\/de\/wp-json\/wp\/v2\/comments?post=878"}],"version-history":[{"count":6,"href":"https:\/\/conshannover.esteri.it\/de\/wp-json\/wp\/v2\/pages\/878\/revisions"}],"predecessor-version":[{"id":1998,"href":"https:\/\/conshannover.esteri.it\/de\/wp-json\/wp\/v2\/pages\/878\/revisions\/1998"}],"up":[{"embeddable":true,"href":"https:\/\/conshannover.esteri.it\/de\/wp-json\/wp\/v2\/pages\/165"}],"wp:attachment":[{"href":"https:\/\/conshannover.esteri.it\/de\/wp-json\/wp\/v2\/media?parent=878"}],"curies":[{"name":"wp","href":"https:\/\/api.w.org\/{rel}","templated":true}]}}