{"id":2430,"date":"2023-12-22T13:10:18","date_gmt":"2023-12-22T11:10:18","guid":{"rendered":"https:\/\/conshannover.esteri.it\/?page_id=2430"},"modified":"2026-01-20T12:41:24","modified_gmt":"2026-01-20T10:41:24","slug":"domande-frequenti-carta-didentita","status":"publish","type":"page","link":"https:\/\/conshannover.esteri.it\/it\/servizi-consolari\/servizi-per-il-cittadino-italiano\/documenti-di-viaggio\/carta-didentita-elettronica-cie-2\/domande-frequenti-carta-didentita\/","title":{"rendered":"Domande Frequenti &#8211; Carta d&#8217;Identit\u00e0"},"content":{"rendered":"<p style=\"text-align: justify;\"><strong>CHE COS&#8217;\u00c8 LA CARTA DI IDENTIT\u00c0 ELETTRONICA (CIE)?<\/strong><\/p>\n<p>La carta d&#8217;identit\u00e0 \u00e8 un documento personale di riconoscimento valido per identificarsi e circolare nell\u2019Unione Europea, in alcuni Stati aderenti all&#8217;accordo di Schengen (ad es. Islanda, Norvegia e Svizzera) e in altri Stati con cui sono stati raggiunti accordi bilaterali (vedasi le singole \u201cschede Paese\u201d sul sito <a href=\"http:\/\/www.viaggiaresicuri.it\/\"><strong>www.viaggiaresicuri.it<\/strong><\/a>).<\/p>\n<p>&nbsp;<\/p>\n<p style=\"text-align: justify;\"><strong>PER RICHIEDERLA DEVO ESSERE ISCRITTO ALL&#8217;AIRE?<\/strong><\/p>\n<p style=\"text-align: justify;\">S\u00ec, possono richiederla esclusivamente i cittadini italiani regolarmente residenti nella circoscrizione consolare. Chi non \u00e8 iscritto all\u2019AIRE dovr\u00e0 prima regolarizzare la propria iscrizione anagrafica tramite il portale <a href=\"https:\/\/serviziconsolari.esteri.it\/\">FAST IT<\/a>, e solo successivamente richiedere il documento.<\/p>\n<p style=\"text-align: justify;\">Nel caso si sia cambiato indirizzo di residenza (rispetto a quello comunicato all\u2019Ufficio consolare), \u00e8 necessario chiedere la variazione di indirizzo tramite il portale\u00a0<strong><a href=\"https:\/\/serviziconsolarionline.esteri.it\/ScoFE\/index.sco\" target=\"_blank\" rel=\"noopener\">FAST IT<\/a><\/strong>.<\/p>\n<p>&nbsp;<\/p>\n<p style=\"text-align: justify;\"><strong>\u00c8 POSSIBILE CHIEDERE L\u2019APPUNTAMENTO PER UN\u2019ALTRA PERSONA?<\/strong><\/p>\n<p style=\"text-align: justify;\">S\u00ec, \u00e8 possibile. Tuttavia, al fine di consentire le necessarie verifiche, \u00e8 necessario che al momento della richiesta dell\u2019appuntamento<strong> siano forniti i dati di tutte le persone che devono ottenere la CIE <\/strong>(richiedenti). <strong>Se si presenteranno allo sportello persone i cui dati non erano stati inseriti nel sistema al momento della prenotazione dell\u2019appuntamento, non sar\u00e0 possibile procedere con la richiesta di CIE.<\/strong><\/p>\n<p style=\"text-align: justify;\">Nel caso di figli minori il genitore pu\u00f2, dal proprio account, far domanda di appuntamento per il figlio. In tal caso nella scheda da compilare per l\u2019appuntamento dovr\u00e0 rispondere alla prima domanda <em>\u201cL\u2019appuntamento \u00e8 per\u201d<\/em> indicando <em>\u201cmio figlio\u201d<\/em> e poi inserire i dati del bambino e non del genitore che sta compilando il formulario.<\/p>\n<p style=\"text-align: justify;\">Allo stesso modo, se si intende prenotare un appuntamento per un altro familiare, si potr\u00e0 accedere col proprio account, selezionare nel campo <em>\u201cL\u2019appuntamento \u00e8 per\u201d<\/em> la voce<em>\u201cun altro familiare\u201d<\/em> e quindi procedere con l\u2019inserimento di tutti i dati relativi al familiare stesso (che sar\u00e0 appunto <em>il richiedente<\/em>).<\/p>\n<p style=\"text-align: justify;\">Il sistema permette anche di prenotare un appuntamento multiplo, ossia nella stessa data per s\u00e9 stesso e altri. In tal caso il formulario da compilare preveder\u00e0 pi\u00f9 parti (\u00e8 necessario scorrere la schermata in basso) e richieder\u00e0 di riempire una scheda dati per ogni persona che desidera un appuntamento nella stessa data, cio\u00e8 per il primo richiedente e poi per ciascun altro richiedente.<\/p>\n<p>&nbsp;<\/p>\n<p style=\"text-align: justify;\"><strong>DEVO PRESENTARMI IN CONSOLATO PER AVERE LA CIE?<\/strong><\/p>\n<p style=\"text-align: justify;\">S\u00ec, il giorno fissato per l\u2019appuntamento \u00e8 necessario presentarsi in Consolato per l\u2019acquisizione delle impronte digitali. Si ricorda che la CIE non viene rilasciata a vista ma viene spedita per raccomandata a casa direttamente dall\u2019Istituto Poligrafico e Zecca dello Stato di Roma.<\/p>\n<p>&nbsp;<\/p>\n<p style=\"text-align: justify;\"><strong>COME SI RICEVE LA CIE?<\/strong><\/p>\n<p style=\"text-align: justify;\">La CIE \u00e8 emessa dal Ministero dell\u2019Interno e prodotta dall\u2019Istituto Poligrafico e Zecca dello Stato, che la spedisce, a mezzo posta raccomandata, all\u2019indirizzo di residenza (o recapito) dichiarato dal richiedente. Riceverete quindi la CIE direttamente a casa vostra, normalmene circa 15 giorni dopo l\u2019appuntamento in Consolato.<\/p>\n<p>&nbsp;<\/p>\n<p style=\"text-align: justify;\"><strong>COS&#8217;\u00c8 L&#8217;ATTO DI ASSENSO?<\/strong><\/p>\n<p style=\"text-align: justify;\">L\u2019atto di assenso \u00e8 una dichiarazione personale prevista dalla legge italiana per le sole domande di carta d\u2019identit\u00e0 per minorenni, che il genitore pu\u00f2 sottoscrivere utilizzando l&#8217;<a href=\"https:\/\/conshannover.esteri.it\/wp-content\/uploads\/2023\/05\/ci-assensi_genitori.pdf\"><strong>apposito modulo atto di assenso\u00a0<\/strong><\/a> o redigendo una dichiarazione sostitutiva di certificazione; all\u2019atto di assenso va allegata una fotocopia del documento di identit\u00e0 dei firmatari.<\/p>\n<p style=\"text-align: justify;\">Se l\u2019altro genitore non \u00e8 cittadino dell\u2019Unione Europea, la sua firma va autenticata personalmente dall\u2019Ufficio consolare o dal Comune tedesco di residenza o altra autorit\u00e0 competente (notaio).<\/p>\n<p style=\"text-align: justify;\">In caso di decesso di uno dei genitori, \u00e8 necessario presentare l\u2019atto di morte dello stesso.<\/p>\n<p>&nbsp;<\/p>\n<p style=\"text-align: justify;\"><strong>\u00c8 POSSIBILE MODIFICARE LA MIA CIE?<\/strong><\/p>\n<p style=\"text-align: justify;\"><strong>No<\/strong>. La carta d\u2019identit\u00e0 \u00e8 un documento di identit\u00e0 e non di residenza o di stato civile. Non \u00e8 possibile aggiornare l\u2019indirizzo sulla carta. In caso di modifica dell\u2019indirizzo, il connazionale potr\u00e0 portare con s\u00e9 una copia del certificato di residenza rilasciato dalle autorit\u00e0 tedesche (<em>Anmeldebest\u00e4tigung<\/em> oppure <em>Meldebescheinigung<\/em>).<\/p>\n<p>&nbsp;<\/p>\n<p style=\"text-align: justify;\"><strong>\u00c8 POSSIBILE PER LE DONNE SPOSATE INSERIRE IL COGNOME DEL MARITO?<\/strong><\/p>\n<p style=\"text-align: justify;\">No, purtroppo non \u00e8 possibile.<\/p>\n<p>&nbsp;<\/p>\n<p style=\"text-align: justify;\">\n","protected":false},"excerpt":{"rendered":"CHE COS&#8217;\u00c8 LA CARTA DI IDENTIT\u00c0 ELETTRONICA (CIE)? La carta d&#8217;identit\u00e0 \u00e8 un documento personale di riconoscimento valido per identificarsi e circolare nell\u2019Unione Europea, in alcuni Stati aderenti all&#8217;accordo di Schengen (ad es. Islanda, Norvegia e Svizzera) e in altri Stati con cui sono stati raggiunti accordi bilaterali (vedasi le singole \u201cschede Paese\u201d sul sito [&hellip;]","protected":false},"author":5,"featured_media":0,"parent":388,"menu_order":0,"comment_status":"closed","ping_status":"closed","template":"","meta":{"footnotes":""},"class_list":["post-2430","page","type-page","status-publish","hentry"],"_links":{"self":[{"href":"https:\/\/conshannover.esteri.it\/it\/wp-json\/wp\/v2\/pages\/2430","targetHints":{"allow":["GET"]}}],"collection":[{"href":"https:\/\/conshannover.esteri.it\/it\/wp-json\/wp\/v2\/pages"}],"about":[{"href":"https:\/\/conshannover.esteri.it\/it\/wp-json\/wp\/v2\/types\/page"}],"author":[{"embeddable":true,"href":"https:\/\/conshannover.esteri.it\/it\/wp-json\/wp\/v2\/users\/5"}],"replies":[{"embeddable":true,"href":"https:\/\/conshannover.esteri.it\/it\/wp-json\/wp\/v2\/comments?post=2430"}],"version-history":[{"count":6,"href":"https:\/\/conshannover.esteri.it\/it\/wp-json\/wp\/v2\/pages\/2430\/revisions"}],"predecessor-version":[{"id":6374,"href":"https:\/\/conshannover.esteri.it\/it\/wp-json\/wp\/v2\/pages\/2430\/revisions\/6374"}],"up":[{"embeddable":true,"href":"https:\/\/conshannover.esteri.it\/it\/wp-json\/wp\/v2\/pages\/388"}],"wp:attachment":[{"href":"https:\/\/conshannover.esteri.it\/it\/wp-json\/wp\/v2\/media?parent=2430"}],"curies":[{"name":"wp","href":"https:\/\/api.w.org\/{rel}","templated":true}]}}