{"id":388,"date":"2023-04-27T11:36:44","date_gmt":"2023-04-27T09:36:44","guid":{"rendered":"https:\/\/conshannover.esteri.it\/?page_id=388"},"modified":"2026-01-09T12:18:07","modified_gmt":"2026-01-09T10:18:07","slug":"carta-didentita-elettronica-cie-2","status":"publish","type":"page","link":"https:\/\/conshannover.esteri.it\/it\/servizi-consolari\/servizi-per-il-cittadino-italiano\/documenti-di-viaggio\/carta-didentita-elettronica-cie-2\/","title":{"rendered":"Carta d&#8217;Identit\u00e0 Elettronica (CIE)"},"content":{"rendered":"<header class=\"entry-header\">\n<h1 class=\"entry-title h3\" style=\"text-align: center;\"><b style=\"font-size: 16px;\"><span style=\"font-size: 11.0pt; font-family: 'Calibri',sans-serif; color: black;\">Si avvisa la gentile utenza che, in vista della data di scadenza della validit\u00e0 delle vecchie CIC, in base alla normativa UE,<br \/>\nprevista per il 3 agosto 2026, saranno prenotabili ulteriori appuntamenti su PRENOTAMI a partire dal 25\/08\/2025 nelle seguenti giornate e fasce orarie:<br \/>\n<\/span><\/b><b><span style=\"font-size: 11.0pt; font-family: 'Calibri',sans-serif; color: black;\">MARTED\u00cc dalle 12 alle 13<br \/>\n<\/span><\/b><b><span style=\"font-size: 11.0pt; font-family: 'Calibri',sans-serif; color: black;\">GIOVED\u00cc dalle 12 alle 13<br \/>\n<\/span><\/b><b><span style=\"font-size: 11.0pt; font-family: 'Calibri',sans-serif; color: black;\">salvo esaurimento posti disponibili.\u00a0<\/span><\/b><\/h1>\n<h1 class=\"entry-title h3\" style=\"text-align: center;\"><a style=\"font-size: 16px;\" href=\"https:\/\/prenotami.esteri.it\/\"><img loading=\"lazy\" decoding=\"async\" class=\" img-fluid aligncenter wp-image-2352\" src=\"https:\/\/conshannover.esteri.it\/wp-content\/uploads\/2023\/12\/prenot@mi-logo-300x120.png\" sizes=\"auto, (max-width: 250px) 100vw, 250px\" srcset=\"https:\/\/conshannover.esteri.it\/wp-content\/uploads\/2023\/12\/prenot@mi-logo-300x120.png 300w, https:\/\/conshannover.esteri.it\/wp-content\/uploads\/2023\/12\/prenot@mi-logo-1024x410.png 1024w, https:\/\/conshannover.esteri.it\/wp-content\/uploads\/2023\/12\/prenot@mi-logo-768x307.png 768w, https:\/\/conshannover.esteri.it\/wp-content\/uploads\/2023\/12\/prenot@mi-logo.png 1690w\" alt=\"\" width=\"250\" height=\"100\" \/><\/a><\/h1>\n<\/header>\n<div class=\"entry-content\">\n<table class=\"table\" border=\"1\">\n<tbody>\n<tr>\n<td>\n<p style=\"text-align: center;\"><strong>PER PRENOTARE UN APPUNTAMENTO PER IL RILASCIO DELLA CARTA DI IDENTIT\u00c0 \u00c8 NECESSARIO REGISTRARSI E PRENOTARE SUL PORTALE PRENOTAMI.<br \/>\n<\/strong><\/p>\n<p style=\"text-align: center;\">ATTENZIONE: SE INTENDETE RICHIEDERE ANCHE IL PASSAPORTO, OCCORRE PRENOTARE DUE APPUNTAMENTI DISTINTI: UNO PER IL PASSAPORTO E UNO PER LA CIE.<\/p>\n<p style=\"text-align: center;\"><strong>PER ACCEDERE AL PORTALE CLICCARE QUI SOTTO:<\/strong><\/p>\n<p>&nbsp;<\/p>\n<h3 style=\"text-align: center;\"><strong><a href=\"https:\/\/prenotami.esteri.it\/\">Prenot@mi<\/a><\/strong><\/h3>\n<p style=\"text-align: center;\"><b><br \/>\nVI PREGHIAMO DI EVITARE DI RECARVI DI PERSONA PRESSO I LOCALI DEL CONSOLATO SENZA APPUNTAMENTO.<\/b><\/p>\n<p style=\"text-align: center;\"><strong>SI CONSIGLIA VIVAMENTE DI PRENOTARE L\u2019APPUNTAMENTO<br \/>\nALMENO 6 MESI PRIMA\u00a0DELLA SCADENZA DEL DOCUMENTO.<\/strong><\/p>\n<\/td>\n<\/tr>\n<\/tbody>\n<\/table>\n<p>&nbsp;<\/p>\n<p style=\"text-align: justify;\"><strong>LA CARTA DI IDENTIT\u00c0<\/strong><\/p>\n<p style=\"text-align: justify;\">La carta d&#8217;identit\u00e0 \u00e8 un documento personale di riconoscimento valido per identificarsi e circolare nell\u2019Unione Europea, in alcuni Stati aderenti all&#8217;accordo di Schengen (ad es. Islanda, Norvegia e Svizzera) e in altri Stati con cui sono stati raggiunti accordi bilaterali (vedasi le singole \u201cschede Paese\u201d sul sito <a href=\"http:\/\/www.viaggiaresicuri.it\">www.viaggiaresicuri.it<\/a>).<\/p>\n<p><strong>La carta d\u2019identit\u00e0 elettronica (CIE) \u00e8 la nuova carta d\u2019identit\u00e0 in formato tessera<\/strong>; oltre a svolgere le stesse funzioni di quella cartacea, consente di accedere ai servizi online delle Pubbliche Amministrazioni italiane.<\/p>\n<\/div>\n<p>&nbsp;<\/p>\n<p style=\"text-align: justify;\"><strong>A CHI PU\u00d3 ESSERE RILASCIATA<\/strong><\/p>\n<p style=\"text-align: justify;\">Il Consolato Generale d\u2019Italia in Hannover pu\u00f2 rilasciare la carta d&#8217;identit\u00e0 <strong>esclusivamente ai cittadini italiani regolarmente residenti nella propria circoscrizione consolare<\/strong> (L\u00e4nder di Niedersachsen, Schleswig-Holstein, Mecklemburg-Vorpommern, Hamburg, Bremen), registrati nello schedario consolare e i cui <strong>dati anagrafici siano gi\u00e0 presenti nel registro A.I.R.E.<\/strong> (Anagrafe degli Italiani Residenti all&#8217;Estero) del Ministero dell&#8217;Interno.<\/p>\n<p style=\"text-align: justify;\"><strong>Chi non \u00e8 registrato all\u2019A.I.R.E. dovr\u00e0 prima regolarizzare la propria iscrizione anagrafica tramite il portale <\/strong><a href=\"https:\/\/conshannover.esteri.it\/it\/servizi-consolari\/servizi-per-il-cittadino-italiano\/anagrafe-degli-italiani-residenti-allestero-aire\/il-portale-dei-servizi-consolari\/\"><strong>FAST IT<\/strong><\/a> e attendere, prima di poter far domanda, di ricevere la conferma di inserimento avvenuto <u>da parte del Comune italiano<\/u> competente (per i cittadini non iscritti all\u2019A.I.R.E., la competenza al rilascio della carta d\u2019identit\u00e0 rimane al Comune di residenza).<\/p>\n<p style=\"text-align: justify;\"><strong>Nel caso si sia cambiato indirizzo di residenza <\/strong>(rispetto a quello comunicato all\u2019Ufficio consolare),<strong> \u00e8 necessario chiedere la variazione di indirizzo tramite il portale <\/strong><a href=\"https:\/\/conshannover.esteri.it\/it\/servizi-consolari\/servizi-per-il-cittadino-italiano\/anagrafe-degli-italiani-residenti-allestero-aire\/il-portale-dei-servizi-consolari\/\"><strong>FAST IT<\/strong><\/a><strong>. Non \u00e8 possibile aggiornare l\u2019indirizzo sulla carta.<\/strong><\/p>\n<p style=\"text-align: justify;\"><strong>ATTENZIONE: Nel caso in cui, a seguito delle verifiche, emergessero elementi che impedissero il rilascio della CIE, il connazionale sar\u00e0 contattato dalla Sede consolare per la cancellazione dell\u2019appuntamento.<\/strong><\/p>\n<p>&nbsp;<\/p>\n<p style=\"text-align: justify;\"><strong>VALIDIT\u00c0 TEMPORALE E COSTO<\/strong><\/p>\n<p style=\"text-align: justify;\"><span lang=\"IT\">La validit\u00e0 della carta d\u2019identit\u00e0 varia a seconda dell&#8217;et\u00e0 del titolare ed \u00e8 di:<\/span><\/p>\n<ul style=\"text-align: justify;\">\n<li style=\"text-align: justify;\"><span lang=\"IT\"><strong>3 anni<\/strong> per i minori di et\u00e0 compresa tra 0 e 3 anni;<\/span><\/li>\n<li style=\"text-align: justify;\"><strong>5 anni<\/strong> per i minori di et\u00e0 compresa tra 3 anni e il raggiungimento della maggiore et\u00e0 (18 anni);<\/li>\n<li style=\"text-align: justify;\"><strong>10 anni<\/strong> dai 18 anni di et\u00e0.<\/li>\n<\/ul>\n<p style=\"text-align: justify;\">Il costo della CIE \u00e8 di:<\/p>\n<ul style=\"text-align: justify;\">\n<li><strong>21,95\u20ac<\/strong> in caso di primo rilascio o rinnovo;<\/li>\n<li><strong>27,11\u20ac<\/strong> in caso di duplicato (nuova carta d\u2019identit\u00e0 <u>elettronica<\/u> emessa prima di 180 giorni dalla scadenza della precedente per furto, smarrimento o deterioramento).<\/li>\n<\/ul>\n<p>N.B.<br \/>\n<em>L\u2019importo deve essere pagato direttamente all\u2019Ufficio Cassa del Consolato il giorno dell\u2019appuntamento <span style=\"text-decoration: underline;\">in contanti oppure con EC-Karte<\/span> (no bonifico).<\/em><\/p>\n<p>&nbsp;<\/p>\n<p style=\"text-align: justify;\"><strong>COME RICHIEDERE LA CARTA DI IDENTIT\u00c0<\/strong><\/p>\n<p style=\"text-align: justify;\">La richiesta della carta d\u2019identit\u00e0 elettronica deve essere presentata utilizzando<strong> esclusivamente<\/strong> la piattaforma <a href=\"https:\/\/prenotami.esteri.it\/\"><strong>Prenot@mi<\/strong><\/a>:\u00a0<a href=\"https:\/\/prenotami.esteri.it\/\"><strong>https:\/\/prenotami.esteri.it\/<\/strong><\/a><\/p>\n<p style=\"text-align: justify;\">N.B.<br \/>\n<em>Solo in caso di richieste per figli minori di 12 anni\u00a0<\/em><em>o per le persone non deambulanti o impossibilitate a venire in Consolato per gravi e documentati motivi medici, \u00e8 possibile inoltrare la richiesta anche per posta contattando prima l&#8217;Ufficio Carte d&#8217;identit\u00e0 all&#8217;indirizzo: <a href=\"mailto:passaporti.hannover@esteri.it\">passaporti.hannover@esteri.it<\/a>:<\/em><\/p>\n<p style=\"text-align: justify;\"><em><strong>Consolato Generale d\u2019Italia in Hannover<br \/>\n<\/strong><\/em><em><strong>Ufficio Carte d&#8217;identit\u00e0<br \/>\n<\/strong><strong>Freundallee 27<br \/>\n<\/strong><strong>30173, Hannover<\/strong><br \/>\n<\/em><\/p>\n<p>&nbsp;<\/p>\n<p style=\"text-align: justify;\"><strong>DOCUMENTAZIONE NECESSARIA DA PORTARE IL GIORNO DELL&#8217;APPUNTAMENTO<\/strong><\/p>\n<p style=\"text-align: justify;\"><strong>Maggiorenni<\/strong><\/p>\n<ul style=\"text-align: justify;\">\n<li><strong>carta d\u2019identit\u00e0 precedente<\/strong> oppure, se non se ne \u00e8 in possesso, altro documento di riconoscimento:\n<ul>\n<li>se non si possiede alcun documento di riconoscimento, due testimoni;<\/li>\n<\/ul>\n<\/li>\n<li>1 <strong>fotografia<\/strong> biometrica (recente, frontale, a colori, formato 35 x 45 mm);<\/li>\n<li>nel caso in cui il richiedente non sia pi\u00f9 in possesso del precedente documento in seguito a <strong>furto o smarrimento<\/strong>, \u00e8 necessario presentare al momento dell\u2019appuntamento il <a href=\"https:\/\/conshannover.esteri.it\/wp-content\/uploads\/2023\/05\/dichiarazionesmarrimentofurto.pdf\"><strong>formulario di dichiarazione di furto o smarrimento<\/strong><\/a>, unitamente alla <strong>denuncia<\/strong> effettuata presso le autorit\u00e0 tedesche (Polizia o Ufficio oggetti smarriti del Comune);<\/li>\n<\/ul>\n<p style=\"text-align: justify;\"><strong>Minorenni<\/strong><\/p>\n<p style=\"text-align: justify;\"><strong>N.B. \u00e8 <span style=\"text-decoration: underline;\">necessario<\/span> che il\/la minore venga accompagnato\/a da almeno uno dei genitori munito di documento di riconoscimento!<\/strong><\/p>\n<ul style=\"text-align: justify;\">\n<li><strong>carta d\u2019identit\u00e0 precedente<\/strong> oppure, se non se ne \u00e8 in possesso, altro documento di riconoscimento (<em>ove esista<\/em>);<\/li>\n<li>1 <strong>fotografia<\/strong> biometrica (recente, frontale, a colori, formato 35 x 45 mm);<\/li>\n<li><strong>fotocopia dei documenti di identit\u00e0<\/strong> di\u00a0<span style=\"text-decoration: underline;\">entrambi<\/span>\u00a0i genitori;\n<ul style=\"text-align: justify;\">\n<li>Nel caso in cui uno dei genitori non riesca ad essere presente all&#8217;appuntamento, l\u2019<a href=\"https:\/\/conshannover.esteri.it\/wp-content\/uploads\/2023\/12\/assenso_generico_anche_per_figli_-passcic_2024.pdf\">atto di assenso<\/a> del genitore mancante \u00e8 richiesto separatamente;<\/li>\n<\/ul>\n<\/li>\n<\/ul>\n<p>NB:<\/p>\n<ul>\n<li style=\"list-style-type: none;\">\n<ul>\n<li style=\"text-align: justify;\"><em>la firma dei cittadini\u00a0non comunitari\u00a0dovr\u00e0 essere resa <strong><span style=\"text-decoration: underline;\">personalmente<\/span><\/strong> in Consolato oppure essere <strong><span style=\"text-decoration: underline;\">autenticata<\/span><\/strong> presso il Comune tedesco o da un notaio;<\/em><\/li>\n<li style=\"text-align: justify;\"><em>Qualora l\u2019altro genitore rifiutasse l\u2019assenso o in caso di responsabilit\u00e0 genitoriale esclusiva si prega di contattare direttamente:<\/em><br \/>\n<em><a href=\"mailto:passaporti.hannover@esteri.it\">passaporti.hannover@esteri.it<\/a><\/em><\/li>\n<\/ul>\n<\/li>\n<\/ul>\n<p>&nbsp;<\/p>\n<p style=\"text-align: justify;\"><strong>OPERAZIONI NEL GIORNO DELL&#8217;APPUNTAMENTO<\/strong><\/p>\n<p style=\"text-align: justify;\">Il giorno dell\u2019appuntamento, l\u2019operatore consolare acquisisce la documentazione indicata al punto precedente, effettua il riconoscimento e la verifica della foto ed acquisisce le impronte digitali e la firma (salvo per i minori di anni 12).<\/p>\n<p style=\"text-align: justify;\">Anche i minori di et\u00e0 inferiore ai 12 anni devono essere presenti, perch\u00e9 \u00e8 necessaria la loro identificazione da parte del funzionario dell&#8217;ufficio. I minori devono essere sempre accompagnati da uno dei genitori o comunque dal titolare della responsabilit\u00e0 genitoriale.<\/p>\n<p>&nbsp;<\/p>\n<p style=\"text-align: justify;\"><strong>COME SI RICEVE LA<\/strong> <strong>CARTA DI IDENTIT\u00c0<\/strong><\/p>\n<p style=\"text-align: justify;\">La CIE \u00e8 emessa dal Ministero dell\u2019Interno e prodotta dall\u2019Istituto Poligrafico e Zecca dello Stato, che la spedisce, a mezzo posta raccomandata, all\u2019indirizzo di residenza <em>(o recapito)<\/em> dichiarato dal richiedente. Salvo casi particolari, la CIE dovrebbe arrivare per posta <strong>entro 15 giorni<\/strong> dal giorno dell\u2019appuntamento (il connazionale potr\u00e0 seguire la raccomandata autonomamente online, attraverso il codice di tracciamento).<\/p>\n<p style=\"text-align: justify;\">In caso di mancata consegna, scaduto il termine di giacenza presso l\u2019ufficio postale il plico viene restituito all\u2019Ufficio consolare per ulteriori tentativi di consegna.<\/p>\n<p>&nbsp;<\/p>\n<p style=\"text-align: justify;\"><strong>COSA FARE SE NON SI HANNO GLI STRUMENTI INFORMATICI O POSSIBILIT\u00c0 DI PRENOTARE UN APPUNTAMENTO IN MODO AUTONOMO?<\/strong><\/p>\n<ul style=\"text-align: justify;\">\n<li>Contattare telefonicamente il Consolato al numero (+49) 0511 28379-0;\n<ul>\n<li>In alternativa, <strong><span style=\"text-decoration: underline;\">esclusivamente fuori dagli orari di apertura al pubblico<\/span><\/strong>, contattare telefonicamente l&#8217;ufficio Carte di Identit\u00e0 ai numeri (+49) 0511 28379-10 \/ (+49) 0511 28379-18 \/ (+49) 0511 28379-31<\/li>\n<\/ul>\n<\/li>\n<li>Inviare una email a: <em><a href=\"mailto:passaporti.hannover@esteri.it\">passaporti.hannover@esteri.it<\/a><\/em>;<\/li>\n<li>Inviare una lettera di richiesta al seguente indirizzo, riportando anche il numero di telefono, e verr\u00e0 contattato da un impiegato:<strong>Consolato Generale d\u2019Italia in Hannover<br \/>\n<\/strong><strong>Freundallee 27<br \/>\n<\/strong><strong>30173, Hannover<\/strong><\/li>\n<\/ul>\n<p style=\"text-align: justify;\">Per maggiori informazioni, \u00e8 possibile contattare l&#8217;Ufficio Carte d&#8217;identit\u00e0 all&#8217;indirizzo: <em><a href=\"mailto:passaporti.hannover@esteri.it\">passaporti.hannover@esteri.it<\/a>\u00a0<\/em><\/p>\n","protected":false},"excerpt":{"rendered":"Si avvisa la gentile utenza che, in vista della data di scadenza della validit\u00e0 delle vecchie CIC, in base alla normativa UE, prevista per il 3 agosto 2026, saranno prenotabili ulteriori appuntamenti su PRENOTAMI a partire dal 25\/08\/2025 nelle seguenti giornate e fasce orarie: MARTED\u00cc dalle 12 alle 13 GIOVED\u00cc dalle 12 alle 13 salvo [&hellip;]","protected":false},"author":3,"featured_media":0,"parent":67,"menu_order":1,"comment_status":"closed","ping_status":"closed","template":"","meta":{"footnotes":""},"class_list":["post-388","page","type-page","status-publish","hentry"],"_links":{"self":[{"href":"https:\/\/conshannover.esteri.it\/it\/wp-json\/wp\/v2\/pages\/388","targetHints":{"allow":["GET"]}}],"collection":[{"href":"https:\/\/conshannover.esteri.it\/it\/wp-json\/wp\/v2\/pages"}],"about":[{"href":"https:\/\/conshannover.esteri.it\/it\/wp-json\/wp\/v2\/types\/page"}],"author":[{"embeddable":true,"href":"https:\/\/conshannover.esteri.it\/it\/wp-json\/wp\/v2\/users\/3"}],"replies":[{"embeddable":true,"href":"https:\/\/conshannover.esteri.it\/it\/wp-json\/wp\/v2\/comments?post=388"}],"version-history":[{"count":7,"href":"https:\/\/conshannover.esteri.it\/it\/wp-json\/wp\/v2\/pages\/388\/revisions"}],"predecessor-version":[{"id":6280,"href":"https:\/\/conshannover.esteri.it\/it\/wp-json\/wp\/v2\/pages\/388\/revisions\/6280"}],"up":[{"embeddable":true,"href":"https:\/\/conshannover.esteri.it\/it\/wp-json\/wp\/v2\/pages\/67"}],"wp:attachment":[{"href":"https:\/\/conshannover.esteri.it\/it\/wp-json\/wp\/v2\/media?parent=388"}],"curies":[{"name":"wp","href":"https:\/\/api.w.org\/{rel}","templated":true}]}}