{"id":539,"date":"2023-05-18T09:56:19","date_gmt":"2023-05-18T07:56:19","guid":{"rendered":"https:\/\/conshannover.esteri.it\/?page_id=539"},"modified":"2024-01-12T17:41:58","modified_gmt":"2024-01-12T15:41:58","slug":"viaggio-di-minori-non-accompagnati","status":"publish","type":"page","link":"https:\/\/conshannover.esteri.it\/it\/servizi-consolari\/servizi-per-il-cittadino-italiano\/documenti-di-viaggio\/viaggio-di-minori-non-accompagnati\/","title":{"rendered":"Viaggio di minori non accompagnati"},"content":{"rendered":"<p style=\"text-align: justify;\"><strong>Dichiarazione di accompagnamento per minori di et\u00e0 inferiore ai quattordici anni<\/strong><\/p>\n<p style=\"text-align: justify;\">Il minore italiano\u00a0<strong>di et\u00e0 inferiore ai quattordici anni<\/strong> che viaggi fuori del Paese di residenza non accompagnato da almeno un titolare della responsabilit\u00e0 genitoriale deve essere munito di un\u2019attestazione di accompagnamento in cui figurino le generalit\u00e0 della\/e persona\/e, dell\u2019ente o della compagnia di trasporto a cui viene affidato. L\u2019attestazione viene rilasciata su richiesta sottoscritta da tutti coloro che secondo l\u2019ordinamento italiano risultino titolari della responsabilit\u00e0 genitoriale. Avr\u00e0 una validit\u00e0 limitata ad un solo viaggio (da intendersi come andata e\/o ritorno) e non potr\u00e0 comunque superare i sei mesi.<\/p>\n<p style=\"text-align: justify;\">Il\u00a0<a href=\"https:\/\/conshannover.esteri.it\/wp-content\/uploads\/2023\/05\/rich._acc._minori_-_ita-deu_-_vers._12.04.2020.pdf\" target=\"_blank\" rel=\"noopener\">modulo di richiesta<\/a> potr\u00e0 essere\u00a0spedito tramite:<\/p>\n<ul style=\"text-align: justify;\">\n<li>posta ordinaria a: <strong>Consolato Generale d\u2019Italia ad Hannover <\/strong>&#8211; Freundallee, 27 \u2013 30173 Hannover;<\/li>\n<li>e-mail: <a href=\"mailto:passaporti.hannover@esteri.it\">passaporti.hannover@esteri.it<\/a><\/li>\n<\/ul>\n<p style=\"text-align: justify;\">allegando:<\/p>\n<ul style=\"text-align: justify;\">\n<li>Copia del documento di identit\u00e0 con cui il minore viagger\u00e0;<\/li>\n<li>Copia dei documenti di identit\u00e0 dei titolari della responsabilit\u00e0 genitoriale;<\/li>\n<li>Copia del documento di identit\u00e0 della\/e persona\/e alla\/e quale\/i il minore viene affidato (non necessaria in caso di affidamento ad una compagnia di trasporto, in questo caso \u00e8 sufficiente il nome della compagnia).<\/li>\n<\/ul>\n<p style=\"text-align: justify;\">Per il ritiro bisogner\u00e0 aspettare la convocazione dall\u2019Ufficio competente. Alternativamente \u00e8 possibile inviare per posta, insieme alla documentazione per la richiesta, anche una busta preaffrancata e preindirizzata per la restituzione per posta della dichiarazione di accompagnamento.<\/p>\n","protected":false},"excerpt":{"rendered":"Dichiarazione di accompagnamento per minori di et\u00e0 inferiore ai quattordici anni Il minore italiano\u00a0di et\u00e0 inferiore ai quattordici anni che viaggi fuori del Paese di residenza non accompagnato da almeno un titolare della responsabilit\u00e0 genitoriale deve essere munito di un\u2019attestazione di accompagnamento in cui figurino le generalit\u00e0 della\/e persona\/e, dell\u2019ente o della compagnia di trasporto [&hellip;]","protected":false},"author":3,"featured_media":0,"parent":67,"menu_order":4,"comment_status":"closed","ping_status":"closed","template":"","meta":{"footnotes":""},"class_list":["post-539","page","type-page","status-publish","hentry"],"_links":{"self":[{"href":"https:\/\/conshannover.esteri.it\/it\/wp-json\/wp\/v2\/pages\/539","targetHints":{"allow":["GET"]}}],"collection":[{"href":"https:\/\/conshannover.esteri.it\/it\/wp-json\/wp\/v2\/pages"}],"about":[{"href":"https:\/\/conshannover.esteri.it\/it\/wp-json\/wp\/v2\/types\/page"}],"author":[{"embeddable":true,"href":"https:\/\/conshannover.esteri.it\/it\/wp-json\/wp\/v2\/users\/3"}],"replies":[{"embeddable":true,"href":"https:\/\/conshannover.esteri.it\/it\/wp-json\/wp\/v2\/comments?post=539"}],"version-history":[{"count":6,"href":"https:\/\/conshannover.esteri.it\/it\/wp-json\/wp\/v2\/pages\/539\/revisions"}],"predecessor-version":[{"id":2558,"href":"https:\/\/conshannover.esteri.it\/it\/wp-json\/wp\/v2\/pages\/539\/revisions\/2558"}],"up":[{"embeddable":true,"href":"https:\/\/conshannover.esteri.it\/it\/wp-json\/wp\/v2\/pages\/67"}],"wp:attachment":[{"href":"https:\/\/conshannover.esteri.it\/it\/wp-json\/wp\/v2\/media?parent=539"}],"curies":[{"name":"wp","href":"https:\/\/api.w.org\/{rel}","templated":true}]}}