{"id":6243,"date":"2026-01-09T10:43:21","date_gmt":"2026-01-09T08:43:21","guid":{"rendered":"https:\/\/conshannover.esteri.it\/?page_id=6243"},"modified":"2026-01-09T10:51:51","modified_gmt":"2026-01-09T08:51:51","slug":"nascite-e-minori-nuove-disposizioni","status":"publish","type":"page","link":"https:\/\/conshannover.esteri.it\/it\/servizi-consolari\/servizi-per-il-cittadino-italiano\/stato-civile\/nascite-e-minori-nuove-disposizioni\/","title":{"rendered":"NASCITE E MINORI &#8211; NUOVE DISPOSIZIONI"},"content":{"rendered":"<p>A seguito della conversione in Legge del DL n.36\/2025, la cittadinanza italiana <strong>non si trasmette pi\u00f9 automaticamente <\/strong>ai minori nati all\u2019estero, ma si trasmette soltanto se ricorre una delle condizioni di seguito elencate.<\/p>\n<p>Il\/La minore <strong><u>nato\/a all\u2019estero<\/u> <\/strong>da genitore\/i italiano\/i <strong>\u00e8 cittadino\/a italiano\/a se<\/strong>:<\/p>\n<ul>\n<li><strong>NON \u00c8 IN POSSESSO DI ALTRA CITTADINANZA, \u00c8 CIO\u00c8 <u>ESCLUSIVAMENTE<\/u> <u>CITTADINO\/A ITALIANO\/A<\/u><\/strong>.<\/li>\n<\/ul>\n<p>In questo caso<strong>, insieme ai documenti elencati alla pag. 4<\/strong>, i genitori dovranno presentare una <strong>richiesta di trascrizione dell\u2019atto di nascita<\/strong>, alla quale dovr\u00e0 essere allegata <strong>idonea <u>documentazione che dimostri che il minore non abbia altra cittadinanza straniera di<\/u> <u>cui per<\/u> <u>esempio uno od entrambi i genitori siano titolari <\/u><\/strong>(per esempio pap\u00e0 tedesco e mamma italiana).<\/p>\n<p>Si precisa che si considera in possesso di un\u2019altra cittadinanza straniera il minore che la acquisti <em>iure sanguinis <\/em>da uno dei genitori, oppure <em>iure soli <\/em>per essere nato in Germania dopo cinque anni di regolare residenza di uno od entrambi i genitori oppure che la acquisti a seguito di una mera dichiarazione senza possibilit\u00e0 di diniego da parte dell\u2019Autorit\u00e0 straniera competente (ad esempio per \u201ccittadinanza a seguito di opzione\u201d da effettuarsi per i figli nati all\u2019estero).<\/p>\n<p><u>Ciascun genitore<\/u> dovr\u00e0 pertanto allegare alla richiesta di trascrizione una <strong>Meldebescheinigung gem\u00e4\u00df \u00a7 18 BMG <\/strong>(si prega di fare riferimento al fac-simile presente a pag. 5 per prendere visione di tutti i dati obbligatori che il certificato deve riportare) rilasciata dalle autorit\u00e0 tedesche in cui sia esplicitamente indicato, oltre al nome, cognome, luogo e data di nascita dell\u2019interessato, anche la\/le cittadinanza\/e possedute e la data di emigrazione in Germania. <u>Tale certificazione \u00e8 richiesta anche<\/u> <u>per il neonato.<\/u><\/p>\n<p><u>Non sar\u00e0 ritenuta valida alcuna autocertificazione sul mancato possesso di altra cittadinanza<\/u>.<\/p>\n<ul>\n<li><strong>UN GENITORE (ANCHE ADOTTIVO) O UN NONNO\/NONNA POSSIEDE AL MOMENTO DELLA NASCITA DEL MINORE \u2013 O POSSEDEVA AL MOMENTO DELLA SUA MORTE \u2013 ESCLUSIVAMENTE LA CITTADINANZA ITALIANA<\/strong>.<\/li>\n<\/ul>\n<p>Anche in questo caso, <strong>insieme ai documenti elencati alla pag. 4<\/strong>, dovr\u00e0 essere allegata idonea <u>documentazione, ovvero una <\/u><strong>Meldebescheinigung gem\u00e4\u00df \u00a7 18 BMG <\/strong>(si prega di fare riferimento al fac-simile presente a pag. 5 per prendere visione di tutti i dati obbligatori che il certificato deve riportare) <u>che dimostri che<\/u> <u>almeno un genitore (anche adottivo) o un nonno o una nonna possiede al<\/u> <u>momento della nascita del<\/u> <u>minore \u2013 o possedeva al momento della morte \u2013 <strong>esclusivamente la<\/strong><\/u><strong> <u>cittadinanza italiana.<\/u><\/strong><\/p>\n<p><strong>\u00a0<\/strong>Se un nonno o una nonna non sono\/erano residenti in Germania, bens\u00ec in Italia o in altro Stato estero, dovr\u00e0 essere richiesto al Comune italiano di competenza un <strong>certificato di residenza storico.<\/strong><\/p>\n<p><strong>\u00a0<\/strong>Il genitore del\/della minore dovr\u00e0 inoltre fornire un <strong>estratto<\/strong> <strong>dell\u2019atto<\/strong> <strong>di<\/strong> <strong>nascita<\/strong> <strong>con<\/strong> <strong>indicazione<\/strong> <strong>della <\/strong><strong>paternit\u00e0 e della maternit\u00e0<\/strong>, da richiedere al proprio Comune di nascita, in originale.<\/p>\n<ul>\n<li><strong>il genitore cittadino italiano \u00e8 stato residente in Italia per almeno 2 anni continuativi prima della nascita del figlio\/a<\/strong>.<\/li>\n<\/ul>\n<p>Il genitore cittadino italiano che ha acquistato la cittadinanza per matrimonio o per residenza deve dimostrare di aver risieduto in Italia per almeno 2 anni continuativi <u>successivamente all\u2019acquisto<\/u> <u>della cittadinanza italiana e prima della nascita del figlio\/a<\/u>. Non rileva la residenza in Italia del cittadino italiano prima dell\u2019acquisto della cittadinanza italiana, n\u00e9 la residenza in Italia del genitore straniero.<\/p>\n<p><u>In questo caso,<\/u> insieme ai documenti elencati alla pag. 4 ed <strong>Meldebescheinigung gem\u00e4\u00df \u00a7 18 BMG <\/strong>(si prega di fare riferimento al fac-simile presente a pag. 5 per prendere visione di tutti i dati obbligatori che il certificato deve riportare) <u>si dovr\u00e0 aggiungere anche il <strong>certificato di cittadinanza<\/strong><\/u><strong> <u>con la data esatta di acquisizione <\/u><\/strong><u>e il <strong>certificato di residenza storico <\/strong><\/u>del genitore cittadino naturalizzato italiano da richiedere al Comune\/i italiano\/i dove si \u00e8 risieduto per almeno 2 anni continuativi dopo l\u2019acquisto della cittadinanza italiana.<\/p>\n<p><strong>NB: La richiesta deve essere completa, corretta ed <u>in originale cartaceo<\/u>.<\/strong><\/p>\n<p><strong>\u00a0<\/strong>Pu\u00f2 essere presentata di persona o inviata per posta direttamente al Consolato Generale d\u2019Italia in Hannover al seguente indirizzo: <em>Consolato Generale d\u2019Italia \u2013 Ufficio Stato civile Freundallee 27 \u2013 30173 Hannover.<\/em><\/p>\n<p>Ci si pu\u00f2 recare di persona anche ai Consolati Onorari di Brema e\/o di Amburgo.<\/p>\n<p>Si raccomanda di presentare la richiesta di trascrizione dell\u2019atto di nascita del\/della minore <strong>esclusivamente se in possesso della documentazione richiesta <\/strong>necessaria alla verifica della trasmissibilit\u00e0 della cittadinanza italiana. In presenza di domande inviate incomplete non sar\u00e0 possibile da parte di questo Consolato Generale inviare l\u2019atto per la trascrizione al Comune in Italia.<\/p>\n<p><strong>Qualora fosse necessario presentare ulteriore documentazione, la\/il richiedente verr\u00e0 contattata\/o per email. La\/il richiedente ricever\u00e0 eventualmente dal Comune italiano di competenza una conferma di avvenuta trascrizione dell\u2019atto di nascita.<\/strong><\/p>\n<p><strong>NUOVI CASI DI ACQUISTO DELLA CITTADINANZA ALL\u2019ESTERO (FIGLI MINORENNI DI CITTADINI CHE NON TRASMETTONO AUTOMATICAMENTE LA CITTADINANZA ITALIANA<\/strong><\/p>\n<p>Nei casi in cui i genitori non trasmettono automaticamente la cittadinanza italiana ai figli (per esempio cittadini che hanno acquisito la cittadinanza <em>iure sanguinis <\/em>da un bisnonno cittadino italiano) si configura l\u2019ipotesi di <strong>acquisto della cittadinanza per beneficio di legge<\/strong>.<\/p>\n<p>In questo caso entrambi i genitori dovranno presentare una <u>dichiarazione di volont\u00e0 di acquisto della<\/u> <u>cittadinanza <strong>entro 3 anni dalla nascita del figlio se questi \u00e8 nato dopo il 24 maggio 2025<\/strong><\/u>.<\/p>\n<p><strong><u>Per i figli minorenni alla data di entrata in vigore della legge (24 maggio 2025) <\/u><\/strong><u>la dichiarazione<\/u> <u>di volont\u00e0 di acquisto della cittadinanza dovr\u00e0 essere presentata da entrambi i genitori entro e non<\/u> <u>oltre il <strong>31 maggio 2026<\/strong>.<\/u><\/p>\n<p>La dichiarazione di volont\u00e0 di acquisto della cittadinanza italiana deve essere sottoscritta personalmente da entrambi i genitori alla presenza di un impiegato consolare delegato alle funzioni di stato civile. Alla dichiarazione dovr\u00e0 essere allegato:<\/p>\n<ol>\n<li>certificato di nascita del minore (in originale e su formato internazionale);<\/li>\n<li>certificato di cittadinanza straniera del minore;<\/li>\n<li>l\u2019atto di nascita integrale, rilasciato dal Comune italiano, del padre o della madre cittadini per nascita (oppure certificato di cittadinanza italiana del padre o della madre)<\/li>\n<li>per ciascun genitore e per il neonato <strong>Meldebescheinigung gem\u00e4\u00df \u00a7 18 BMG <\/strong>(si prega di fare riferimento al fac-simile presente a pag. 5 per prendere visione di tutti i dati obbligatori che il certificato deve riportare) rilasciata dal Comune tedesco di residenza con l\u2019indicazione delle cittadinanze possedute e della data di arrivo in Germania<\/li>\n<\/ol>\n<p>Questo Consolato Generale si riserva il diritto di chiedere ulteriore documentazione qualora lo ritenga necessario.<\/p>\n<p>Si ricorda che in questo caso <strong>il minore non acquista la cittadinanza dal momento della nascita, ma dal giorno successivo alla dichiarazione dei genitori<\/strong>.<\/p>\n<p><u>Si noti bene che se i genitori del minore decidono di non effettuare la suddetta dichiarazione, si ritiene<\/u> <u>comunque che il minore possegga un\u2019altra cittadinanza e pertanto non avr\u00e0 diritto alla<\/u> <u>trasmissione<\/u> <u>della cittadinanza italiana con questo criterio.<\/u><\/p>\n<p><strong>Si ribadisce che le modifiche normative in materia di cittadinanza escludono la trasmissione della cittadinanza italiana se il minore nato all\u2019estero da genitore italiano non rientra in una delle categorie sopra esposte.<\/strong><\/p>\n<p><strong>DOCUMENTAZIONE DA SPEDIRE PER REGISTRARE UNA NASCITA AVVENUTA IN GERMANIA<\/strong><\/p>\n<p><strong>\u00a0<\/strong><\/p>\n<ul>\n<li>modulo di richiesta debitamente compilato e firmato da entrambi i genitori del minore (<a href=\"https:\/\/conshannover.esteri.it\/wp-content\/uploads\/2025\/11\/Modello-richiesta-di-trascrizione-atto-di-nascita.pdf\">modulo<\/a> <a href=\"https:\/\/conshannover.esteri.it\/wp-content\/uploads\/2025\/11\/Modello-richiesta-di-trascrizione-atto-di-nascita.pdf\">di domanda<\/a>)<\/li>\n<li>fotocopia dei documenti d\u2019identit\u00e0 dei genitori<\/li>\n<li>giustificativo della richiesta di trascrizione a seconda del caso (vedi casistica sopraindicata)<\/li>\n<li>atto di nascita <strong>in originale <\/strong>del\/della minore su modello internazionale plurilingue (<em>Internationale Geburtsurkunde<\/em>)<\/li>\n<\/ul>\n<p><strong>Per i figli nati fuori dal matrimonio <\/strong>oltre alla documentazione suindicata:<\/p>\n<ul>\n<li>riconoscimento di maternit\u00e0 (<em>Mutterschaftsanerkennung<\/em>) <strong>in originale <\/strong>o <em>beglaubigte Kopie<\/em><\/li>\n<\/ul>\n<p>(copia certificata conforme all\u2019originale) con allegata <strong>traduzione in italiano<\/strong><\/p>\n<ul>\n<li>riconoscimento di paternit\u00e0 (<em>Vaterschaftsanerkennung<\/em>) <strong>in originale <\/strong>o <em>beglaubigte Kopie <\/em>(copia certificata conforme all\u2019originale) con allegata <strong>traduzione in italiano<\/strong><\/li>\n<\/ul>\n<p><strong>\u00a0<\/strong>Un elenco di <a href=\"https:\/\/conshannover.esteri.it\/wp-content\/uploads\/2025\/02\/Elenco-traduttori-giuratiAgg56.pdf\">traduttori giurati<\/a> \u00e8 disponibile sul nostro sito.<\/p>\n<p>&nbsp;<\/p>\n<p>Per ulteriori informazioni \u00e8 possibile contattare l\u2019ufficio competente \u2013 per e-mail: <a href=\"mailto:statocivile.hannover@esteri.it\"><strong>statocivile.hannover@esteri.it<\/strong><\/a><\/p>\n<p><strong>Meldebescheinigung gem\u00e4\u00df \u00a718 BMG_Dati obbligatori<\/strong><\/p>\n<p><strong>1. Familienname<\/strong>:<\/p>\n<p><strong>2. Fr\u00fchere Namen<\/strong>:<\/p>\n<p><strong>3. Vornamen unter Kennzeichnung des gebr\u00e4uchlichen Vornamens<\/strong>:<\/p>\n<ol start=\"4\">\n<li><strong>&#8211;<\/strong><strong>&#8211;<\/strong><\/li>\n<\/ol>\n<p><strong>\u00a05. <\/strong><strong>&#8211;<\/strong><strong>&#8211;<\/strong><\/p>\n<p><strong>\u00a06. <\/strong><strong>Geburtsdatum und Geburtsort sowie bei Geburt im Ausland auch den Staat<\/strong>:<\/p>\n<ul>\n<li><strong>Geburtsdatum<\/strong>:<\/li>\n<li><strong>Geburtsort<\/strong>:<\/li>\n<li><strong>Staat bei Geburt im Ausland<\/strong>:<\/li>\n<\/ul>\n<p>7. <strong>Geschlecht<\/strong>:<\/p>\n<ol start=\"8\">\n<li><strong>&#8212;<\/strong><strong>&#8211;<\/strong><\/li>\n<\/ol>\n<p><strong>\u00a09. <\/strong><strong>&#8212;<\/strong><strong>&#8211;<\/strong><\/p>\n<p><strong>\u00a010. <\/strong><strong>Derzeitige Staatsangeh\u00f6rigkeiten<\/strong>:<\/p>\n<ol start=\"11\">\n<li><strong>&#8211;<\/strong><strong>&#8211;<\/strong><\/li>\n<\/ol>\n<p><strong>\u00a012. <\/strong><strong>Derzeitige Anschriften, fr\u00fchere Anschriften im Zust\u00e4ndigkeitsbereich der Meldebeh\u00f6rde sowie Anschrift der letzten alleinigen Wohnung oder Hauptwohnung und der letzten Nebenwohnungen au\u00dferhalb des Zust\u00e4ndigkeitsbereichs der Meldebeh\u00f6rde, gekennzeichnet nach Haupt- und Nebenwohnung, bei Zuzug aus dem Ausland auch den Staat und die letzte Anschrift im Inland, bei Wegzug in das Ausland auch die Zuzugsanschrift im Ausland und den Staat<\/strong>:<\/p>\n<ul>\n<li><strong>Derzeitige Anschrift<\/strong>:<\/li>\n<li><strong>Fr\u00fchere Anschriften<\/strong>:<\/li>\n<li><strong>Letzte Wohnung\/Hauptwohnung<\/strong>:<\/li>\n<li><strong>Letzte Nebenwohnungen<\/strong>:<\/li>\n<\/ul>\n<ol start=\"13\">\n<li><strong>Einzugsdatum, Auszugsdatum, Datum des letzten Wegzugs aus einer Wohnung im Inland sowie Datum des letzten Zuzugs aus dem Ausland<\/strong>:<\/li>\n<\/ol>\n<ul>\n<li><strong>Einzugsdatum<\/strong>:<\/li>\n<li><strong>Auszugsdatum<\/strong>:<\/li>\n<li><strong>Datum des letzten Wegzugs aus einer Wohnung im Inland<\/strong>:<\/li>\n<li><strong>Datum des letzten Zuzugs aus dem Ausland<\/strong>:<\/li>\n<\/ul>\n","protected":false},"excerpt":{"rendered":"A seguito della conversione in Legge del DL n.36\/2025, la cittadinanza italiana non si trasmette pi\u00f9 automaticamente ai minori nati all\u2019estero, ma si trasmette soltanto se ricorre una delle condizioni di seguito elencate. Il\/La minore nato\/a all\u2019estero da genitore\/i italiano\/i \u00e8 cittadino\/a italiano\/a se: NON \u00c8 IN POSSESSO DI ALTRA CITTADINANZA, \u00c8 CIO\u00c8 ESCLUSIVAMENTE CITTADINO\/A [&hellip;]","protected":false},"author":8,"featured_media":0,"parent":86,"menu_order":1,"comment_status":"closed","ping_status":"closed","template":"","meta":{"footnotes":""},"class_list":["post-6243","page","type-page","status-publish","hentry"],"_links":{"self":[{"href":"https:\/\/conshannover.esteri.it\/it\/wp-json\/wp\/v2\/pages\/6243","targetHints":{"allow":["GET"]}}],"collection":[{"href":"https:\/\/conshannover.esteri.it\/it\/wp-json\/wp\/v2\/pages"}],"about":[{"href":"https:\/\/conshannover.esteri.it\/it\/wp-json\/wp\/v2\/types\/page"}],"author":[{"embeddable":true,"href":"https:\/\/conshannover.esteri.it\/it\/wp-json\/wp\/v2\/users\/8"}],"replies":[{"embeddable":true,"href":"https:\/\/conshannover.esteri.it\/it\/wp-json\/wp\/v2\/comments?post=6243"}],"version-history":[{"count":3,"href":"https:\/\/conshannover.esteri.it\/it\/wp-json\/wp\/v2\/pages\/6243\/revisions"}],"predecessor-version":[{"id":6252,"href":"https:\/\/conshannover.esteri.it\/it\/wp-json\/wp\/v2\/pages\/6243\/revisions\/6252"}],"up":[{"embeddable":true,"href":"https:\/\/conshannover.esteri.it\/it\/wp-json\/wp\/v2\/pages\/86"}],"wp:attachment":[{"href":"https:\/\/conshannover.esteri.it\/it\/wp-json\/wp\/v2\/media?parent=6243"}],"curies":[{"name":"wp","href":"https:\/\/api.w.org\/{rel}","templated":true}]}}