{"id":781,"date":"2023-06-21T10:37:58","date_gmt":"2023-06-21T08:37:58","guid":{"rendered":"https:\/\/conshannover.esteri.it\/?page_id=781"},"modified":"2024-08-27T15:00:39","modified_gmt":"2024-08-27T13:00:39","slug":"studi","status":"publish","type":"page","link":"https:\/\/conshannover.esteri.it\/it\/servizi-consolari\/servizi-per-il-cittadino-italiano\/studi\/","title":{"rendered":"Studi"},"content":{"rendered":"<p>L&#8217;Ufficio Studi fornisce informazioni e consulenza per l&#8217;iscrizione a Scuole e Universit\u00e0 in Italia e rilascia le necessarie dichiarazioni di valore per i titoli conseguiti presso Scuole e Universit\u00e0 della circoscrizione consolare perch\u00e8 gli interessati possano ottenere l\u2019equipollenza dei titoli di studio primari e secondari con analoghi titoli italiani, l\u2019iscrizione a scuole ed Universit\u00e0 italiane, il riconoscimento in Italia degli studi universitari e l\u2019assegnazione di borse di studio.<\/p>\n<p>Per informazioni su <strong>dichiarazioni di valore ed equipollenza titoli<\/strong>, sugli <strong>enti gestori<\/strong> e sulle <strong>Universit\u00e0<\/strong> contattare:<\/p>\n<p>Tel.: 0511 28379 21<br \/>\nEmail: <a href=\"mailto:segreteria.hannover@esteri.it\">segreteria.hannover@esteri.it<\/a><\/p>\n<p>&nbsp;<\/p>\n<p>Per informazioni specifiche sullo s<strong>tudio dell\u2019Italiano<\/strong>, le <strong>iniziative scolastiche<\/strong>, i <strong>corsi di lingua<\/strong> e i <strong>rapporti con gli enti gestori<\/strong>, si prega di contattare l\u2019Ufficio Scuole dell\u2019Ambasciata d\u2019Italia a Berlino, competente per estensione territoriale:<\/p>\n<p><a href=\"https:\/\/ambberlino.esteri.it\/it\/italia-e-germania\/diplomazia-culturale\/scuole-e-universita\/scuole\/\">\u00a0Ambasciata d&#8217;Italia a Berlino &#8211; Ufficio Scuole<\/a><br \/>\nEmail: <a href=\"mailto:scuole.berlino@esteri.it\">scuole.berlino@esteri.it<\/a><br \/>\nTel.: 030 25440181<\/p>\n<p>&nbsp;<\/p>\n<p>&nbsp;<\/p>\n<p>Graduatorie definitive per il conferimento di supplenze per posti di contingente statale nelle istituzioni scolastiche all`estero previste dal D.L.vo 16.4.94 n. 297 e successive modifiche (D.M. 3399 del 15 maggio 2012)<\/p>\n<p><a href=\"https:\/\/conshannover.esteri.it\/wp-content\/uploads\/2023\/06\/50106_f_cons57DomandeEsclusi.pdf\"><u>Domande esclusi<\/u><\/a><br \/>\n<a href=\"https:\/\/conshannover.esteri.it\/wp-content\/uploads\/2023\/06\/50107_f_cons57GraduatoriaA044.pdf\"><u>Graduatoria A044<\/u><\/a><br \/>\n<a href=\"https:\/\/conshannover.esteri.it\/wp-content\/uploads\/2023\/06\/50108_f_cons57GraduatoriaA051.pdf\"><u>Graduatoria A051<\/u><\/a><\/p>\n<p><a href=\"https:\/\/conshannover.esteri.it\/wp-content\/uploads\/2023\/06\/50109_f_cons57GraduatoriaEEEE1.pdf\"><u>Graduatoria EEEE<\/u><\/a><\/p>\n","protected":false},"excerpt":{"rendered":"L&#8217;Ufficio Studi fornisce informazioni e consulenza per l&#8217;iscrizione a Scuole e Universit\u00e0 in Italia e rilascia le necessarie dichiarazioni di valore per i titoli conseguiti presso Scuole e Universit\u00e0 della circoscrizione consolare perch\u00e8 gli interessati possano ottenere l\u2019equipollenza dei titoli di studio primari e secondari con analoghi titoli italiani, l\u2019iscrizione a scuole ed Universit\u00e0 italiane, [&hellip;]","protected":false},"author":3,"featured_media":0,"parent":59,"menu_order":10,"comment_status":"closed","ping_status":"closed","template":"","meta":{"footnotes":""},"class_list":["post-781","page","type-page","status-publish","hentry"],"_links":{"self":[{"href":"https:\/\/conshannover.esteri.it\/it\/wp-json\/wp\/v2\/pages\/781","targetHints":{"allow":["GET"]}}],"collection":[{"href":"https:\/\/conshannover.esteri.it\/it\/wp-json\/wp\/v2\/pages"}],"about":[{"href":"https:\/\/conshannover.esteri.it\/it\/wp-json\/wp\/v2\/types\/page"}],"author":[{"embeddable":true,"href":"https:\/\/conshannover.esteri.it\/it\/wp-json\/wp\/v2\/users\/3"}],"replies":[{"embeddable":true,"href":"https:\/\/conshannover.esteri.it\/it\/wp-json\/wp\/v2\/comments?post=781"}],"version-history":[{"count":6,"href":"https:\/\/conshannover.esteri.it\/it\/wp-json\/wp\/v2\/pages\/781\/revisions"}],"predecessor-version":[{"id":3331,"href":"https:\/\/conshannover.esteri.it\/it\/wp-json\/wp\/v2\/pages\/781\/revisions\/3331"}],"up":[{"embeddable":true,"href":"https:\/\/conshannover.esteri.it\/it\/wp-json\/wp\/v2\/pages\/59"}],"wp:attachment":[{"href":"https:\/\/conshannover.esteri.it\/it\/wp-json\/wp\/v2\/media?parent=781"}],"curies":[{"name":"wp","href":"https:\/\/api.w.org\/{rel}","templated":true}]}}