{"id":842,"date":"2023-06-21T11:35:21","date_gmt":"2023-06-21T09:35:21","guid":{"rendered":"https:\/\/conshannover.esteri.it\/?page_id=842"},"modified":"2023-06-23T10:46:38","modified_gmt":"2023-06-23T08:46:38","slug":"universita","status":"publish","type":"page","link":"https:\/\/conshannover.esteri.it\/it\/servizi-consolari\/servizi-per-il-cittadino-italiano\/studi\/studio-della-lingua-italiana-nella-circoscrizione-consolare-di-hannover\/universita\/","title":{"rendered":"Universit\u00e0"},"content":{"rendered":"<p><a href=\"https:\/\/conshannover.esteri.it\/wp-content\/uploads\/2023\/06\/46646_f_cons5713SezionidiItalianisticapressoDipartimentidiRomani.pdf\"><strong>Sezioni di Italianistica presso Dipartimenti di Romanistica<br \/>\nnelle Universit\u00e0 della Circoscrizione Consolare di Hannover\u00a0<\/strong><\/a><\/p>\n<p>&nbsp;<\/p>\n<p>Dopo la soppressione della sede Consolare di Amburgo (30 giugno 2011), il Consolato Generale di Hannover \u00e8 rimasto il centro istituzionale di riferimento per la diffusione della lingua e della cultura italiane pi\u00f9 importante per i 5 L\u00e4nder che fanno parte della Circoscrizione Consolare.<br \/>\nAttualmente, l\u2019unico lettore di italiano di nomina ministeriale \u00e8 quello operante presso l\u2019Universit\u00e0 di\u00a0<strong><u>Rostock<\/u><\/strong>. Fino al 2006 era attivo un lettorato anche presso l\u2019Universit\u00e0 di Hannover.\u00a0\u00a0Come \u00e8 noto, il Governo della Bassa Sassonia, nonostante l\u2019interesse per lo studio della lingua italiana, attestato dalla crescente richiesta da parte degli studenti, per motivi relativi all\u2019organizzazione didattica dell\u2019Universit\u00e0 e a seguito dei difficili rapporti professionali intercorsi tra alcuni docenti e taluni membri dello staff direttivo, sospese le attivit\u00e0 didattiche di\u00a0\u00a0Italianistica presso l\u2019Universit\u00e0 di Hannover gi\u00e0 nel 2003; il mantenimento dei corsi fu garantito fino al 2006, ad esaurimento di quegli studenti che si erano iscritti prima del 2003. Poich\u00e9 si riscontrano mutamenti nella situazione istituzionale, si ritiene importante riattivare il lettorato di italiano presso l\u2019Universit\u00e0 di Hannover, fattore irrinunciabile per la promozione e la diffusione della lingua italiana.\u00a0\u00a0\u00c8 infatti molto probabile che, in seguito a cambiamenti di gestione entro gli organi direttivi dell\u2019Universit\u00e0, vengano a cadere i motivi di urto e di conseguenza si ritorni sulla decisione presa a suo tempo dal Governo della Bassa Sassonia, riaprendo le iscrizioni. Il Consolato Generale d\u2019Italia di Hannover ritiene indispensabile istituire\u00a0\u00a0un posto di Lettore di lingua italiana presso l\u2019Universit\u00e0 di\u00a0Hannover\u00a0soprattutto in una fase, come quella attuale, nella quale l\u2019agguerrita offerta di insegnamento dello spagnolo e, sia pure in minore misura, del francese potrebbe drasticamente ridurre il numero di studenti interessati allo studio dell\u2019italiano.<\/p>\n<p>La lingua italiana viene studiata, comunque, in numerose\u00a0<a href=\"https:\/\/conshannover.esteri.it\/wp-content\/uploads\/2023\/06\/46646_f_cons5713SezionidiItalianisticapressoDipartimentidiRomani.pdf\"><strong><u>Universit\u00e0<\/u><\/strong>\u00a0<\/a>presenti nella Circoscrizione Consolare di Hannover.<\/p>\n<p>&nbsp;<\/p>\n","protected":false},"excerpt":{"rendered":"Sezioni di Italianistica presso Dipartimenti di Romanistica nelle Universit\u00e0 della Circoscrizione Consolare di Hannover\u00a0 &nbsp; Dopo la soppressione della sede Consolare di Amburgo (30 giugno 2011), il Consolato Generale di Hannover \u00e8 rimasto il centro istituzionale di riferimento per la diffusione della lingua e della cultura italiane pi\u00f9 importante per i 5 L\u00e4nder che fanno [&hellip;]","protected":false},"author":3,"featured_media":0,"parent":823,"menu_order":0,"comment_status":"closed","ping_status":"closed","template":"","meta":{"footnotes":""},"class_list":["post-842","page","type-page","status-publish","hentry"],"_links":{"self":[{"href":"https:\/\/conshannover.esteri.it\/it\/wp-json\/wp\/v2\/pages\/842","targetHints":{"allow":["GET"]}}],"collection":[{"href":"https:\/\/conshannover.esteri.it\/it\/wp-json\/wp\/v2\/pages"}],"about":[{"href":"https:\/\/conshannover.esteri.it\/it\/wp-json\/wp\/v2\/types\/page"}],"author":[{"embeddable":true,"href":"https:\/\/conshannover.esteri.it\/it\/wp-json\/wp\/v2\/users\/3"}],"replies":[{"embeddable":true,"href":"https:\/\/conshannover.esteri.it\/it\/wp-json\/wp\/v2\/comments?post=842"}],"version-history":[{"count":3,"href":"https:\/\/conshannover.esteri.it\/it\/wp-json\/wp\/v2\/pages\/842\/revisions"}],"predecessor-version":[{"id":931,"href":"https:\/\/conshannover.esteri.it\/it\/wp-json\/wp\/v2\/pages\/842\/revisions\/931"}],"up":[{"embeddable":true,"href":"https:\/\/conshannover.esteri.it\/it\/wp-json\/wp\/v2\/pages\/823"}],"wp:attachment":[{"href":"https:\/\/conshannover.esteri.it\/it\/wp-json\/wp\/v2\/media?parent=842"}],"curies":[{"name":"wp","href":"https:\/\/api.w.org\/{rel}","templated":true}]}}