{"id":85,"date":"2023-04-03T19:28:49","date_gmt":"2023-04-03T17:28:49","guid":{"rendered":"https:\/\/consolatozurigo.esteri.it\/?page_id=85"},"modified":"2025-10-14T12:21:06","modified_gmt":"2025-10-14T10:21:06","slug":"anagrafe-degli-italiani-residenti-allestero-aire","status":"publish","type":"page","link":"https:\/\/conshannover.esteri.it\/it\/servizi-consolari\/servizi-per-il-cittadino-italiano\/anagrafe-degli-italiani-residenti-allestero-aire\/","title":{"rendered":"Anagrafe degli Italiani residenti all\u2019estero (AIRE)"},"content":{"rendered":"<p><a href=\"https:\/\/conshannover.esteri.it\/wp-content\/uploads\/2023\/08\/anagrafe-ITA-vers.-23.03.2021_Aggiornato09082023.pdf\"><strong><u>Anagrafe Italiani residenti all&#8217;estero (A.I.R.E.)<\/u><\/strong><\/a><\/p>\n<p><a href=\"https:\/\/www.esteri.it\/it\/servizi-consolari-e-visti\/normativa_consolare\/serviziconsolari\/anagrafeconsolare\/6-buoni-motivi-per-iscriverti-allaire\/\"><img loading=\"lazy\" decoding=\"async\" class=\"alignnone wp-image-2675 img-fluid\" src=\"https:\/\/conshannover.esteri.it\/wp-content\/uploads\/2024\/01\/Anagrafe-300x148.png\" alt=\"\" width=\"670\" height=\"330\" \/><\/a><\/p>\n<p style=\"text-align: center;\"><strong>\u00a0<a href=\"https:\/\/www.esteri.it\/it\/servizi-consolari-e-visti\/normativa_consolare\/serviziconsolari\/anagrafeconsolare\/6-buoni-motivi-per-iscriverti-allaire\/\">CLICCA QUI PER SCOPRIRE TUTTE LE INFORMAZIONI<\/a><\/strong><\/p>\n<p>&nbsp;<\/p>\n<p style=\"text-align: left;\"><strong>Cosa \u00e8 l&#8217;A.I.R.E.?<\/strong><\/p>\n<p>Nell\u2019anagrafe degli italiani all\u2019estero (AIRE) sono registrati i cittadini italiani che risiedono all\u2019estero.<\/p>\n<p>L\u2019iscrizione all\u2019A.I.R.E. \u00e8, inoltre, un diritto-dovere del cittadino (art. 6, L. 470\/1988) e costituisce il presupposto per usufruire dei servizi consolari forniti dalle Rappresentanze all\u2019estero, nonch\u00e9 per l\u2019esercizio di importanti servizi consolari (rilascio di documenti e dichiarazioni), di alcuni benefici fiscali ed economici (es.: riduzione tariffe per le utenze ENEL nettezza urbana, mutui agevolati per la costruzione o ristrutturazione di immobili) nonch\u00e9 per poter esercitare il diritto di voto all\u2019estero.<\/p>\n<p>\ud83d\udce3\u200b<strong><em>\u200b ATTENZIONE! <\/em><\/strong>si segnala che la Legge 30 dicembre 2023, n. 213 recante il\u00a0<em>Bilancio di previsione dello Stato per l\u2019anno finanziario 2024 e bilancio pluriennale per il triennio 2024-2026<\/em>\u00a0ha introdotto alcune importanti modifiche relativamente alle iscrizioni anagrafiche. Nello specifico, l\u2019art. 1 comma 242, modificando la Legge n. 1228 del 24 dicembre 1954, introduce misure pi\u00f9 severe per chi, spostando\u00a0<u>anche solo di fatto<\/u>\u00a0la propria residenza all\u2019estero, non ottempera all\u2019iscrizione all\u2019AIRE. Nello specifico, il novellato art. 11 della prefata L. 1228\/1954 permette ai Comuni italiani di erogare\u00a0<strong>una sanzione da 200 Euro fino ad un massimo di 1.000 Euro a persona per ogni anno di mancata iscrizione all\u2019AIRE<\/strong>\u00a0e fino ad un massimo di 5 anni.<\/p>\n<p>ACHTUNG! Bitte beachten Sie, dass das Gesetz Nr. 213 vom 30. Dezember 2023, das den Staatshaushalt f\u00fcr das Haushaltsjahr 2024 und den Mehrjahreshaushalt f\u00fcr den Dreijahreszeitraum 2024-2026 enth\u00e4lt, einige wichtige \u00c4nderungen in Bezug auf das Meldewesen eingef\u00fchrt hat. Insbesondere Art. 1 Abs. 242, der das Gesetz Nr. 1228 vom 24. Dezember 1954 \u00e4ndert, f\u00fchrt strengere Ma\u00dfnahmen f\u00fcr diejenigen ein, die ihren Wohnsitz ins Ausland verlegen und sich nicht an die AIRE-Registrierung halten, auch wenn dies nur de facto geschieht. Konkret erm\u00f6glicht der ge\u00e4nderte Artikel 11 des genannten Gesetzes 1228\/1954 den italienischen St\u00e4dten\/Gemeinden die Verh\u00e4ngung einer Geldstrafe von 200 Euro bis zu einem H\u00f6chstbetrag von 1.000 Euro pro Person f\u00fcr jedes Jahr der Nichtregistrierung bei der AIRE und bis zu einer H\u00f6chstdauer von f\u00fcnf Jahren.<\/p>\n<p>&nbsp;<\/p>\n<p><strong>Chi si deve iscrivere all\u2018AIRE <\/strong><\/p>\n<p><strong>\u00a0<\/strong>\u00c8 <strong>obbligato<\/strong> ad iscriversi in AIRE il cittadino italiano che intende trasferire la propria residenza all\u2019estero per un periodo <u>superiore<\/u> <u>ai dodici mesi<\/u> e per i suoi familiari conviventi.<\/p>\n<p>L\u2019iscrizione deve essere richiesta al Consolato competente <u>entro 90 giorni<\/u> dal trasferimento della residenza.<\/p>\n<ul>\n<li><em>Per i minori che <u>non convivono con entrambi i genitori<\/u>, \u00e8 di norma richiesto <\/em><a href=\"https:\/\/conshannover.esteri.it\/it\/servizi-consolari-e-visti\/servizi-per-il-cittadino-italiano\/modulistica\/\"><em>l&#8217;assenso<\/em><\/a> <em>all&#8217;iscrizione sottoscritto dal genitore non convivente, unitamente ad una copia del suo documento di identit\u00e0. La firma di cittadini di Paesi non aderenti all&#8217;Unione Europea deve essere autenticata da un notaio o dal Comune di residenza. <\/em><\/li>\n<\/ul>\n<p><em>\u00a0<\/em><strong>Chi <u>NON <\/u>si deve iscrivere all\u2018AIRE<\/strong><\/p>\n<ul>\n<li>i cittadini che si recano all\u2019estero per un periodo di tempo inferiore ad un anno;<\/li>\n<li>i lavoratori stagionali;<\/li>\n<li>i dipendenti di ruolo dello Stato in servizio all\u2019estero, che siano notificati ai sensi delle Convenzioni di Vienna sulle relazioni diplomatiche e sulle relazioni consolari rispettivamente del 1961 e del 1963;<\/li>\n<li>i militari italiani in servizio presso gli uffici e le strutture della NATO dislocate all\u2019estero.<\/li>\n<\/ul>\n<p>L\u2019iscrizione all\u2019A.I.R.E. \u00e8\u00a0<strong>GRATUITA<\/strong>.<\/p>\n<p>&nbsp;<\/p>\n<p><strong>Come ci si iscrive all&#8217;A.I.R.E. <\/strong><\/p>\n<h2>Attraverso il portale online FAST IT<\/h2>\n<p>Il modo pi\u00f9 semplice e veloce \u00e8 di utilizzare il <a href=\"https:\/\/conshannover.esteri.it\/it\/servizi-consolari-e-visti\/servizi-per-il-cittadino-italiano\/anagrafe-degli-italiani-residenti-allestero-aire\/il-portale-dei-servizi-consolari\/\">portale FAST IT<\/a> attraverso il quale si\u00a0 pu\u00f2 compilare la richiesta comodamente dal proprio computer di casa e trasmettere online:<\/p>\n<ul>\n<li>copia del documento di riconoscimento (passaporto o carta di identit\u00e0) sulla quale l\u2019interessato abbia apposto la sua firma;<\/li>\n<li>copia del certificato di residenza di data recente (<em>Meldebescheinigung<\/em>) semplice o cumulativo in presenza di familiari<\/li>\n<\/ul>\n<p><em><strong>N.B.<br \/>\n<\/strong><\/em><em>In alternativa al certificato di residenza pu\u00f2 essere presentato un contratto di lavoro, o una bolletta relativa ad utenze residenziali (acqua, luce, gas, telefono di linea fissa, etc.) da cui si possa appurare che chi richiede l\u2019iscrizione in AIRE sia effettivamente residente nella circoscrizione consolare di Hannover.<\/em><\/p>\n<p>&nbsp;<\/p>\n<h2>\u00a7 Per posta o personalmente<\/h2>\n<p>In alternativa la richiesta pu\u00f2 essere spedita per posta ordinaria o presentata di persona durante gli orari di apertura degli uffici.<\/p>\n<p>In questi casi, oltre a copia della documentazione citata sopra, dovr\u00e0 anche essere presentato il <a href=\"https:\/\/conshannover.esteri.it\/it\/servizi-consolari-e-visti\/servizi-per-il-cittadino-italiano\/modulistica\/\">modulo di richiesta<\/a> di iscrizione AIRE, scaricabile dal nostro sito web.<\/p>\n<ul>\n<li><em><u>Le domande presentate con posta ordinaria avranno tempi di esecuzione pi\u00f9 lunghi<\/u><\/em><em>; <\/em><\/li>\n<\/ul>\n<p><em>\u00a0<\/em><\/p>\n<p><strong>Variazione dei dati di iscrizione all&#8217;A.I.R.E. <\/strong><\/p>\n<ul>\n<li>Per le variazioni che coinvolgono cambi di indirizzo all\u2019interno la stessa circoscrizione consolare si prega di comunicarli attraverso gli stessi canali dell\u2019iscrizione citati sopra, utilizzando il portale FAST It.<\/li>\n<li>Per i trasferimenti da una circoscrizione consolare all\u2019altra si consiglia comunque di contattare il Consolato di destinazione e di effettuare il cambio di circoscrizione entro i 90 giorni dall\u2019emigrazione.<\/li>\n<\/ul>\n<h2>RIMPATRIO<\/h2>\n<p>Prima di rientrare definitivamente in Italia \u00e8 necessario effettuare la cancellazione presso il comune tedesco (\u201c<strong>Abmeldung<\/strong>\u201d).<\/p>\n<p>Nel caso di rimpatrio<strong><u>, \u00e8 obbligatorio rivolgersi direttamente all\u2019Ufficio Anagrafe<\/u> <u>del Comune di rimpatrio<\/u><\/strong> in Italia per essere iscritti all\u2019Anagrafe della Popolazione Residente (APR).<\/p>\n<p><strong><em>N.B. <\/em><\/strong><\/p>\n<p><em>L&#8217;iscrizione all&#8217;AIRE comporta, salvo alcune eccezioni, la cancellazione dal Servizio Sanitario Nazionale che continuer\u00e0 tuttavia ad assicurare in caso di <u>soggiorno temporaneo in Italia<\/u>, le prestazioni sanitarie urgenti.\u00a0 <\/em><\/p>\n<p><em>L&#8217;assistenza medica al cittadino che abbia trasferito la residenza in Germania spetta dunque alla cassa malattia tedesca (pubblica o privata) alla quale il cittadino italiano residente in Germania ha l&#8217;obbligo di iscriversi.<\/em><\/p>\n<p>\u00d8 <em>Per maggiori informazioni consultare: <\/em><\/p>\n<p>&nbsp;<\/p>\n<ul>\n<li><a href=\"https:\/\/conshannover.esteri.it\/wp-content\/uploads\/2023\/06\/web_ri_guidaaiserviziconsolari_1e21_esecutivo.pdf\">Guida per chi si trasferisce in Germania<\/a><\/li>\n<li><a href=\"https:\/\/conshannover.esteri.it\/wp-content\/uploads\/2023\/06\/Guida-Krankenkasse-Germania.pdf\">Guida al sistema sanitario tedesco<\/a><\/li>\n<\/ul>\n<h2><em>Per maggiori informazioni: <\/em>anagrafe.hannover@esteri.it<\/h2>\n<p><strong> <a href=\"https:\/\/www.esteri.it\/mae\/it\/servizi\/italiani-all-estero\/aire_0.html\">Informazioni generali sul sito del Ministero degli affari esteri e della coo<\/a><a href=\"https:\/\/www.esteri.it\/mae\/it\/servizi\/italiani-all-estero\/aire_0.html\">perazione internazionale<\/a><\/strong><\/p>\n<p>&nbsp;<\/p>\n","protected":false},"excerpt":{"rendered":"Anagrafe Italiani residenti all&#8217;estero (A.I.R.E.) \u00a0CLICCA QUI PER SCOPRIRE TUTTE LE INFORMAZIONI &nbsp; Cosa \u00e8 l&#8217;A.I.R.E.? Nell\u2019anagrafe degli italiani all\u2019estero (AIRE) sono registrati i cittadini italiani che risiedono all\u2019estero. L\u2019iscrizione all\u2019A.I.R.E. \u00e8, inoltre, un diritto-dovere del cittadino (art. 6, L. 470\/1988) e costituisce il presupposto per usufruire dei servizi consolari forniti dalle Rappresentanze all\u2019estero, nonch\u00e9 [&hellip;]","protected":false},"author":1,"featured_media":0,"parent":59,"menu_order":4,"comment_status":"closed","ping_status":"closed","template":"","meta":{"footnotes":""},"class_list":["post-85","page","type-page","status-publish","hentry"],"_links":{"self":[{"href":"https:\/\/conshannover.esteri.it\/it\/wp-json\/wp\/v2\/pages\/85","targetHints":{"allow":["GET"]}}],"collection":[{"href":"https:\/\/conshannover.esteri.it\/it\/wp-json\/wp\/v2\/pages"}],"about":[{"href":"https:\/\/conshannover.esteri.it\/it\/wp-json\/wp\/v2\/types\/page"}],"author":[{"embeddable":true,"href":"https:\/\/conshannover.esteri.it\/it\/wp-json\/wp\/v2\/users\/1"}],"replies":[{"embeddable":true,"href":"https:\/\/conshannover.esteri.it\/it\/wp-json\/wp\/v2\/comments?post=85"}],"version-history":[{"count":6,"href":"https:\/\/conshannover.esteri.it\/it\/wp-json\/wp\/v2\/pages\/85\/revisions"}],"predecessor-version":[{"id":5771,"href":"https:\/\/conshannover.esteri.it\/it\/wp-json\/wp\/v2\/pages\/85\/revisions\/5771"}],"up":[{"embeddable":true,"href":"https:\/\/conshannover.esteri.it\/it\/wp-json\/wp\/v2\/pages\/59"}],"wp:attachment":[{"href":"https:\/\/conshannover.esteri.it\/it\/wp-json\/wp\/v2\/media?parent=85"}],"curies":[{"name":"wp","href":"https:\/\/api.w.org\/{rel}","templated":true}]}}