{"id":98,"date":"2023-04-03T19:31:37","date_gmt":"2023-04-03T17:31:37","guid":{"rendered":"https:\/\/consolatozurigo.esteri.it\/?page_id=98"},"modified":"2023-07-07T10:18:45","modified_gmt":"2023-07-07T08:18:45","slug":"albo-consolare","status":"publish","type":"page","link":"https:\/\/conshannover.esteri.it\/it\/servizi-consolari\/servizi-per-il-cittadino-italiano\/altri-servizi\/albo-consolare\/","title":{"rendered":"Albo consolare"},"content":{"rendered":"<p><strong>CONSULENZA ALLE IMPRESE<\/strong><\/p>\n<p>&#8211;\u00a0<strong>ItalienZentrum Wirtschaft + Beratung GmbH<\/strong><br \/>\nGro\u00dfe Johannisstr. 19, 20457 Hamburg<br \/>\nSociet\u00e0 di consulenza commerciale | Wirtschaftsberatungsgesellschaft<br \/>\nTel.: 0049 (0)40 4929 8578 Fax: 0049 (0)40 49298580<br \/>\nStandortberatung | Consulenza luogo d&#8217;insediamento<br \/>\nAntikorruptions-Beratung | Consulenza anti-corruzione<br \/>\nSeminare | Seminari<br \/>\nCoaching &amp; Mediation<br \/>\nVortr\u00e4ge &amp; Veranstaltungen | relazioni &amp; eventi<br \/>\nRepr\u00e4sentative R\u00e4ume f\u00fcr Besprechungen zwischen Unternehmen | luoghi d&#8217;incontro di prima qualit\u00e0 per l&#8217;imprenditoria<\/p>\n","protected":false},"excerpt":{"rendered":"CONSULENZA ALLE IMPRESE &#8211;\u00a0ItalienZentrum Wirtschaft + Beratung GmbH Gro\u00dfe Johannisstr. 19, 20457 Hamburg Societ\u00e0 di consulenza commerciale | Wirtschaftsberatungsgesellschaft Tel.: 0049 (0)40 4929 8578 Fax: 0049 (0)40 49298580 Standortberatung | Consulenza luogo d&#8217;insediamento Antikorruptions-Beratung | Consulenza anti-corruzione Seminare | Seminari Coaching &amp; Mediation Vortr\u00e4ge &amp; Veranstaltungen | relazioni &amp; eventi Repr\u00e4sentative R\u00e4ume f\u00fcr Besprechungen zwischen [&hellip;]","protected":false},"author":1,"featured_media":0,"parent":94,"menu_order":0,"comment_status":"closed","ping_status":"closed","template":"","meta":{"footnotes":""},"class_list":["post-98","page","type-page","status-publish","hentry"],"_links":{"self":[{"href":"https:\/\/conshannover.esteri.it\/it\/wp-json\/wp\/v2\/pages\/98","targetHints":{"allow":["GET"]}}],"collection":[{"href":"https:\/\/conshannover.esteri.it\/it\/wp-json\/wp\/v2\/pages"}],"about":[{"href":"https:\/\/conshannover.esteri.it\/it\/wp-json\/wp\/v2\/types\/page"}],"author":[{"embeddable":true,"href":"https:\/\/conshannover.esteri.it\/it\/wp-json\/wp\/v2\/users\/1"}],"replies":[{"embeddable":true,"href":"https:\/\/conshannover.esteri.it\/it\/wp-json\/wp\/v2\/comments?post=98"}],"version-history":[{"count":2,"href":"https:\/\/conshannover.esteri.it\/it\/wp-json\/wp\/v2\/pages\/98\/revisions"}],"predecessor-version":[{"id":1077,"href":"https:\/\/conshannover.esteri.it\/it\/wp-json\/wp\/v2\/pages\/98\/revisions\/1077"}],"up":[{"embeddable":true,"href":"https:\/\/conshannover.esteri.it\/it\/wp-json\/wp\/v2\/pages\/94"}],"wp:attachment":[{"href":"https:\/\/conshannover.esteri.it\/it\/wp-json\/wp\/v2\/media?parent=98"}],"curies":[{"name":"wp","href":"https:\/\/api.w.org\/{rel}","templated":true}]}}